{"id":6868,"date":"2022-01-23T22:50:40","date_gmt":"2022-01-23T21:50:40","guid":{"rendered":"https:\/\/www.hml-fetish.de\/shop\/?post_type=product&#038;p=6868"},"modified":"2023-06-12T13:10:44","modified_gmt":"2023-06-12T11:10:44","slug":"sofakissen-bezug-aus-leder","status":"publish","type":"product","link":"https:\/\/www.hml-fetish.de\/shop\/sofakissen-bezug-aus-leder\/","title":{"rendered":"Sofakissen-Bezug aus Leder"},"content":{"rendered":"<p>Schwarzes, leicht gl\u00e4nzendes Rindnappa mit einem eingearbeiteten farbigen Lederstreifen in Rot, Blau, Gelb, Wei\u00df oder Grau (und Schwarz selbstverst\u00e4ndlich). Gib\u2019 einfach Deine Farbe an. Gr\u00f6\u00dfe 40 cm x 40 cm, mit Rei\u00dfverschlu\u00df. Dieser Kissenbezug ist chic und geil. F\u00fcr Dein Sofa oder zum Heruml\u00fcmmeln im Spielzimmer.<\/p>\n","protected":false},"excerpt":{"rendered":"<h4>Sofakissen-Bezug aus Leder<\/h4>\n<p>Schwarzes, leicht gl\u00e4nzendes Rindnappa mit einem eingearbeiteten farbigen Lederstreifen in Rot, Blau, Gelb, Wei\u00df oder Grau (und Schwarz selbstverst\u00e4ndlich). Gib\u2019 einfach Deine Farbe an. Gr\u00f6\u00dfe 40 cm x 40 cm, mit Rei\u00dfverschlu\u00df. Dieser Kissen-Bezug ist chic und geil. F\u00fcr Dein Sofa oder zum Heruml\u00fcmmeln im Spielzimmer.<\/p>\n","protected":false},"featured_media":19058,"comment_status":"open","ping_status":"closed","template":"","meta":[],"product_brand":[],"product_cat":[151,129,108],"product_tag":[],"class_list":{"0":"post-6868","1":"product","2":"type-product","3":"status-publish","4":"has-post-thumbnail","6":"product_cat-accessoires-2","7":"product_cat-hanky-code","8":"product_cat-restposten-einzelstuecke","9":"product_shipping_class-paket","11":"first","12":"instock","13":"sale","14":"taxable","15":"shipping-taxable","16":"purchasable","17":"product-type-variable"},"_links":{"self":[{"href":"https:\/\/www.hml-fetish.de\/shop\/wp-json\/wp\/v2\/product\/6868","targetHints":{"allow":["GET"]}}],"collection":[{"href":"https:\/\/www.hml-fetish.de\/shop\/wp-json\/wp\/v2\/product"}],"about":[{"href":"https:\/\/www.hml-fetish.de\/shop\/wp-json\/wp\/v2\/types\/product"}],"replies":[{"embeddable":true,"href":"https:\/\/www.hml-fetish.de\/shop\/wp-json\/wp\/v2\/comments?post=6868"}],"version-history":[{"count":0,"href":"https:\/\/www.hml-fetish.de\/shop\/wp-json\/wp\/v2\/product\/6868\/revisions"}],"wp:featuredmedia":[{"embeddable":true,"href":"https:\/\/www.hml-fetish.de\/shop\/wp-json\/wp\/v2\/media\/19058"}],"wp:attachment":[{"href":"https:\/\/www.hml-fetish.de\/shop\/wp-json\/wp\/v2\/media?parent=6868"}],"wp:term":[{"taxonomy":"product_brand","embeddable":true,"href":"https:\/\/www.hml-fetish.de\/shop\/wp-json\/wp\/v2\/product_brand?post=6868"},{"taxonomy":"product_cat","embeddable":true,"href":"https:\/\/www.hml-fetish.de\/shop\/wp-json\/wp\/v2\/product_cat?post=6868"},{"taxonomy":"product_tag","embeddable":true,"href":"https:\/\/www.hml-fetish.de\/shop\/wp-json\/wp\/v2\/product_tag?post=6868"}],"curies":[{"name":"wp","href":"https:\/\/api.w.org\/{rel}","templated":true}]}}