{"id":6866,"date":"2022-01-23T22:50:40","date_gmt":"2022-01-23T21:50:40","guid":{"rendered":"https:\/\/www.hml-fetish.de\/shop\/?post_type=product&#038;p=6866"},"modified":"2022-06-26T12:39:44","modified_gmt":"2022-06-26T10:39:44","slug":"leder-schlagstock-holster","status":"publish","type":"product","link":"https:\/\/www.hml-fetish.de\/shop\/leder-schlagstock-holster\/","title":{"rendered":"Leder Schlagstock-Holster"},"content":{"rendered":"<p>Das perfekte Holster f\u00fcr den Schlagstock. Aus glattem schwarzem Leder mit vernickelten, schweren Druckkn\u00f6pfen. Mit extra Stock-Halteschlaufe. Ein Must-have f\u00fcr den glatten Sam-Browne-G\u00fcrtel. Diesen Artikel gibt es exklusiv nur bei HML Fetish!<\/p>\n","protected":false},"excerpt":{"rendered":"<h4>Leder Schlagstock-Holster<\/h4>\n<p>Das perfekte Holster f\u00fcr den Schlagstock. Aus glattem schwarzem Leder mit vernickelten, schweren Druckkn\u00f6pfen. Mit extra Stock-Halteschlaufe. Ein Must-have f\u00fcr den glatten Sam-Browne-G\u00fcrtel.<\/p>\n","protected":false},"featured_media":19100,"comment_status":"open","ping_status":"closed","template":"","meta":[],"product_brand":[],"product_cat":[155,95,148],"product_tag":[4398],"class_list":{"0":"post-6866","1":"product","2":"type-product","3":"status-publish","4":"has-post-thumbnail","6":"product_cat-guertel-gurte-2","7":"product_cat-bestseller","8":"product_cat-guertel-gurte","9":"product_tag-hml-fetish-original","10":"product_shipping_class-brief","12":"first","13":"instock","14":"taxable","15":"shipping-taxable","16":"purchasable","17":"product-type-simple"},"_links":{"self":[{"href":"https:\/\/www.hml-fetish.de\/shop\/wp-json\/wp\/v2\/product\/6866","targetHints":{"allow":["GET"]}}],"collection":[{"href":"https:\/\/www.hml-fetish.de\/shop\/wp-json\/wp\/v2\/product"}],"about":[{"href":"https:\/\/www.hml-fetish.de\/shop\/wp-json\/wp\/v2\/types\/product"}],"replies":[{"embeddable":true,"href":"https:\/\/www.hml-fetish.de\/shop\/wp-json\/wp\/v2\/comments?post=6866"}],"version-history":[{"count":0,"href":"https:\/\/www.hml-fetish.de\/shop\/wp-json\/wp\/v2\/product\/6866\/revisions"}],"wp:featuredmedia":[{"embeddable":true,"href":"https:\/\/www.hml-fetish.de\/shop\/wp-json\/wp\/v2\/media\/19100"}],"wp:attachment":[{"href":"https:\/\/www.hml-fetish.de\/shop\/wp-json\/wp\/v2\/media?parent=6866"}],"wp:term":[{"taxonomy":"product_brand","embeddable":true,"href":"https:\/\/www.hml-fetish.de\/shop\/wp-json\/wp\/v2\/product_brand?post=6866"},{"taxonomy":"product_cat","embeddable":true,"href":"https:\/\/www.hml-fetish.de\/shop\/wp-json\/wp\/v2\/product_cat?post=6866"},{"taxonomy":"product_tag","embeddable":true,"href":"https:\/\/www.hml-fetish.de\/shop\/wp-json\/wp\/v2\/product_tag?post=6866"}],"curies":[{"name":"wp","href":"https:\/\/api.w.org\/{rel}","templated":true}]}}