{"id":6864,"date":"2022-01-23T22:50:39","date_gmt":"2022-01-23T21:50:39","guid":{"rendered":"https:\/\/www.hml-fetish.de\/shop\/?post_type=product&#038;p=6864"},"modified":"2022-10-27T13:50:23","modified_gmt":"2022-10-27T11:50:23","slug":"leder-guertelkarabiner","status":"publish","type":"product","link":"https:\/\/www.hml-fetish.de\/shop\/leder-guertelkarabiner\/","title":{"rendered":"Leder G\u00fcrtelkarabiner"},"content":{"rendered":"<p>Eine 20 mm breite G\u00fcrtelschlaufe mit einem Schl\u00fcsselkarabiner. Genial ist, da\u00df du die G\u00fcrtelschlaufe mit innenliegend verdeckten Druckkn\u00f6pfen einstellen kannst, damit sie sowohl auf 4 cm breiten G\u00fcrteln als auch auf 5 cm breiten G\u00fcrteln perfekt sitzt. Durch gef\u00e4rbtes schwarzes Rindleder mit vernickelten Metall-Teilen.<\/p>\n","protected":false},"excerpt":{"rendered":"<h4>Leder G\u00fcrtelkarabiner<\/h4>\n<p>Eine 20 mm breite G\u00fcrtelschlaufe mit einem Schl\u00fcsselkarabiner. Bald genial ist, da\u00df du die G\u00fcrtelschlaufe mit innenliegend verdeckten Druckkn\u00f6pfen einstellen kannst, damit sie sowohl auf 4 cm breiten G\u00fcrteln als auch auf 5 cm breiten G\u00fcrteln perfekt sitzt. Durch gef\u00e4rbtes schwarzes Rindleder mit vernickelten Metall-Teilen.<\/p>\n","protected":false},"featured_media":19132,"comment_status":"open","ping_status":"closed","template":"","meta":[],"product_brand":[],"product_cat":[155,148],"product_tag":[4398],"class_list":{"0":"post-6864","1":"product","2":"type-product","3":"status-publish","4":"has-post-thumbnail","6":"product_cat-guertel-gurte-2","7":"product_cat-guertel-gurte","8":"product_tag-hml-fetish-original","9":"product_shipping_class-brief","11":"first","12":"instock","13":"taxable","14":"shipping-taxable","15":"purchasable","16":"product-type-simple"},"_links":{"self":[{"href":"https:\/\/www.hml-fetish.de\/shop\/wp-json\/wp\/v2\/product\/6864","targetHints":{"allow":["GET"]}}],"collection":[{"href":"https:\/\/www.hml-fetish.de\/shop\/wp-json\/wp\/v2\/product"}],"about":[{"href":"https:\/\/www.hml-fetish.de\/shop\/wp-json\/wp\/v2\/types\/product"}],"replies":[{"embeddable":true,"href":"https:\/\/www.hml-fetish.de\/shop\/wp-json\/wp\/v2\/comments?post=6864"}],"version-history":[{"count":0,"href":"https:\/\/www.hml-fetish.de\/shop\/wp-json\/wp\/v2\/product\/6864\/revisions"}],"wp:featuredmedia":[{"embeddable":true,"href":"https:\/\/www.hml-fetish.de\/shop\/wp-json\/wp\/v2\/media\/19132"}],"wp:attachment":[{"href":"https:\/\/www.hml-fetish.de\/shop\/wp-json\/wp\/v2\/media?parent=6864"}],"wp:term":[{"taxonomy":"product_brand","embeddable":true,"href":"https:\/\/www.hml-fetish.de\/shop\/wp-json\/wp\/v2\/product_brand?post=6864"},{"taxonomy":"product_cat","embeddable":true,"href":"https:\/\/www.hml-fetish.de\/shop\/wp-json\/wp\/v2\/product_cat?post=6864"},{"taxonomy":"product_tag","embeddable":true,"href":"https:\/\/www.hml-fetish.de\/shop\/wp-json\/wp\/v2\/product_tag?post=6864"}],"curies":[{"name":"wp","href":"https:\/\/api.w.org\/{rel}","templated":true}]}}