{"id":6863,"date":"2022-01-23T22:50:39","date_gmt":"2022-01-23T21:50:39","guid":{"rendered":"https:\/\/www.hml-fetish.de\/shop\/?post_type=product&#038;p=6863"},"modified":"2026-02-10T17:17:13","modified_gmt":"2026-02-10T16:17:13","slug":"schluesselkette","status":"publish","type":"product","link":"https:\/\/www.hml-fetish.de\/shop\/schluesselkette\/","title":{"rendered":"Schl\u00fcsselkette"},"content":{"rendered":"<p><P>Diese Schl\u00fcsselkette ist hat einen Karabiner an einen und einen Schl\u00fcsselring am anderen Ende. Einfach in die G\u00fcrtelschlaufe klicken und nie wieder seine Schl\u00fcssel verlieren. Die Kette ist lang genug, da\u00df Du sie zum Aufschlie\u00dfen nicht abnehmen mu\u00dft.<\/P><br \/>\n<P>Wir f\u00fchren zwei Gr\u00f6\u00dfen:<BR>Gr\u00f6\u00dfe M ist ca. 70 cm lang und die Kette ist 3 mm stark.<BR>Gr\u00f6\u00dfe L ist ca. 90 cm lang und die Kette ist 4 mm stark.<\/P><br \/>\n<P><B>Produktsicherheit:<\/B><BR><br \/>\nAllergiehinweis: Material Stahl, verchromt<BR><br \/>\nVerantwortliche Person<BR><br \/>\nPet Hardware\u00ae, Inhaber Jan Gr\u00e1c<BR><br \/>\nGrymovsk\u00e1 256\/1a<BR><br \/>\n750 02 P\u0159erov IV-Kozlovice<BR><br \/>\nTschechische Republik<BR><br \/>\ninfo@pethardware.com <\/P><\/p>\n","protected":false},"excerpt":{"rendered":"<h4>Schl\u00fcsselkette<\/h4>\n<p>Diese Schl\u00fcssel-Kette hat einen Karabiner an einen und einen Schl\u00fcsselring am anderen Ende. Einfach in die G\u00fcrtelschlaufe klicken und nie wieder seine Schl\u00fcssel verlieren. Die Kette ist lang genug, da\u00df Du sie zum Aufschlie\u00dfen nicht abnehmen mu\u00dft.<\/p>\n","protected":false},"featured_media":19139,"comment_status":"open","ping_status":"closed","template":"","meta":[],"product_brand":[],"product_cat":[155,95],"product_tag":[4398],"class_list":{"0":"post-6863","1":"product","2":"type-product","3":"status-publish","4":"has-post-thumbnail","6":"product_cat-guertel-gurte-2","7":"product_cat-bestseller","8":"product_tag-hml-fetish-original","9":"product_shipping_class-brief","11":"first","12":"instock","13":"taxable","14":"shipping-taxable","15":"purchasable","16":"product-type-variable"},"_links":{"self":[{"href":"https:\/\/www.hml-fetish.de\/shop\/wp-json\/wp\/v2\/product\/6863","targetHints":{"allow":["GET"]}}],"collection":[{"href":"https:\/\/www.hml-fetish.de\/shop\/wp-json\/wp\/v2\/product"}],"about":[{"href":"https:\/\/www.hml-fetish.de\/shop\/wp-json\/wp\/v2\/types\/product"}],"replies":[{"embeddable":true,"href":"https:\/\/www.hml-fetish.de\/shop\/wp-json\/wp\/v2\/comments?post=6863"}],"version-history":[{"count":0,"href":"https:\/\/www.hml-fetish.de\/shop\/wp-json\/wp\/v2\/product\/6863\/revisions"}],"wp:featuredmedia":[{"embeddable":true,"href":"https:\/\/www.hml-fetish.de\/shop\/wp-json\/wp\/v2\/media\/19139"}],"wp:attachment":[{"href":"https:\/\/www.hml-fetish.de\/shop\/wp-json\/wp\/v2\/media?parent=6863"}],"wp:term":[{"taxonomy":"product_brand","embeddable":true,"href":"https:\/\/www.hml-fetish.de\/shop\/wp-json\/wp\/v2\/product_brand?post=6863"},{"taxonomy":"product_cat","embeddable":true,"href":"https:\/\/www.hml-fetish.de\/shop\/wp-json\/wp\/v2\/product_cat?post=6863"},{"taxonomy":"product_tag","embeddable":true,"href":"https:\/\/www.hml-fetish.de\/shop\/wp-json\/wp\/v2\/product_tag?post=6863"}],"curies":[{"name":"wp","href":"https:\/\/api.w.org\/{rel}","templated":true}]}}