{"id":6862,"date":"2022-01-23T22:50:39","date_gmt":"2022-01-23T21:50:39","guid":{"rendered":"https:\/\/www.hml-fetish.de\/shop\/?post_type=product&#038;p=6862"},"modified":"2024-03-25T17:02:32","modified_gmt":"2024-03-25T16:02:32","slug":"leder-schluesselanhaenger","status":"publish","type":"product","link":"https:\/\/www.hml-fetish.de\/shop\/leder-schluesselanhaenger\/","title":{"rendered":"Leder Schl\u00fcsselanh\u00e4nger"},"content":{"rendered":"<p>Damit erkennst Du Deinen Schl\u00fcsselbund immer wieder: mit einem Anh\u00e4nger aus feinstem schwarzen Rindnappaleder! Dieser Anh\u00e4nger ist 4 cm breit und 4-8 cm lang. Er ist aufwendig gearbeitet und tr\u00e4gt eine Einlage in sechs verschiedenen Farben.<\/p>\n","protected":false},"excerpt":{"rendered":"<h4>Leder Schl\u00fcsselanh\u00e4nger<\/h4>\n<p>Damit erkennst Du Deinen Schl\u00fcsselbund immer wieder: mit einem Anh\u00e4nger aus feinstem schwarzen Rindnappaleder! Dieser Anh\u00e4nger ist 4 cm breit und 4-8 cm lang. Er ist aufwendig gearbeitet und tr\u00e4gt eine Einlage in sechs verschiedenen Farben.<\/p>\n","protected":false},"featured_media":19155,"comment_status":"open","ping_status":"closed","template":"","meta":[],"product_brand":[],"product_cat":[129,151,95,125],"product_tag":[4398],"class_list":{"0":"post-6862","1":"product","2":"type-product","3":"status-publish","4":"has-post-thumbnail","6":"product_cat-hanky-code","7":"product_cat-accessoires-2","8":"product_cat-bestseller","9":"product_cat-gay-pride","10":"product_tag-hml-fetish-original","11":"product_shipping_class-brief","13":"first","14":"instock","15":"taxable","16":"shipping-taxable","17":"purchasable","18":"product-type-variable"},"_links":{"self":[{"href":"https:\/\/www.hml-fetish.de\/shop\/wp-json\/wp\/v2\/product\/6862","targetHints":{"allow":["GET"]}}],"collection":[{"href":"https:\/\/www.hml-fetish.de\/shop\/wp-json\/wp\/v2\/product"}],"about":[{"href":"https:\/\/www.hml-fetish.de\/shop\/wp-json\/wp\/v2\/types\/product"}],"replies":[{"embeddable":true,"href":"https:\/\/www.hml-fetish.de\/shop\/wp-json\/wp\/v2\/comments?post=6862"}],"version-history":[{"count":0,"href":"https:\/\/www.hml-fetish.de\/shop\/wp-json\/wp\/v2\/product\/6862\/revisions"}],"wp:featuredmedia":[{"embeddable":true,"href":"https:\/\/www.hml-fetish.de\/shop\/wp-json\/wp\/v2\/media\/19155"}],"wp:attachment":[{"href":"https:\/\/www.hml-fetish.de\/shop\/wp-json\/wp\/v2\/media?parent=6862"}],"wp:term":[{"taxonomy":"product_brand","embeddable":true,"href":"https:\/\/www.hml-fetish.de\/shop\/wp-json\/wp\/v2\/product_brand?post=6862"},{"taxonomy":"product_cat","embeddable":true,"href":"https:\/\/www.hml-fetish.de\/shop\/wp-json\/wp\/v2\/product_cat?post=6862"},{"taxonomy":"product_tag","embeddable":true,"href":"https:\/\/www.hml-fetish.de\/shop\/wp-json\/wp\/v2\/product_tag?post=6862"}],"curies":[{"name":"wp","href":"https:\/\/api.w.org\/{rel}","templated":true}]}}