{"id":6860,"date":"2022-01-23T22:50:38","date_gmt":"2022-01-23T21:50:38","guid":{"rendered":"https:\/\/www.hml-fetish.de\/shop\/?post_type=product&#038;p=6860"},"modified":"2022-04-09T15:42:43","modified_gmt":"2022-04-09T13:42:43","slug":"doppelkarabiner","status":"publish","type":"product","link":"https:\/\/www.hml-fetish.de\/shop\/doppelkarabiner\/","title":{"rendered":"Doppelkarabiner"},"content":{"rendered":"<p>Ein Doppel-Karabiner in Druckgu\u00df-Ausf\u00fchrung vernickelt. Etwa 10 cm lang. Versuche dieses seltene Teil mal f\u00fcr diesen Preis in einem Baumarkt zu kriegen \ud83d\ude09<\/p>\n","protected":false},"excerpt":{"rendered":"<h4>Doppelkarabiner<\/h4>\n<p>Ein Doppel-Karabiner in Druckgu\u00df-Ausf\u00fchrung vernickelt. Etwa 10 cm lang. Versuche dieses seltene Teil mal f\u00fcr diesen Preis in einem Baumarkt zu kriegen \ud83d\ude09<\/p>\n","protected":false},"featured_media":19232,"comment_status":"open","ping_status":"closed","template":"","meta":[],"product_brand":[],"product_cat":[151,169,140],"product_tag":[],"class_list":{"0":"post-6860","1":"product","2":"type-product","3":"status-publish","4":"has-post-thumbnail","6":"product_cat-accessoires-2","7":"product_cat-army-accessoires","8":"product_cat-stahlfesseln","9":"product_shipping_class-brief","11":"first","12":"instock","13":"taxable","14":"shipping-taxable","15":"purchasable","16":"product-type-simple"},"_links":{"self":[{"href":"https:\/\/www.hml-fetish.de\/shop\/wp-json\/wp\/v2\/product\/6860","targetHints":{"allow":["GET"]}}],"collection":[{"href":"https:\/\/www.hml-fetish.de\/shop\/wp-json\/wp\/v2\/product"}],"about":[{"href":"https:\/\/www.hml-fetish.de\/shop\/wp-json\/wp\/v2\/types\/product"}],"replies":[{"embeddable":true,"href":"https:\/\/www.hml-fetish.de\/shop\/wp-json\/wp\/v2\/comments?post=6860"}],"version-history":[{"count":0,"href":"https:\/\/www.hml-fetish.de\/shop\/wp-json\/wp\/v2\/product\/6860\/revisions"}],"wp:featuredmedia":[{"embeddable":true,"href":"https:\/\/www.hml-fetish.de\/shop\/wp-json\/wp\/v2\/media\/19232"}],"wp:attachment":[{"href":"https:\/\/www.hml-fetish.de\/shop\/wp-json\/wp\/v2\/media?parent=6860"}],"wp:term":[{"taxonomy":"product_brand","embeddable":true,"href":"https:\/\/www.hml-fetish.de\/shop\/wp-json\/wp\/v2\/product_brand?post=6860"},{"taxonomy":"product_cat","embeddable":true,"href":"https:\/\/www.hml-fetish.de\/shop\/wp-json\/wp\/v2\/product_cat?post=6860"},{"taxonomy":"product_tag","embeddable":true,"href":"https:\/\/www.hml-fetish.de\/shop\/wp-json\/wp\/v2\/product_tag?post=6860"}],"curies":[{"name":"wp","href":"https:\/\/api.w.org\/{rel}","templated":true}]}}