{"id":6855,"date":"2022-01-23T22:50:17","date_gmt":"2022-01-23T21:50:17","guid":{"rendered":"https:\/\/www.hml-fetish.de\/shop\/?post_type=product&#038;p=6855"},"modified":"2026-01-26T15:21:36","modified_gmt":"2026-01-26T14:21:36","slug":"deutscher-polizei-blouson","status":"publish","type":"product","link":"https:\/\/www.hml-fetish.de\/shop\/deutscher-polizei-blouson\/","title":{"rendered":"Deutscher Polizei Blouson"},"content":{"rendered":"<p>Die wirklich alltagstaugliche Polizei-Jacke. 1a Rindleder mit Wasser abweisender Ausr\u00fcstung. Entspricht den Richtlinien f\u00fcr die Qualit\u00e4t von Polizeibekleidung (TL 8330-007). Polizei\u00fcbliche Taschen-Ausstattung: zwei Einschubtaschen, zwei gro\u00dfe Brust-Klappentaschen mit verdeckten Druckkn\u00f6pfen und Funkger\u00e4tschlaufe, drei Innentaschen. Stabiler Rei\u00dfverschlu\u00df, winddicht gesch\u00fctzt von einer Leiste mit verdeckten Druckkn\u00f6pfen.<\/p>\n<p>Normal gef\u00fcttert an Armen und Schulter, w\u00e4rmend im Rumpfbereich. Kragen mit abnehmbarem Schwei\u00dfbesatz aus Baumwolle. Bund seitlich mit Leder-Stretcheinsatz. In Schwarz und in den Konfektionsgr\u00f6\u00dfen von 44 bis 56. <a title=\"Schulterklappen f\u00fcr Polizei Blouson\" href=\"https:\/\/www.hml-fetish.de\/shop\/schulterklappen-fuer-deutschen-polizei-blouson\/\" target=\"_blank\" rel=\"noopener\">Als Extra kannst Du f\u00fcr 29,90 \u20ac passende Schulterklappen aus schwarzem Leder dazubestellen.<\/a><\/p>\n<p><img decoding=\"async\" title=\"Gr\u00f6\u00dfentabelle\" src=\"\/GIF\/size_unisex_up.gif\" alt=\"Gr\u00f6\u00dfentabelle\" width=\"114\" height=\"194\" border=\"0\" \/>\u00a0<img decoding=\"async\" title=\"Sonderpreis\" src=\"\/template\/tag_sonder.gif\" alt=\"Sonderpreis\" width=\"95\" height=\"55\" border=\"0\" \/><\/p>\n","protected":false},"excerpt":{"rendered":"<h4>Deutscher Polizei Blouson<\/h4>\n<p>Die wirklich alltagstaugliche Polizei Jacke. 1a Rindleder mit Wasser abweisender Ausr\u00fcstung. Entspricht den Richtlinien f\u00fcr die Qualit\u00e4t von Polizeibekleidung (TL 8330-007). Polizei\u00fcbliche Taschen-Ausstattung: zwei Einschubtaschen, zwei gro\u00dfe Brust-Klappentaschen mit verdeckten Druckkn\u00f6pfen und Funkger\u00e4tschlaufe, drei Innentaschen. Stabiler Rei\u00dfverschlu\u00df, winddicht gesch\u00fctzt von einer Leiste mit verdeckten Druckkn\u00f6pfen.<\/p>\n","protected":false},"featured_media":19321,"comment_status":"open","ping_status":"closed","template":"","meta":[],"product_brand":[],"product_cat":[160,147,105,150],"product_tag":[4398],"class_list":{"0":"post-6855","1":"product","2":"type-product","3":"status-publish","4":"has-post-thumbnail","6":"product_cat-jacken","7":"product_cat-bekleidung","8":"product_cat-sonderangebote","9":"product_cat-uniformen","10":"product_tag-hml-fetish-original","11":"product_shipping_class-paket","13":"first","14":"instock","15":"sale","16":"taxable","17":"shipping-taxable","18":"purchasable","19":"product-type-variable"},"_links":{"self":[{"href":"https:\/\/www.hml-fetish.de\/shop\/wp-json\/wp\/v2\/product\/6855","targetHints":{"allow":["GET"]}}],"collection":[{"href":"https:\/\/www.hml-fetish.de\/shop\/wp-json\/wp\/v2\/product"}],"about":[{"href":"https:\/\/www.hml-fetish.de\/shop\/wp-json\/wp\/v2\/types\/product"}],"replies":[{"embeddable":true,"href":"https:\/\/www.hml-fetish.de\/shop\/wp-json\/wp\/v2\/comments?post=6855"}],"version-history":[{"count":0,"href":"https:\/\/www.hml-fetish.de\/shop\/wp-json\/wp\/v2\/product\/6855\/revisions"}],"wp:featuredmedia":[{"embeddable":true,"href":"https:\/\/www.hml-fetish.de\/shop\/wp-json\/wp\/v2\/media\/19321"}],"wp:attachment":[{"href":"https:\/\/www.hml-fetish.de\/shop\/wp-json\/wp\/v2\/media?parent=6855"}],"wp:term":[{"taxonomy":"product_brand","embeddable":true,"href":"https:\/\/www.hml-fetish.de\/shop\/wp-json\/wp\/v2\/product_brand?post=6855"},{"taxonomy":"product_cat","embeddable":true,"href":"https:\/\/www.hml-fetish.de\/shop\/wp-json\/wp\/v2\/product_cat?post=6855"},{"taxonomy":"product_tag","embeddable":true,"href":"https:\/\/www.hml-fetish.de\/shop\/wp-json\/wp\/v2\/product_tag?post=6855"}],"curies":[{"name":"wp","href":"https:\/\/api.w.org\/{rel}","templated":true}]}}