{"id":6849,"date":"2022-01-23T22:50:15","date_gmt":"2022-01-23T21:50:15","guid":{"rendered":"https:\/\/www.hml-fetish.de\/shop\/?post_type=product&#038;p=6849"},"modified":"2023-10-28T16:25:25","modified_gmt":"2023-10-28T14:25:25","slug":"leder-trainingsjacke","status":"publish","type":"product","link":"https:\/\/www.hml-fetish.de\/shop\/leder-trainingsjacke\/","title":{"rendered":"Leder Trainingsjacke"},"content":{"rendered":"<p><P>Exklusiv in Deutschland und nur f\u00fcr HML gefertigt: weich, griffig und stabil zugleich, weil aus einem speziellen Rindnappaleder von 0,9 mm St\u00e4rke. Mit seinem Glanz und dem weichen Griff wirkt es wie Lammnappa, ist allerdings deutlich belastbarer.<\/P><br \/>\n<P>Dieser Leder Hoodie besitzt vorne einen durchgehenden Rei\u00dfverschlu\u00df und Stecktaschen (mit Rei\u00dfverschl\u00fcssen, damit beim \u00bbTurnen\u00ab nichts rausf\u00e4llt). Gedoppelte Kapuze. Leder-Stretchb\u00fcndchen an H\u00fcfte und Handgelenken. Ungef\u00fcttert. Die farbigen sportlichen Streifen sind selbstverst\u00e4ndlich auch aus Leder. In den Konfektionsgr\u00f6\u00dfen von 44 bis 56.<br \/>\n<BR><img decoding=\"async\" src=\"\/template\/size_jacke.gif\" alt=\"Gr\u00f6\u00dfentabelle\" title=\"Gr\u00f6\u00dfentabelle\" border=\"0\" height=\"160\" width=\"95\"><\/P><\/p>\n","protected":false},"excerpt":{"rendered":"<h4>Leder Trainingsjacke<\/h4>\n<p><P>Exklusiv in Deutschland und nur f\u00fcr HML gefertigt: weich, griffig und stabil zugleich, weil aus einem speziellen Rindnappaleder von 0,9 mm St\u00e4rke. Mit seinem Glanz und dem weichen Griff wirkt es wie Lammnappa, ist allerdings deutlich belastbarer.<\/P><\/p>\n","protected":false},"featured_media":19542,"comment_status":"open","ping_status":"closed","template":"","meta":[],"product_brand":[],"product_cat":[160,116,105],"product_tag":[],"class_list":{"0":"post-6849","1":"product","2":"type-product","3":"status-publish","4":"has-post-thumbnail","6":"product_cat-jacken","7":"product_cat-shirts-tops","8":"product_cat-sonderangebote","9":"product_shipping_class-paket","11":"first","12":"instock","13":"sale","14":"taxable","15":"shipping-taxable","16":"purchasable","17":"product-type-variable"},"_links":{"self":[{"href":"https:\/\/www.hml-fetish.de\/shop\/wp-json\/wp\/v2\/product\/6849","targetHints":{"allow":["GET"]}}],"collection":[{"href":"https:\/\/www.hml-fetish.de\/shop\/wp-json\/wp\/v2\/product"}],"about":[{"href":"https:\/\/www.hml-fetish.de\/shop\/wp-json\/wp\/v2\/types\/product"}],"replies":[{"embeddable":true,"href":"https:\/\/www.hml-fetish.de\/shop\/wp-json\/wp\/v2\/comments?post=6849"}],"version-history":[{"count":0,"href":"https:\/\/www.hml-fetish.de\/shop\/wp-json\/wp\/v2\/product\/6849\/revisions"}],"wp:featuredmedia":[{"embeddable":true,"href":"https:\/\/www.hml-fetish.de\/shop\/wp-json\/wp\/v2\/media\/19542"}],"wp:attachment":[{"href":"https:\/\/www.hml-fetish.de\/shop\/wp-json\/wp\/v2\/media?parent=6849"}],"wp:term":[{"taxonomy":"product_brand","embeddable":true,"href":"https:\/\/www.hml-fetish.de\/shop\/wp-json\/wp\/v2\/product_brand?post=6849"},{"taxonomy":"product_cat","embeddable":true,"href":"https:\/\/www.hml-fetish.de\/shop\/wp-json\/wp\/v2\/product_cat?post=6849"},{"taxonomy":"product_tag","embeddable":true,"href":"https:\/\/www.hml-fetish.de\/shop\/wp-json\/wp\/v2\/product_tag?post=6849"}],"curies":[{"name":"wp","href":"https:\/\/api.w.org\/{rel}","templated":true}]}}