{"id":6847,"date":"2022-01-23T22:50:14","date_gmt":"2022-01-23T21:50:14","guid":{"rendered":"https:\/\/www.hml-fetish.de\/shop\/?post_type=product&#038;p=6847"},"modified":"2026-03-24T17:16:24","modified_gmt":"2026-03-24T16:16:24","slug":"leder-racingjacke","status":"publish","type":"product","link":"https:\/\/www.hml-fetish.de\/shop\/leder-racingjacke\/","title":{"rendered":"Leder-Racingjacke"},"content":{"rendered":"<p><P>Eine geile Racingjacke der Marke \u00bbFirst Racing\u00ab, frisch aus den Staaten importiert. Gearbeitet aus weichgewalktem 1,2 mm \u2013 1,3 mm Rindnappa und lieferbar in schwarz mit (reflektierend) silberfarbenen R\u00fcckenbiesen und einem Druckknopf-Kragen. Die Jacke besitzt Lederstretch-Eins\u00e4tze an Schultern und Ellbogen. Das herausnehmbare Innenfutter hat an diesen Stellen ebenfalls Stretch.<\/P><br \/>\n<P>Seitlich verstellbar, f\u00fcr die perfekte Pa\u00dfform, je 2 Au\u00dfen- und Innentaschen, sowie mit einem eingearbeiteten Rei\u00dfverschlu\u00df unten an der Innenseite, welcher die Jacke mit einer passenden Hose verbindet. Herausnehmbare Protektoren an Ellbogen, Schultern und R\u00fccken und schwere, rostfreie Druckkn\u00f6pfe und ein YKK-Zipper machen aus dieser Jacke ein richtiges Schmuckst\u00fcck, das Du sicher nicht nur auf der Maschine anziehen wirst. Lieferbar in den Farben schwarz und schwarz-silber.<br \/>\n<BR><img decoding=\"async\" src=\"\/GIF\/size_unisex_up.gif\" alt=\"Gr\u00f6\u00dfentabelle\" title=\"Gr\u00f6\u00dfentabelle\" border=\"0\" height=\"194\" width=\"114\"><\/P><\/p>\n","protected":false},"excerpt":{"rendered":"<h4>Leder-Racingjacke<\/h4>\n<p><P>Eine geile Racingjacke der Marke \u00bbFirst Racing\u00ab, frisch aus den Staaten importiert. Gearbeitet aus weichgewalktem 1,2 mm \u2013 1,3 mm Rindnappa und lieferbar in schwarz mit (reflektierend) silberfarbenen R\u00fcckenbiesen und einem Druckknopf-Kragen. Die Jacke besitzt Lederstretch-Eins\u00e4tze an Schultern und Ellbogen. Das herausnehmbare Innenfutter hat an diesen Stellen ebenfalls Stretch.<\/P><\/p>\n","protected":false},"featured_media":19637,"comment_status":"open","ping_status":"closed","template":"","meta":[],"product_brand":[],"product_cat":[160,108],"product_tag":[],"class_list":{"0":"post-6847","1":"product","2":"type-product","3":"status-publish","4":"has-post-thumbnail","6":"product_cat-jacken","7":"product_cat-restposten-einzelstuecke","8":"product_shipping_class-paket","10":"first","11":"instock","12":"sale","13":"taxable","14":"shipping-taxable","15":"purchasable","16":"product-type-variable"},"_links":{"self":[{"href":"https:\/\/www.hml-fetish.de\/shop\/wp-json\/wp\/v2\/product\/6847","targetHints":{"allow":["GET"]}}],"collection":[{"href":"https:\/\/www.hml-fetish.de\/shop\/wp-json\/wp\/v2\/product"}],"about":[{"href":"https:\/\/www.hml-fetish.de\/shop\/wp-json\/wp\/v2\/types\/product"}],"replies":[{"embeddable":true,"href":"https:\/\/www.hml-fetish.de\/shop\/wp-json\/wp\/v2\/comments?post=6847"}],"version-history":[{"count":1,"href":"https:\/\/www.hml-fetish.de\/shop\/wp-json\/wp\/v2\/product\/6847\/revisions"}],"predecessor-version":[{"id":39689,"href":"https:\/\/www.hml-fetish.de\/shop\/wp-json\/wp\/v2\/product\/6847\/revisions\/39689"}],"wp:featuredmedia":[{"embeddable":true,"href":"https:\/\/www.hml-fetish.de\/shop\/wp-json\/wp\/v2\/media\/19637"}],"wp:attachment":[{"href":"https:\/\/www.hml-fetish.de\/shop\/wp-json\/wp\/v2\/media?parent=6847"}],"wp:term":[{"taxonomy":"product_brand","embeddable":true,"href":"https:\/\/www.hml-fetish.de\/shop\/wp-json\/wp\/v2\/product_brand?post=6847"},{"taxonomy":"product_cat","embeddable":true,"href":"https:\/\/www.hml-fetish.de\/shop\/wp-json\/wp\/v2\/product_cat?post=6847"},{"taxonomy":"product_tag","embeddable":true,"href":"https:\/\/www.hml-fetish.de\/shop\/wp-json\/wp\/v2\/product_tag?post=6847"}],"curies":[{"name":"wp","href":"https:\/\/api.w.org\/{rel}","templated":true}]}}