{"id":6840,"date":"2022-01-23T22:50:12","date_gmt":"2022-01-23T21:50:12","guid":{"rendered":"https:\/\/www.hml-fetish.de\/shop\/?post_type=product&#038;p=6840"},"modified":"2026-02-10T17:16:42","modified_gmt":"2026-02-10T16:16:42","slug":"hosentraeger-m-50","status":"publish","type":"product","link":"https:\/\/www.hml-fetish.de\/shop\/hosentraeger-m-50\/","title":{"rendered":"Hosentr\u00e4ger M-50"},"content":{"rendered":"<p><P>Diese ganz besonderen Hosentr\u00e4ger sehen nicht nur geil aus. Sie haben auch richtig praktische Vorteile, denn mit Jacke dr\u00fcber sieht sie keiner, und sie fallen nicht runter bei ausgezogener Hose! Die als Zubeh\u00f6r auf Anfrage erh\u00e4ltliche Tasche wird so unter der Jacke zur unauff\u00e4lligen \u00bbInnentasche\u00ab und fa\u00dft einiges mehr als nur die Pistole, die Cops sonst hineinstecken.<\/P><br \/>\n<P>Eine wirklich geniale Konstruktion und exklusiv nur bei HML Fetish erh\u00e4ltlich. 30 mm breite formstabile Rindleder-Gurte. Vorne mit Schnallen einstellbar. Hinten \u00fcberkreuz. Stahl-Karabiner, die seitlich befestigt werden. Universalgr\u00f6\u00dfe.<\/P><\/p>\n","protected":false},"excerpt":{"rendered":"<h4>Hosentr\u00e4ger M-50<\/h4>\n<p><P>Diese ganz besonderen Leder-Hosentr\u00e4ger sehen nicht nur geil aus. Sie haben auch richtig praktische Vorteile, denn mit Jacke dr\u00fcber sieht sie keiner, und sie fallen nicht runter bei ausgezogener Hose! Die als Zubeh\u00f6r auf Anfrage erh\u00e4ltliche Tasche wird so unter der Jacke zur unauff\u00e4lligen \u00bbInnentasche\u00ab und fa\u00dft einiges mehr als nur die Pistole, die Cops sonst hineinstecken.<\/P><\/p>\n","protected":false},"featured_media":19826,"comment_status":"open","ping_status":"closed","template":"","meta":[],"product_brand":[],"product_cat":[155,3802],"product_tag":[4398],"class_list":{"0":"post-6840","1":"product","2":"type-product","3":"status-publish","4":"has-post-thumbnail","6":"product_cat-guertel-gurte-2","7":"product_cat-hosentraeger","8":"product_tag-hml-fetish-original","9":"product_shipping_class-paket","11":"first","12":"instock","13":"taxable","14":"shipping-taxable","15":"purchasable","16":"product-type-simple"},"_links":{"self":[{"href":"https:\/\/www.hml-fetish.de\/shop\/wp-json\/wp\/v2\/product\/6840","targetHints":{"allow":["GET"]}}],"collection":[{"href":"https:\/\/www.hml-fetish.de\/shop\/wp-json\/wp\/v2\/product"}],"about":[{"href":"https:\/\/www.hml-fetish.de\/shop\/wp-json\/wp\/v2\/types\/product"}],"replies":[{"embeddable":true,"href":"https:\/\/www.hml-fetish.de\/shop\/wp-json\/wp\/v2\/comments?post=6840"}],"version-history":[{"count":0,"href":"https:\/\/www.hml-fetish.de\/shop\/wp-json\/wp\/v2\/product\/6840\/revisions"}],"wp:featuredmedia":[{"embeddable":true,"href":"https:\/\/www.hml-fetish.de\/shop\/wp-json\/wp\/v2\/media\/19826"}],"wp:attachment":[{"href":"https:\/\/www.hml-fetish.de\/shop\/wp-json\/wp\/v2\/media?parent=6840"}],"wp:term":[{"taxonomy":"product_brand","embeddable":true,"href":"https:\/\/www.hml-fetish.de\/shop\/wp-json\/wp\/v2\/product_brand?post=6840"},{"taxonomy":"product_cat","embeddable":true,"href":"https:\/\/www.hml-fetish.de\/shop\/wp-json\/wp\/v2\/product_cat?post=6840"},{"taxonomy":"product_tag","embeddable":true,"href":"https:\/\/www.hml-fetish.de\/shop\/wp-json\/wp\/v2\/product_tag?post=6840"}],"curies":[{"name":"wp","href":"https:\/\/api.w.org\/{rel}","templated":true}]}}