{"id":6839,"date":"2022-01-23T22:50:12","date_gmt":"2022-01-23T21:50:12","guid":{"rendered":"https:\/\/www.hml-fetish.de\/shop\/?post_type=product&#038;p=6839"},"modified":"2022-06-21T22:14:18","modified_gmt":"2022-06-21T20:14:18","slug":"hanky","status":"publish","type":"product","link":"https:\/\/www.hml-fetish.de\/shop\/hanky\/","title":{"rendered":"Hanky"},"content":{"rendered":"<p><P>Die legend\u00e4ren Taschent\u00fccher in Code-Farben. Diese  haben dezente Paisley-Muster und sind aus 100 % Baumwolle. Etwa 55 cm x 55 cm gro\u00df. Das Tuch rechts getragen bedeutet: biete; und links getragen: suche. Lieferbar in Gelb (Pissen), Orange (alles, heute nicht), Rot (Fisten), Dunkelrot (Doublefist), Wei\u00df (Wichsen), Grau (Bondage), Schwarz (SM), Beige (Rimming), Violett (Piercing), Dunkelblau (Ficken), Dunkelgr\u00fcn (Vater\/Sohn), Braun (Scat), Olivgr\u00fcn (Army) und Hellblau (Blasen). Neu jetzt auch schwarz-wei\u00df kariert (Safer Sex) und schwarz-rot kariert.<\/P><br \/>\n<H4>Darum geht&#8217;s beim Hanky-Code<\/H4><br \/>\n<P>Der Code ist eine Verschl\u00fcsselung, bei der bestimmte Farben bestimmte Vorlieben bedeuten. Meistens wird daf\u00fcr ein Taschentuch (in Englisch \u00bbhandkerchief\u00ab oder einfach \u00bbhanky\u00ab) benutzt, das dekorativ aus der Ges\u00e4\u00dftasche der Hose ragt. Ebenso informativ sind farbige Armb\u00e4nder.<br \/>\n<BR><img decoding=\"async\" src=\"\/template\/hanky1.gif\" width=\"220\" height=\"180\" border=\"0\" alt=\"Dieser Arsch mit dem blauen Hanky rechts sucht auch jemanden mit Riesenrohr \u2026\"><\/P><br \/>\n<P>Wer sein Tuch oder das Armband auf der linken Seite tr\u00e4gt, will mitteilen, da\u00df er den sogenannten aktiven Part bevorzugt. Die Codierung von Links hei\u00dft also im Klartext \u00bbich biete\u00ab. Tr\u00e4gt als einer ein Taschentuch in Senfgelb in der linken Ges\u00e4\u00dftasche, darfst du davon ausgehen, da\u00df er einen richtig fetten Schwanz zu bieten hat.<\/P><br \/>\n<P>Um nicht na\u00df zu werden, solltest du allerdings Senfgelb von Gelb unterscheiden k\u00f6nnen, auch in schummerigen Kneipen und bei Schwarzlicht. Dementsprechend w\u00e4re die \u00dcbersetzung von Rechts \u00bbich suche\u00ab, \u00bbbin in dieser Beziehung passiv\u00ab. Unser senfgelbes Hanky bedeutete in der rechten Tasche also, da\u00df er jemanden mit Riesenrohr sucht.<\/P><br \/>\n<P><img fetchpriority=\"high\" decoding=\"async\" src=\"\/template\/hanky2.gif\" width=\"220\" height=\"300\" border=\"0\" alt=\"Der Hanky-Code ist eine Verschl\u00fcsselung, bei der bestimmte Farben bestimmte Vorlieben bedeuten.\" title=\"Der Hanky-Code ist eine Verschl\u00fcsselung, bei der bestimmte Farben bestimmte Vorlieben bedeuten.\"><\/P><\/p>\n","protected":false},"excerpt":{"rendered":"<p><H4>Hanky<\/H4><br \/>\n<P>Die legend\u00e4ren Taschent\u00fccher in Code-Farben. Diese  haben dezente Paisley-Muster und sind aus 100 % Baumwolle. Etwa 55 cm x 55 cm gro\u00df. Das Tuch rechts getragen bedeutet: biete; und links getragen: suche. Lieferbar in Gelb (Pissen), Orange (alles, heute nicht), Rot (Fisten), Dunkelrot (Doublefist), Wei\u00df (Wichsen), Grau (Bondage), Schwarz (SM), Beige (Rimming), Violett (Piercing), Dunkelblau (Ficken), Dunkelgr\u00fcn (Vater\/Sohn), Braun (Scat), Olivgr\u00fcn (Army) und Hellblau (Blasen). Neu jetzt auch schwarz-wei\u00df kariert (Safer Sex) und schwarz-rot kariert.<\/P><\/p>\n","protected":false},"featured_media":19842,"comment_status":"open","ping_status":"closed","template":"","meta":[],"product_brand":[],"product_cat":[125,95,129],"product_tag":[],"class_list":{"0":"post-6839","1":"product","2":"type-product","3":"status-publish","4":"has-post-thumbnail","6":"product_cat-gay-pride","7":"product_cat-bestseller","8":"product_cat-hanky-code","9":"product_shipping_class-brief","11":"first","12":"instock","13":"taxable","14":"shipping-taxable","15":"purchasable","16":"product-type-variable"},"_links":{"self":[{"href":"https:\/\/www.hml-fetish.de\/shop\/wp-json\/wp\/v2\/product\/6839","targetHints":{"allow":["GET"]}}],"collection":[{"href":"https:\/\/www.hml-fetish.de\/shop\/wp-json\/wp\/v2\/product"}],"about":[{"href":"https:\/\/www.hml-fetish.de\/shop\/wp-json\/wp\/v2\/types\/product"}],"replies":[{"embeddable":true,"href":"https:\/\/www.hml-fetish.de\/shop\/wp-json\/wp\/v2\/comments?post=6839"}],"version-history":[{"count":0,"href":"https:\/\/www.hml-fetish.de\/shop\/wp-json\/wp\/v2\/product\/6839\/revisions"}],"wp:featuredmedia":[{"embeddable":true,"href":"https:\/\/www.hml-fetish.de\/shop\/wp-json\/wp\/v2\/media\/19842"}],"wp:attachment":[{"href":"https:\/\/www.hml-fetish.de\/shop\/wp-json\/wp\/v2\/media?parent=6839"}],"wp:term":[{"taxonomy":"product_brand","embeddable":true,"href":"https:\/\/www.hml-fetish.de\/shop\/wp-json\/wp\/v2\/product_brand?post=6839"},{"taxonomy":"product_cat","embeddable":true,"href":"https:\/\/www.hml-fetish.de\/shop\/wp-json\/wp\/v2\/product_cat?post=6839"},{"taxonomy":"product_tag","embeddable":true,"href":"https:\/\/www.hml-fetish.de\/shop\/wp-json\/wp\/v2\/product_tag?post=6839"}],"curies":[{"name":"wp","href":"https:\/\/api.w.org\/{rel}","templated":true}]}}