{"id":6837,"date":"2022-01-23T22:50:11","date_gmt":"2022-01-23T21:50:11","guid":{"rendered":"https:\/\/www.hml-fetish.de\/shop\/?post_type=product&#038;p=6837"},"modified":"2026-03-11T16:06:18","modified_gmt":"2026-03-11T15:06:18","slug":"farbige-hosentraeger","status":"publish","type":"product","link":"https:\/\/www.hml-fetish.de\/shop\/farbige-hosentraeger\/","title":{"rendered":"farbige Hosentr\u00e4ger"},"content":{"rendered":"<p>F\u00fcr die n\u00e4chste Skin-Party &#8211; die extra geilen Hosentr\u00e4ger f\u00fcr Deine Domestos. In sechs scharfen Farben, z.B. schwarz, wei\u00df, rot, gelb, und k\u00f6nigsblau. Elastisch und verstellbar, eine Universalgr\u00f6\u00dfe. Vier Klipse mit verschiebbarem R\u00fcckensteg.<\/p>\n","protected":false},"excerpt":{"rendered":"<h4>farbige Hosentr\u00e4ger<\/h4>\n<p>F\u00fcr die n\u00e4chste Skin-Party &#8211; die extra geilen Hosentr\u00e4ger f\u00fcr Deine Domestos. In scharfen Farben, z.B. schwarz, wei\u00df, rot, gelb und k\u00f6nigsblau. Elastisch und verstellbar, eine Universalgr\u00f6\u00dfe. Vier Klipse mit verschiebbarem R\u00fcckensteg.<\/p>\n","protected":false},"featured_media":19948,"comment_status":"open","ping_status":"closed","template":"","meta":[],"product_brand":[],"product_cat":[3802,95,129],"product_tag":[],"class_list":{"0":"post-6837","1":"product","2":"type-product","3":"status-publish","4":"has-post-thumbnail","6":"product_cat-hosentraeger","7":"product_cat-bestseller","8":"product_cat-hanky-code","9":"product_shipping_class-brief","11":"first","12":"instock","13":"taxable","14":"shipping-taxable","15":"purchasable","16":"product-type-variable"},"_links":{"self":[{"href":"https:\/\/www.hml-fetish.de\/shop\/wp-json\/wp\/v2\/product\/6837","targetHints":{"allow":["GET"]}}],"collection":[{"href":"https:\/\/www.hml-fetish.de\/shop\/wp-json\/wp\/v2\/product"}],"about":[{"href":"https:\/\/www.hml-fetish.de\/shop\/wp-json\/wp\/v2\/types\/product"}],"replies":[{"embeddable":true,"href":"https:\/\/www.hml-fetish.de\/shop\/wp-json\/wp\/v2\/comments?post=6837"}],"version-history":[{"count":1,"href":"https:\/\/www.hml-fetish.de\/shop\/wp-json\/wp\/v2\/product\/6837\/revisions"}],"predecessor-version":[{"id":39580,"href":"https:\/\/www.hml-fetish.de\/shop\/wp-json\/wp\/v2\/product\/6837\/revisions\/39580"}],"wp:featuredmedia":[{"embeddable":true,"href":"https:\/\/www.hml-fetish.de\/shop\/wp-json\/wp\/v2\/media\/19948"}],"wp:attachment":[{"href":"https:\/\/www.hml-fetish.de\/shop\/wp-json\/wp\/v2\/media?parent=6837"}],"wp:term":[{"taxonomy":"product_brand","embeddable":true,"href":"https:\/\/www.hml-fetish.de\/shop\/wp-json\/wp\/v2\/product_brand?post=6837"},{"taxonomy":"product_cat","embeddable":true,"href":"https:\/\/www.hml-fetish.de\/shop\/wp-json\/wp\/v2\/product_cat?post=6837"},{"taxonomy":"product_tag","embeddable":true,"href":"https:\/\/www.hml-fetish.de\/shop\/wp-json\/wp\/v2\/product_tag?post=6837"}],"curies":[{"name":"wp","href":"https:\/\/api.w.org\/{rel}","templated":true}]}}