{"id":6835,"date":"2022-01-23T22:50:11","date_gmt":"2022-01-23T21:50:11","guid":{"rendered":"https:\/\/www.hml-fetish.de\/shop\/?post_type=product&#038;p=6835"},"modified":"2026-02-10T17:16:23","modified_gmt":"2026-02-10T16:16:23","slug":"schmale-leder-hosentraeger","status":"publish","type":"product","link":"https:\/\/www.hml-fetish.de\/shop\/schmale-leder-hosentraeger\/","title":{"rendered":"Schmale Leder-Hosentr\u00e4ger"},"content":{"rendered":"<p>Die schmalen Hosentr\u00e4ger f\u00fcr Skinheads, hier aus langlebigem, zweilagig umgebugtem Rindleder. 20 mm breite Gurte, vorne mit Schnallen einstellbar, hinten ein Gummizug. Stahl-Karabiner zum Einh\u00e4ngen der Hosentr\u00e4ger in die G\u00fcrtelschlaufen Deiner Jeans. In den Gr\u00f6\u00dfen M, L und XL.<\/p>\n<p>Ein Set von drei Leder-G\u00fcrtelschlaufen, je 20 mm breit, um die Hosentr\u00e4ger mit G\u00fcrtel zu tragen ist im Preis inbegriffen. Sie sind mit au\u00dfen nicht sichtbaren Druckkn\u00f6pfen einstellbar f\u00fcr 4 cm oder 5 cm breite G\u00fcrtel.<\/p>\n<p><img decoding=\"async\" title=\"Gr\u00f6\u00dfentabelle\" src=\"\/GIF\/size_unisex_up.gif\" alt=\"Gr\u00f6\u00dfentabelle\" width=\"114\" height=\"194\" border=\"0\" \/><\/p>\n","protected":false},"excerpt":{"rendered":"<h4>Schmale Leder-Hosentr\u00e4ger<\/h4>\n<p>Die schmalen Skin-typischen Hosentr\u00e4ger, hier aus langlebigem, zweilagig umgebugtem Rindleder. 20 mm breite Gurte, vorne mit Schnallen einstellbar, hinten ein Gummizug. Stahl-Karabiner zum Einh\u00e4ngen der Hosentr\u00e4ger in die G\u00fcrtelschlaufen Deiner Jeans. In den Gr\u00f6\u00dfen M, L und XL.<\/p>\n","protected":false},"featured_media":20011,"comment_status":"open","ping_status":"closed","template":"","meta":[],"product_brand":[],"product_cat":[155,3802],"product_tag":[],"class_list":{"0":"post-6835","1":"product","2":"type-product","3":"status-publish","4":"has-post-thumbnail","6":"product_cat-guertel-gurte-2","7":"product_cat-hosentraeger","8":"product_shipping_class-brief","10":"first","11":"instock","12":"taxable","13":"shipping-taxable","14":"purchasable","15":"product-type-variable"},"_links":{"self":[{"href":"https:\/\/www.hml-fetish.de\/shop\/wp-json\/wp\/v2\/product\/6835","targetHints":{"allow":["GET"]}}],"collection":[{"href":"https:\/\/www.hml-fetish.de\/shop\/wp-json\/wp\/v2\/product"}],"about":[{"href":"https:\/\/www.hml-fetish.de\/shop\/wp-json\/wp\/v2\/types\/product"}],"replies":[{"embeddable":true,"href":"https:\/\/www.hml-fetish.de\/shop\/wp-json\/wp\/v2\/comments?post=6835"}],"version-history":[{"count":0,"href":"https:\/\/www.hml-fetish.de\/shop\/wp-json\/wp\/v2\/product\/6835\/revisions"}],"wp:featuredmedia":[{"embeddable":true,"href":"https:\/\/www.hml-fetish.de\/shop\/wp-json\/wp\/v2\/media\/20011"}],"wp:attachment":[{"href":"https:\/\/www.hml-fetish.de\/shop\/wp-json\/wp\/v2\/media?parent=6835"}],"wp:term":[{"taxonomy":"product_brand","embeddable":true,"href":"https:\/\/www.hml-fetish.de\/shop\/wp-json\/wp\/v2\/product_brand?post=6835"},{"taxonomy":"product_cat","embeddable":true,"href":"https:\/\/www.hml-fetish.de\/shop\/wp-json\/wp\/v2\/product_cat?post=6835"},{"taxonomy":"product_tag","embeddable":true,"href":"https:\/\/www.hml-fetish.de\/shop\/wp-json\/wp\/v2\/product_tag?post=6835"}],"curies":[{"name":"wp","href":"https:\/\/api.w.org\/{rel}","templated":true}]}}