{"id":6834,"date":"2022-01-23T22:50:11","date_gmt":"2022-01-23T21:50:11","guid":{"rendered":"https:\/\/www.hml-fetish.de\/shop\/?post_type=product&#038;p=6834"},"modified":"2025-03-21T18:18:03","modified_gmt":"2025-03-21T17:18:03","slug":"leder-hosentraeger-25-mm-breit","status":"publish","type":"product","link":"https:\/\/www.hml-fetish.de\/shop\/leder-hosentraeger-25-mm-breit\/","title":{"rendered":"Leder-Hosentr\u00e4ger 25 mm breit"},"content":{"rendered":"<p><P>Alles kommt wieder. Diese Hosentr\u00e4ger aus schwerem Rindleder waren in den Neunzigern unsere Bestseller und werden jetzt wieder verst\u00e4rkt gefragt. Die 25 mm breiten, klassischen Hosen-Tr\u00e4ger, hier aus langlebigem, zweilagig umgebugtem Rindleder. 25 mm breite Gurte, vorne mit Schnallen einstellbar. Stahl-Karabiner zum Einh\u00e4ngen der Hosentr\u00e4ger in die G\u00fcrtelschlaufen Deiner Jeans. In den Gr\u00f6\u00dfen M bis XXL.<\/P><br \/>\n<P>Die hinteren Gurte sind herauskn\u00f6pfbar, je nachdem ob Du einen Gurt brauchst f\u00fcr eine G\u00fcrtelschlaufe in der Mitte (wie z.B. bei Levi&#8217;s Jeans) oder zwei Gurte.<br \/>\n<img decoding=\"async\" title=\"Gr\u00f6\u00dfentabelle\" src=\"\/GIF\/size_unisex_up.gif\" alt=\"Gr\u00f6\u00dfentabelle\" width=\"114\" height=\"194\" border=\"0\" \/><\/P><br \/>\n<P><B>Produktsicherheit:<\/B><BR><br \/>\nAllergiehinweis: Material Rindleder, Metallteile mit Hautkontakt sind rost- und nickelfrei<BR><br \/>\nVerantwortliche Person<BR><br \/>\nHML, Inhaber Dr. Detlef Moller<BR><br \/>\nNeukirchstra\u00dfe 18<BR><br \/>\n28215 Bremen<BR><br \/>\nDeutschland<BR><br \/>\ninfo@hml-fetish.de<\/P><\/p>\n","protected":false},"excerpt":{"rendered":"<h4>Leder-Hosentr\u00e4ger 25 mm breit<\/h4>\n<p><P>Alles kommt wieder. Diese Hosentr\u00e4ger waren in den Neunzigern unsere Bestseller und werden jetzt wieder verst\u00e4rkt gefragt. Die 25 mm breiten, klassischen Hosen-Tr\u00e4ger, hier aus langlebigem, zweilagig umgebugtem Rindleder. 25 mm breite Gurte, vorne mit Schnallen einstellbar. Stahl-Karabiner zum Einh\u00e4ngen der Hosentr\u00e4ger in die G\u00fcrtelschlaufen Deiner Jeans. In den Gr\u00f6\u00dfen M bis XXL.<\/P><\/p>\n","protected":false},"featured_media":37133,"comment_status":"open","ping_status":"closed","template":"","meta":[],"product_brand":[],"product_cat":[155,3802,106],"product_tag":[4398],"class_list":{"0":"post-6834","1":"product","2":"type-product","3":"status-publish","4":"has-post-thumbnail","6":"product_cat-guertel-gurte-2","7":"product_cat-hosentraeger","8":"product_cat-neu-bei-hml","9":"product_tag-hml-fetish-original","10":"product_shipping_class-paket","12":"first","13":"instock","14":"taxable","15":"shipping-taxable","16":"purchasable","17":"product-type-variable"},"_links":{"self":[{"href":"https:\/\/www.hml-fetish.de\/shop\/wp-json\/wp\/v2\/product\/6834","targetHints":{"allow":["GET"]}}],"collection":[{"href":"https:\/\/www.hml-fetish.de\/shop\/wp-json\/wp\/v2\/product"}],"about":[{"href":"https:\/\/www.hml-fetish.de\/shop\/wp-json\/wp\/v2\/types\/product"}],"replies":[{"embeddable":true,"href":"https:\/\/www.hml-fetish.de\/shop\/wp-json\/wp\/v2\/comments?post=6834"}],"version-history":[{"count":0,"href":"https:\/\/www.hml-fetish.de\/shop\/wp-json\/wp\/v2\/product\/6834\/revisions"}],"wp:featuredmedia":[{"embeddable":true,"href":"https:\/\/www.hml-fetish.de\/shop\/wp-json\/wp\/v2\/media\/37133"}],"wp:attachment":[{"href":"https:\/\/www.hml-fetish.de\/shop\/wp-json\/wp\/v2\/media?parent=6834"}],"wp:term":[{"taxonomy":"product_brand","embeddable":true,"href":"https:\/\/www.hml-fetish.de\/shop\/wp-json\/wp\/v2\/product_brand?post=6834"},{"taxonomy":"product_cat","embeddable":true,"href":"https:\/\/www.hml-fetish.de\/shop\/wp-json\/wp\/v2\/product_cat?post=6834"},{"taxonomy":"product_tag","embeddable":true,"href":"https:\/\/www.hml-fetish.de\/shop\/wp-json\/wp\/v2\/product_tag?post=6834"}],"curies":[{"name":"wp","href":"https:\/\/api.w.org\/{rel}","templated":true}]}}