{"id":6832,"date":"2022-01-23T22:50:10","date_gmt":"2022-01-23T21:50:10","guid":{"rendered":"https:\/\/www.hml-fetish.de\/shop\/?post_type=product&#038;p=6832"},"modified":"2026-03-22T21:23:50","modified_gmt":"2026-03-22T20:23:50","slug":"marigold-industrial-gloves","status":"publish","type":"product","link":"https:\/\/www.hml-fetish.de\/shop\/marigold-industrial-gloves\/","title":{"rendered":"Marigold Industrial Gloves"},"content":{"rendered":"<p>Wir haben sie wieder, die richtig geilen, glatten Industrie-Handschuhe: <b>Nur echt als \u00bbEmperor\u00ab von Marigold Industrial!<\/b> 0,9 mm starkes und formbest\u00e4ndiges Gummi. Tiefschwarz, sehr glatt, einfach geil. Diese Handschuhe \u2013 eigentlich in der chemischen Technik zum Arbeiten in \u00e4tzenden B\u00e4dern bzw. in starken Reinigern gedacht \u2013 bieten auch f\u00fcr den privaten Einsatz einige M\u00f6glichkeiten. Erh\u00e4ltlich in den Gr\u00f6\u00dfen S, M, L und XL.<\/p>\n<p>Es gibt drei Versionen: eine kurze, eine ellgogenlange und die extra lange Version, die bis zur Schulter reicht und f\u00fcr wirklich tief reichende Eingriffe geeignet ist \u2013 z.B. um nachzusehen, ob die Kuh schon tr\u00e4chtig ist. Diese Handschuhe fallen sehr gro\u00df aus. F\u00fcr einen hautengen Sitz daher lieber eine Gr\u00f6\u00dfe kleiner bestellen.<\/p>\n<p><b>Produkt Datenblatt (deutsch):<\/b><br \/>\n<a href=\"\/pdf\/Emperor_MW_02.pdf\"><img decoding=\"async\" src=\"\/pdf\/pdf.gif\" alt=\"Hier das Datenblatt zum Ausdrucken als PDF herunterladen!\" border=\"0\" \/><\/a><\/p>\n<p><img decoding=\"async\" title=\"Gr\u00f6\u00dfentabelle\" src=\"\/GIF\/size_handschuh.gif\" alt=\"Gr\u00f6\u00dfentabelle\" width=\"145\" height=\"192\" border=\"0\" \/><\/p>\n","protected":false},"excerpt":{"rendered":"<h4>Marigold Industrial Gloves<\/h4>\n<p>Wir haben sie wieder, die richtig geilen, glatten Industrie-Handschuhe: <b>Nur echt als \u00bbEmperor\u00ab von Marigold Industrial!<\/b> 0,9 mm starkes und formbest\u00e4ndiges Gummi. Tiefschwarz, sehr glatt, einfach geil. Diese Handschuhe \u2013 eigentlich in der chemischen Technik zum Arbeiten in \u00e4tzenden B\u00e4dern bzw. in starken Reinigern gedacht \u2013 bieten auch f\u00fcr den privaten Einsatz einige M\u00f6glichkeiten. Erh\u00e4ltlich in den Gr\u00f6\u00dfen S, M, L und XL.<\/p>\n","protected":false},"featured_media":20074,"comment_status":"open","ping_status":"closed","template":"","meta":[],"product_brand":[],"product_cat":[177,108],"product_tag":[],"class_list":{"0":"post-6832","1":"product","2":"type-product","3":"status-publish","4":"has-post-thumbnail","6":"product_cat-gummihandschuhe","7":"product_cat-restposten-einzelstuecke","8":"product_shipping_class-paket","10":"first","11":"instock","12":"taxable","13":"shipping-taxable","14":"purchasable","15":"product-type-variable"},"_links":{"self":[{"href":"https:\/\/www.hml-fetish.de\/shop\/wp-json\/wp\/v2\/product\/6832","targetHints":{"allow":["GET"]}}],"collection":[{"href":"https:\/\/www.hml-fetish.de\/shop\/wp-json\/wp\/v2\/product"}],"about":[{"href":"https:\/\/www.hml-fetish.de\/shop\/wp-json\/wp\/v2\/types\/product"}],"replies":[{"embeddable":true,"href":"https:\/\/www.hml-fetish.de\/shop\/wp-json\/wp\/v2\/comments?post=6832"}],"version-history":[{"count":0,"href":"https:\/\/www.hml-fetish.de\/shop\/wp-json\/wp\/v2\/product\/6832\/revisions"}],"wp:featuredmedia":[{"embeddable":true,"href":"https:\/\/www.hml-fetish.de\/shop\/wp-json\/wp\/v2\/media\/20074"}],"wp:attachment":[{"href":"https:\/\/www.hml-fetish.de\/shop\/wp-json\/wp\/v2\/media?parent=6832"}],"wp:term":[{"taxonomy":"product_brand","embeddable":true,"href":"https:\/\/www.hml-fetish.de\/shop\/wp-json\/wp\/v2\/product_brand?post=6832"},{"taxonomy":"product_cat","embeddable":true,"href":"https:\/\/www.hml-fetish.de\/shop\/wp-json\/wp\/v2\/product_cat?post=6832"},{"taxonomy":"product_tag","embeddable":true,"href":"https:\/\/www.hml-fetish.de\/shop\/wp-json\/wp\/v2\/product_tag?post=6832"}],"curies":[{"name":"wp","href":"https:\/\/api.w.org\/{rel}","templated":true}]}}