{"id":6826,"date":"2022-01-23T22:50:01","date_gmt":"2022-01-23T21:50:01","guid":{"rendered":"https:\/\/www.hml-fetish.de\/shop\/?post_type=product&#038;p=6826"},"modified":"2024-02-21T18:13:50","modified_gmt":"2024-02-21T17:13:50","slug":"gummi-handschuhe-03-mm","status":"publish","type":"product","link":"https:\/\/www.hml-fetish.de\/shop\/gummi-handschuhe-03-mm\/","title":{"rendered":"Gummi-Handschuhe 0,3 mm"},"content":{"rendered":"<p>Schwarze Gummihandschuhe aus Naturkautschuk-Latex. Durch das feine 0,35 mm starke Gummi bleibt das Tastgef\u00fchl erhalten. In den Gr\u00f6\u00dfen S, M, L und XL und in den L\u00e4ngen kurz (Handgelenk), ellbogenlang und armlang. Die Gesamtl\u00e4nge der Handschuhe betr\u00e4gt bei Arml\u00e4nge etwa 66 cm. Der minimale Oberarmumfang betr\u00e4gt bei Gr\u00f6\u00dfe S etwa 20 cm, M ca. 23 cm, L ca. 26 cm und XL ca. 28 cm.<\/p>\n<p><img decoding=\"async\" title=\"Gr\u00f6\u00dfentabelle\" src=\"\/GIF\/size_handschuh.gif\" alt=\"Gr\u00f6\u00dfentabelle\" width=\"145\" height=\"192\" border=\"0\" \/><\/p>\n","protected":false},"excerpt":{"rendered":"<h4>Gummi-Handschuhe 0,3 mm<\/h4>\n<p>Schwarze Handschuhe aus Naturkautschuk-Latex. Durch das feine 0,35 mm starke Gummi bleibt das Tastgef\u00fchl erhalten. In den Gr\u00f6\u00dfen S, M, L und XL und in den L\u00e4ngen kurz (Handgelenk), ellbogenlang und armlang. Die Gesamtl\u00e4nge der Handschuhe betr\u00e4gt bei Arml\u00e4nge etwa 66 cm. Der minimale Oberarmumfang betr\u00e4gt bei Gr\u00f6\u00dfe S etwa 20 cm, M ca. 23 cm, L ca. 26 cm und XL ca. 28 cm.<\/p>\n","protected":false},"featured_media":20164,"comment_status":"open","ping_status":"closed","template":"","meta":[],"product_brand":[],"product_cat":[177,95,136],"product_tag":[4379],"class_list":{"0":"post-6826","1":"product","2":"type-product","3":"status-publish","4":"has-post-thumbnail","6":"product_cat-gummihandschuhe","7":"product_cat-bestseller","8":"product_cat-klinik","9":"product_tag-bestseller-fetisch","10":"product_shipping_class-brief","12":"first","13":"instock","14":"taxable","15":"shipping-taxable","16":"purchasable","17":"product-type-variable"},"_links":{"self":[{"href":"https:\/\/www.hml-fetish.de\/shop\/wp-json\/wp\/v2\/product\/6826","targetHints":{"allow":["GET"]}}],"collection":[{"href":"https:\/\/www.hml-fetish.de\/shop\/wp-json\/wp\/v2\/product"}],"about":[{"href":"https:\/\/www.hml-fetish.de\/shop\/wp-json\/wp\/v2\/types\/product"}],"replies":[{"embeddable":true,"href":"https:\/\/www.hml-fetish.de\/shop\/wp-json\/wp\/v2\/comments?post=6826"}],"version-history":[{"count":0,"href":"https:\/\/www.hml-fetish.de\/shop\/wp-json\/wp\/v2\/product\/6826\/revisions"}],"wp:featuredmedia":[{"embeddable":true,"href":"https:\/\/www.hml-fetish.de\/shop\/wp-json\/wp\/v2\/media\/20164"}],"wp:attachment":[{"href":"https:\/\/www.hml-fetish.de\/shop\/wp-json\/wp\/v2\/media?parent=6826"}],"wp:term":[{"taxonomy":"product_brand","embeddable":true,"href":"https:\/\/www.hml-fetish.de\/shop\/wp-json\/wp\/v2\/product_brand?post=6826"},{"taxonomy":"product_cat","embeddable":true,"href":"https:\/\/www.hml-fetish.de\/shop\/wp-json\/wp\/v2\/product_cat?post=6826"},{"taxonomy":"product_tag","embeddable":true,"href":"https:\/\/www.hml-fetish.de\/shop\/wp-json\/wp\/v2\/product_tag?post=6826"}],"curies":[{"name":"wp","href":"https:\/\/api.w.org\/{rel}","templated":true}]}}