{"id":6819,"date":"2022-01-23T22:49:59","date_gmt":"2022-01-23T21:49:59","guid":{"rendered":"https:\/\/www.hml-fetish.de\/shop\/?post_type=product&#038;p=6819"},"modified":"2023-06-12T12:29:06","modified_gmt":"2023-06-12T10:29:06","slug":"police-handschuh-premium-zweifarbig","status":"publish","type":"product","link":"https:\/\/www.hml-fetish.de\/shop\/police-handschuh-premium-zweifarbig\/","title":{"rendered":"Police-Handschuh PREMIUM zweifarbig"},"content":{"rendered":"<p>Du vermi\u00dft die geilen, besonders d\u00fcnnen Handschuhe, die Damascus<sup>\u00ae<\/sup> fr\u00fcher hergestellt hat? Wir auch, und das hat uns nicht ruhen lassen, bis wir nach Jahren endlich einen ad\u00e4quaten Ersatz f\u00fcr den legend\u00e4ren \u00bbD301\/302\u00ab gefunden haben.<\/p>\n<p>Unser Nachfolge-Handschuh ist aus <i>Schafsleder (\u00e4hnlich wie Cabretta)<\/i> gearbeitet und nur 0,6 mm d\u00fcnn! Das gibt Dir dieses spezielle zweite-Haut-Gef\u00fchl, mit dem Du sie fast jeden Moment des Tages tragen kannst. Diese Ausf\u00fchrung ist mit einem Gummizug am Handgelenk (damit es gut sitzt). Die Handinnenseite ist schwarz. Der Handr\u00fccken ist farbig abgesetzt und ohne Ziern\u00e4hte gearbeitet.<\/p>\n<p>Handschuhe aus Schafsleder f\u00fchlen sich besonders weich und geschmeidig an. Es ist dabei aber wasserabweisend und sehr belastbar. Das Gef\u00fchl, wenn Dir jemand mit so behandschuhter Hand \u00fcber die nackte Haut streicht ist unbeschreiblich. Deswegen versuchen wir es auch nicht. Dieser Handschuh ist ein absolutes must-have f\u00fcr Uniformtr\u00e4ger und Fetischisten. Und Magie tragen sie auch in sich: Einmal \u00fcbergestreift wirst Du sie nie mehr ausziehen wollen!<\/p>\n<p><img decoding=\"async\" title=\"Gr\u00f6\u00dfentabelle\" src=\"\/GIF\/size_handschuh.gif\" alt=\"Gr\u00f6\u00dfentabelle\" width=\"145\" height=\"192\" border=\"0\" \/><\/p>\n","protected":false},"excerpt":{"rendered":"<h4>Police-Handschuh PREMIUM zweifarbig<\/h4>\n<p>Unsere Polizei Handschuhe sind aus <i>Schafsleder (\u00e4hnlich wie Cabretta)<\/i> gearbeitet und nur 0,6 mm d\u00fcnn! Das gibt Dir dieses spezielle zweite-Haut-Gef\u00fchl, mit dem Du sie fast jeden Moment des Tages tragen kannst. Diese Ausf\u00fchrung ist mit einem Gummizug am Handgelenk (damit es gut sitzt). Die Handinnenseite ist schwarz. Der Handr\u00fccken ist farbig abgesetzt und ohne Ziern\u00e4hte gearbeitet.<\/p>\n","protected":false},"featured_media":20338,"comment_status":"open","ping_status":"closed","template":"","meta":[],"product_brand":[],"product_cat":[154,146,106],"product_tag":[4398],"class_list":{"0":"post-6819","1":"product","2":"type-product","3":"status-publish","4":"has-post-thumbnail","6":"product_cat-handschuhe","7":"product_cat-accessoires","8":"product_cat-neu-bei-hml","9":"product_tag-hml-fetish-original","10":"product_shipping_class-brief","12":"first","13":"instock","14":"taxable","15":"shipping-taxable","16":"purchasable","17":"product-type-variable"},"_links":{"self":[{"href":"https:\/\/www.hml-fetish.de\/shop\/wp-json\/wp\/v2\/product\/6819","targetHints":{"allow":["GET"]}}],"collection":[{"href":"https:\/\/www.hml-fetish.de\/shop\/wp-json\/wp\/v2\/product"}],"about":[{"href":"https:\/\/www.hml-fetish.de\/shop\/wp-json\/wp\/v2\/types\/product"}],"replies":[{"embeddable":true,"href":"https:\/\/www.hml-fetish.de\/shop\/wp-json\/wp\/v2\/comments?post=6819"}],"version-history":[{"count":0,"href":"https:\/\/www.hml-fetish.de\/shop\/wp-json\/wp\/v2\/product\/6819\/revisions"}],"wp:featuredmedia":[{"embeddable":true,"href":"https:\/\/www.hml-fetish.de\/shop\/wp-json\/wp\/v2\/media\/20338"}],"wp:attachment":[{"href":"https:\/\/www.hml-fetish.de\/shop\/wp-json\/wp\/v2\/media?parent=6819"}],"wp:term":[{"taxonomy":"product_brand","embeddable":true,"href":"https:\/\/www.hml-fetish.de\/shop\/wp-json\/wp\/v2\/product_brand?post=6819"},{"taxonomy":"product_cat","embeddable":true,"href":"https:\/\/www.hml-fetish.de\/shop\/wp-json\/wp\/v2\/product_cat?post=6819"},{"taxonomy":"product_tag","embeddable":true,"href":"https:\/\/www.hml-fetish.de\/shop\/wp-json\/wp\/v2\/product_tag?post=6819"}],"curies":[{"name":"wp","href":"https:\/\/api.w.org\/{rel}","templated":true}]}}