{"id":6815,"date":"2022-01-23T22:49:58","date_gmt":"2022-01-23T21:49:58","guid":{"rendered":"https:\/\/www.hml-fetish.de\/shop\/?post_type=product&#038;p=6815"},"modified":"2025-01-22T14:16:24","modified_gmt":"2025-01-22T13:16:24","slug":"op-handschuh-100-er-schwarz","status":"publish","type":"product","link":"https:\/\/www.hml-fetish.de\/shop\/op-handschuh-100-er-schwarz\/","title":{"rendered":"OP-Handschuh 100-er schwarz"},"content":{"rendered":"<p><P>Medizinische Einweghandschuhe aus schwarzem Latex. <b>Nicht gepudert<\/b>, also auch nicht allergief\u00f6rdernd. Mit Rollrand und mikrogerauhter Handfl\u00e4che. 100 St\u00fcck in einem Karton-Spender. Erh\u00e4ltlich in den Gr\u00f6\u00dfen S, M, L und XL (XS auf Anfrage). F\u00fcr&#8217;s Fisten mit Crisco oder Elbow Grease wirklich nur ein Mal benutzen, denn Crisco greift das Gummi an.<\/P><br \/>\n<P><img decoding=\"async\" src=\"\/GIF\/size_handschuh.gif\" alt=\"Gr\u00f6\u00dfentabelle\" title=\"Gr\u00f6\u00dfentabelle\" border=\"0\" height=\"192\" width=\"145\"><\/P><br \/>\n<P>Diese Handschuhe sind besonders griffig. Besonders bei l\u00e4ngerem Tragen garantieren sie ein angenehmes Gef\u00fchl ohne Erm\u00fcdungserscheinungen. Mit einem Proteingehalt von weniger als 50 \u00b5g\/dm\u00b2 sind sie au\u00dferdem \u00fcberaus hautfreundlich. Mikrogeraute Finger- und Handfl\u00e4chen gew\u00e4hrleisten Rutschfestigkeit und einen sicheren Umgang mit unterschiedlichen Oberfl\u00e4chen und jeder Art von &#8220;Instrumenten&#8221;.<br \/>\nDie Handschuhe sind au\u00dferdem chloriert und besitzen einen stabilen Rollrand, sodass sie sich problemlos an- und ausziehen lassen.<\/P><br \/>\n<P>Angaben zur Produktsicherheit:<BR><br \/>\nHygiene- und Schutzhandschuh<BR><br \/>\nNORMEN HANDSCHUHE EN 455, T. 1-4, CE, EN 374-1 Typ-B<BR><br \/>\nQUALIT\u00c4TSSTANDARD\/NORMEN Chemikalienschutz Typ B, EN 455 1-4, Lebensmittel geeignet<BR><br \/>\nHersteller: UNIGLOVES\u00ae Arzt- und Klinikbedarf Handelsgesellschaft mbH | Camp-Spich-Stra\u00dfe 71 | 53842 Troisdorf-<br \/>\nSpich<BR><br \/>\nKontakt: unigloves@unigloves.de<\/P><\/p>\n","protected":false},"excerpt":{"rendered":"<h4>OP-Handschuh 100-er schwarz<\/h4>\n<p><P>Medizinische Einweg-Handschuhe aus schwarzem Latex. <b>Nicht gepudert<\/b>, also auch nicht allergief\u00f6rdernd. Mit Rollrand und mikrogerauhter Handfl\u00e4che. 100 St\u00fcck in einem Karton-Spender. Erh\u00e4ltlich in den Gr\u00f6\u00dfen S, M, L und XL. F\u00fcr&#8217;s Fisten mit Crisco oder Elbow Grease wirklich nur ein Mal benutzen, denn Crisco greift das Gummi an.<\/P><\/p>\n","protected":false},"featured_media":36501,"comment_status":"open","ping_status":"closed","template":"","meta":[],"product_brand":[],"product_cat":[136,95,177],"product_tag":[],"class_list":{"0":"post-6815","1":"product","2":"type-product","3":"status-publish","4":"has-post-thumbnail","6":"product_cat-klinik","7":"product_cat-bestseller","8":"product_cat-gummihandschuhe","9":"product_shipping_class-paket","11":"first","12":"instock","13":"sale","14":"taxable","15":"shipping-taxable","16":"purchasable","17":"product-type-variable"},"_links":{"self":[{"href":"https:\/\/www.hml-fetish.de\/shop\/wp-json\/wp\/v2\/product\/6815","targetHints":{"allow":["GET"]}}],"collection":[{"href":"https:\/\/www.hml-fetish.de\/shop\/wp-json\/wp\/v2\/product"}],"about":[{"href":"https:\/\/www.hml-fetish.de\/shop\/wp-json\/wp\/v2\/types\/product"}],"replies":[{"embeddable":true,"href":"https:\/\/www.hml-fetish.de\/shop\/wp-json\/wp\/v2\/comments?post=6815"}],"version-history":[{"count":0,"href":"https:\/\/www.hml-fetish.de\/shop\/wp-json\/wp\/v2\/product\/6815\/revisions"}],"wp:featuredmedia":[{"embeddable":true,"href":"https:\/\/www.hml-fetish.de\/shop\/wp-json\/wp\/v2\/media\/36501"}],"wp:attachment":[{"href":"https:\/\/www.hml-fetish.de\/shop\/wp-json\/wp\/v2\/media?parent=6815"}],"wp:term":[{"taxonomy":"product_brand","embeddable":true,"href":"https:\/\/www.hml-fetish.de\/shop\/wp-json\/wp\/v2\/product_brand?post=6815"},{"taxonomy":"product_cat","embeddable":true,"href":"https:\/\/www.hml-fetish.de\/shop\/wp-json\/wp\/v2\/product_cat?post=6815"},{"taxonomy":"product_tag","embeddable":true,"href":"https:\/\/www.hml-fetish.de\/shop\/wp-json\/wp\/v2\/product_tag?post=6815"}],"curies":[{"name":"wp","href":"https:\/\/api.w.org\/{rel}","templated":true}]}}