{"id":6813,"date":"2022-01-23T22:49:57","date_gmt":"2022-01-23T21:49:57","guid":{"rendered":"https:\/\/www.hml-fetish.de\/shop\/?post_type=product&#038;p=6813"},"modified":"2026-03-22T21:23:50","modified_gmt":"2026-03-22T20:23:50","slug":"marigold-arbeitshandschuhe","status":"publish","type":"product","link":"https:\/\/www.hml-fetish.de\/shop\/marigold-arbeitshandschuhe\/","title":{"rendered":"Marigold Arbeitshandschuhe"},"content":{"rendered":"<p><P>0,6 mm stark sind diese spannenden Handschuhe, die wir neu in unser Sortiment aufgenommen haben. Sie bestehen aus schwarzem Neopren, das auf der Innenseite wei\u00df beschichtet ist. Dieses Material, das auch in den Anz\u00fcgen der Surfer steckt, ist besonders widerstandsf\u00e4hig. Die Handinnenfl\u00e4che tr\u00e4gt eine Strukturpr\u00e4gung. Stell Dir vor wie es sich anf\u00fchlt, wenn Dir jemand damit ganz sachte \u00fcber Deine nackte Haut streicht, w\u00e4hrend Deine Augen verbunden sind. Unbeschreiblich!<\/P><br \/>\n<P>Erh\u00e4ltlich in den Gr\u00f6\u00dfen S, M, L und XL in einer 30 cm langen Version, deren Stulpe bis auf den Unterarm reicht. Marigold Industrials sind DER Hersteller f\u00fcr hochwertige Industrie-Handschuhe. In dieser hohen Qualit\u00e4t ein echter Knallerpreis!<br \/>\n<BR><img decoding=\"async\" src=\"\/GIF\/size_handschuh.gif\" alt=\"Gr\u00f6\u00dfentabelle\" title=\"Gr\u00f6\u00dfentabelle\" border=\"0\" height=\"192\" width=\"145\"><\/P><\/p>\n","protected":false},"excerpt":{"rendered":"<h4>Marigold Arbeitshandschuhe<\/h4>\n<p><P>0,6 mm stark sind diese spannenden Handschuhe, die wir neu in unser Sortiment aufgenommen haben. Sie bestehen aus schwarzem Neopren, das auf der Innenseite wei\u00df beschichtet ist. Dieses Material, das auch in den Anz\u00fcgen der Surfer steckt, ist besonders widerstandsf\u00e4hig. Die Handinnenfl\u00e4che tr\u00e4gt eine Strukturpr\u00e4gung. Stell Dir vor wie es sich anf\u00fchlt, wenn Dir jemand damit ganz sachte \u00fcber Deine nackte Haut streicht, w\u00e4hrend Deine Augen verbunden sind. Unbeschreiblich!<\/P><\/p>\n","protected":false},"featured_media":20496,"comment_status":"open","ping_status":"closed","template":"","meta":[],"product_brand":[],"product_cat":[177,105],"product_tag":[],"class_list":{"0":"post-6813","1":"product","2":"type-product","3":"status-publish","4":"has-post-thumbnail","6":"product_cat-gummihandschuhe","7":"product_cat-sonderangebote","8":"product_shipping_class-brief","10":"first","11":"instock","12":"sale","13":"taxable","14":"shipping-taxable","15":"purchasable","16":"product-type-variable"},"_links":{"self":[{"href":"https:\/\/www.hml-fetish.de\/shop\/wp-json\/wp\/v2\/product\/6813","targetHints":{"allow":["GET"]}}],"collection":[{"href":"https:\/\/www.hml-fetish.de\/shop\/wp-json\/wp\/v2\/product"}],"about":[{"href":"https:\/\/www.hml-fetish.de\/shop\/wp-json\/wp\/v2\/types\/product"}],"replies":[{"embeddable":true,"href":"https:\/\/www.hml-fetish.de\/shop\/wp-json\/wp\/v2\/comments?post=6813"}],"version-history":[{"count":0,"href":"https:\/\/www.hml-fetish.de\/shop\/wp-json\/wp\/v2\/product\/6813\/revisions"}],"wp:featuredmedia":[{"embeddable":true,"href":"https:\/\/www.hml-fetish.de\/shop\/wp-json\/wp\/v2\/media\/20496"}],"wp:attachment":[{"href":"https:\/\/www.hml-fetish.de\/shop\/wp-json\/wp\/v2\/media?parent=6813"}],"wp:term":[{"taxonomy":"product_brand","embeddable":true,"href":"https:\/\/www.hml-fetish.de\/shop\/wp-json\/wp\/v2\/product_brand?post=6813"},{"taxonomy":"product_cat","embeddable":true,"href":"https:\/\/www.hml-fetish.de\/shop\/wp-json\/wp\/v2\/product_cat?post=6813"},{"taxonomy":"product_tag","embeddable":true,"href":"https:\/\/www.hml-fetish.de\/shop\/wp-json\/wp\/v2\/product_tag?post=6813"}],"curies":[{"name":"wp","href":"https:\/\/api.w.org\/{rel}","templated":true}]}}