{"id":6812,"date":"2022-01-23T22:49:57","date_gmt":"2022-01-23T21:49:57","guid":{"rendered":"https:\/\/www.hml-fetish.de\/shop\/?post_type=product&#038;p=6812"},"modified":"2023-06-12T12:30:54","modified_gmt":"2023-06-12T10:30:54","slug":"fetisch-handschuhe-schulterlang-80-cm","status":"publish","type":"product","link":"https:\/\/www.hml-fetish.de\/shop\/fetisch-handschuhe-schulterlang-80-cm\/","title":{"rendered":"Fetisch-Handschuhe schulterlang (80 cm)"},"content":{"rendered":"<p>Nur bei HML Fetish zu bekommen: Wir haben einen unserer Produzenten \u00fcberzeugen k\u00f6nnen, die hautengen Fetischhandschuhe auch in einer ultra langen Version aufzulegen. Das Ergebnis hat alle unsere Erwartungen \u00fcbertroffen. 80 cm lange Gloves umschlie\u00dfen Deine Arme hauteng bis \u00fcber die Schultern. Auch diese Handschuhe sind ungef\u00fcttert. Zwischen Dir und der restlichen Welt befinden sich lediglich 0,7 mm feinstes, schwarzes Anilinleder.<\/p>\n<p>Diese Handschuhe sind sehr lang. Sollten Deine Arme zu kurz sein, empfehlen wir Dir, die Handschuhe nach au\u00dfen oder nach innen umzukrempeln.<\/p>\n<p><img decoding=\"async\" title=\"Gr\u00f6\u00dfentabelle\" src=\"\/GIF\/size_handschuh.gif\" alt=\"Gr\u00f6\u00dfentabelle\" width=\"145\" height=\"192\" border=\"0\" \/><\/p>\n","protected":false},"excerpt":{"rendered":"<h4>Fetisch-Handschuhe schulterlang (80 cm)<\/h4>\n<p>Nur bei HML Fetish zu bekommen: Wir haben einen unserer Produzenten \u00fcberzeugen k\u00f6nnen, die hautengen Fetisch-Handschuhe auch in einer ultra langen Version aufzulegen. Das Ergebnis hat alle unsere Erwartungen \u00fcbertroffen. 80 cm lange Gloves umschlie\u00dfen Deine Arme hauteng bis \u00fcber die Schultern. Auch diese Handschuhe sind ungef\u00fcttert. Zwischen Dir und der restlichen Welt befinden sich lediglich 0,7 mm feinstes, schwarzes Anilinleder.<\/p>\n","protected":false},"featured_media":20521,"comment_status":"open","ping_status":"closed","template":"","meta":[],"product_brand":[],"product_cat":[154,132,106],"product_tag":[4398],"class_list":{"0":"post-6812","1":"product","2":"type-product","3":"status-publish","4":"has-post-thumbnail","6":"product_cat-handschuhe","7":"product_cat-dungeon","8":"product_cat-neu-bei-hml","9":"product_tag-hml-fetish-original","10":"product_shipping_class-paket","12":"first","13":"instock","14":"taxable","15":"shipping-taxable","16":"purchasable","17":"product-type-variable"},"_links":{"self":[{"href":"https:\/\/www.hml-fetish.de\/shop\/wp-json\/wp\/v2\/product\/6812","targetHints":{"allow":["GET"]}}],"collection":[{"href":"https:\/\/www.hml-fetish.de\/shop\/wp-json\/wp\/v2\/product"}],"about":[{"href":"https:\/\/www.hml-fetish.de\/shop\/wp-json\/wp\/v2\/types\/product"}],"replies":[{"embeddable":true,"href":"https:\/\/www.hml-fetish.de\/shop\/wp-json\/wp\/v2\/comments?post=6812"}],"version-history":[{"count":0,"href":"https:\/\/www.hml-fetish.de\/shop\/wp-json\/wp\/v2\/product\/6812\/revisions"}],"wp:featuredmedia":[{"embeddable":true,"href":"https:\/\/www.hml-fetish.de\/shop\/wp-json\/wp\/v2\/media\/20521"}],"wp:attachment":[{"href":"https:\/\/www.hml-fetish.de\/shop\/wp-json\/wp\/v2\/media?parent=6812"}],"wp:term":[{"taxonomy":"product_brand","embeddable":true,"href":"https:\/\/www.hml-fetish.de\/shop\/wp-json\/wp\/v2\/product_brand?post=6812"},{"taxonomy":"product_cat","embeddable":true,"href":"https:\/\/www.hml-fetish.de\/shop\/wp-json\/wp\/v2\/product_cat?post=6812"},{"taxonomy":"product_tag","embeddable":true,"href":"https:\/\/www.hml-fetish.de\/shop\/wp-json\/wp\/v2\/product_tag?post=6812"}],"curies":[{"name":"wp","href":"https:\/\/api.w.org\/{rel}","templated":true}]}}