{"id":6811,"date":"2022-01-23T22:49:57","date_gmt":"2022-01-23T21:49:57","guid":{"rendered":"https:\/\/www.hml-fetish.de\/shop\/?post_type=product&#038;p=6811"},"modified":"2025-12-24T11:03:12","modified_gmt":"2025-12-24T10:03:12","slug":"touchscreen-handschuhe-gross","status":"publish","type":"product","link":"https:\/\/www.hml-fetish.de\/shop\/touchscreen-handschuhe-gross\/","title":{"rendered":"Touchscreen-Handschuhe gro\u00df"},"content":{"rendered":"<p><P>Hast Du schon einmal den Touchscreen Deines Smartphones oder Tablets drau\u00dfen in der K\u00e4lte benutzt? Dann wei\u00dft Du, da\u00df es einen Punkt gibt, an dem Deine Finger steif werden und am Glas festzufrieren scheinen. iese Zeit ist jetzt vorbei. Mit unserem neuen Handschuh kannst Du den Bildschirm bedienen, ohne ihn ausziehen zu m\u00fcssen. Dabei ist er aus feinem, weichem nur 0,7 mm dickem Leder mit einem weichen Innenfutter. Die Handinnenfl\u00e4che ist aus grifffreundlichem Gewebe.<\/P><br \/>\n<P>Der Trick: Daumen und Zeigefinger tragen auf den Fingerkuppen eine elektrisch leitende Beschichtung. Damit erkennt das Display die Ber\u00fchrung und Du kannst drau\u00dfen ebenso entspannt arbeiten, wie drinnen. Der Handschuh ist schlank geschnitten, dabei elastisch im Handgelenk und tr\u00e4gt dezente Abn\u00e4her auf dem Handr\u00fccken. Sehr m\u00e4nnlich und geil.<br \/>\n<BR><img decoding=\"async\" src=\"\/GIF\/size_handschuh.gif\" alt=\"Gr\u00f6\u00dfentabelle\" title=\"Gr\u00f6\u00dfentabelle\" border=\"0\" height=\"192\" width=\"145\"><\/P><\/p>\n","protected":false},"excerpt":{"rendered":"<h4>Touchscreen-Handschuhe gro\u00df<\/h4>\n<p><P>Hast Du schon einmal den Touchscreen Deines Smartphones oder Tablets drau\u00dfen in der K\u00e4lte benutzt? Dann wei\u00dft Du, da\u00df es einen Punkt gibt, an dem Deine Finger steif werden und am Glas festzufrieren scheinen. iese Zeit ist jetzt vorbei. Mit unserem neuen Handschuh kannst Du den Bildschirm bedienen, ohne ihn ausziehen zu m\u00fcssen. Dabei ist er aus feinem, weichem nur 0,7 mm dickem Leder mit einem weichen Innenfutter. Die Handinnenfl\u00e4che ist aus grifffreundlichem Gewebe.<\/P><\/p>\n","protected":false},"featured_media":20552,"comment_status":"open","ping_status":"closed","template":"","meta":[],"product_brand":[],"product_cat":[154,108],"product_tag":[],"class_list":{"0":"post-6811","1":"product","2":"type-product","3":"status-publish","4":"has-post-thumbnail","6":"product_cat-handschuhe","7":"product_cat-restposten-einzelstuecke","8":"product_shipping_class-brief","10":"first","11":"instock","12":"sale","13":"taxable","14":"shipping-taxable","15":"purchasable","16":"product-type-variable"},"_links":{"self":[{"href":"https:\/\/www.hml-fetish.de\/shop\/wp-json\/wp\/v2\/product\/6811","targetHints":{"allow":["GET"]}}],"collection":[{"href":"https:\/\/www.hml-fetish.de\/shop\/wp-json\/wp\/v2\/product"}],"about":[{"href":"https:\/\/www.hml-fetish.de\/shop\/wp-json\/wp\/v2\/types\/product"}],"replies":[{"embeddable":true,"href":"https:\/\/www.hml-fetish.de\/shop\/wp-json\/wp\/v2\/comments?post=6811"}],"version-history":[{"count":0,"href":"https:\/\/www.hml-fetish.de\/shop\/wp-json\/wp\/v2\/product\/6811\/revisions"}],"wp:featuredmedia":[{"embeddable":true,"href":"https:\/\/www.hml-fetish.de\/shop\/wp-json\/wp\/v2\/media\/20552"}],"wp:attachment":[{"href":"https:\/\/www.hml-fetish.de\/shop\/wp-json\/wp\/v2\/media?parent=6811"}],"wp:term":[{"taxonomy":"product_brand","embeddable":true,"href":"https:\/\/www.hml-fetish.de\/shop\/wp-json\/wp\/v2\/product_brand?post=6811"},{"taxonomy":"product_cat","embeddable":true,"href":"https:\/\/www.hml-fetish.de\/shop\/wp-json\/wp\/v2\/product_cat?post=6811"},{"taxonomy":"product_tag","embeddable":true,"href":"https:\/\/www.hml-fetish.de\/shop\/wp-json\/wp\/v2\/product_tag?post=6811"}],"curies":[{"name":"wp","href":"https:\/\/api.w.org\/{rel}","templated":true}]}}