{"id":6801,"date":"2022-01-23T22:49:54","date_gmt":"2022-01-23T21:49:54","guid":{"rendered":"https:\/\/www.hml-fetish.de\/shop\/?post_type=product&#038;p=6801"},"modified":"2025-03-21T17:56:46","modified_gmt":"2025-03-21T16:56:46","slug":"police-handschuh-premium","status":"publish","type":"product","link":"https:\/\/www.hml-fetish.de\/shop\/police-handschuh-premium\/","title":{"rendered":"Police-Handschuh PREMIUM"},"content":{"rendered":"<p><P>Du vermi\u00dft die geilen, besonders d\u00fcnnen Schafsleder Handschuhe, die Damascus<sup>\u00ae<\/sup> fr\u00fcher hergestellt hat? Wir auch, und das hat uns nicht ruhen lassen, bis wir nach Jahren endlich einen ad\u00e4quaten Ersatz f\u00fcr den legend\u00e4ren \u00bbD301\/302\u00ab gefunden haben. Unser Nachfolge-Handschuh ist aus <i>Schafsleder (\u00e4hnlich wie Glac\u00e9)<\/i> gearbeitet und nur 0,6 mm d\u00fcnn! Das gibt Dir dieses spezielle zweite-Haut-Gef\u00fchl, mit dem Du diese Handschuhe fast jeden Moment des Tages tragen kannst. Diese Ausf\u00fchrung ist mit einem Gummizug am Handgelenk (damit es gut sitzt).<\/P><br \/>\n<P>Das Leder f\u00fchlt sich besonders weich und geschmeidig an. Es ist dabei aber wasserabweisend und sehr belastbar. Das Gef\u00fchl, wenn Dir jemand mit so behandschuhter Hand \u00fcber die nackte Haut streicht ist unbeschreiblich. Deswegen versuchen wir es auch nicht. Dieser Handschuh ist ein absolutes must-have f\u00fcr Uniformtr\u00e4ger und Fetischisten. Und Magie tragen sie auch in sich: Einmal \u00fcbergestreift wirst Du sie nie mehr ausziehen wollen!<\/P><br \/>\n<P>Wir haben zwei Versionen f\u00fcr Dich am Lager: eine mit dekorativen Abn\u00e4hern auf dem Handr\u00fccken und eine, die dort v\u00f6llig glatt ist. Es ist Deine Entscheidung, welche Variante Dir besser gef\u00e4llt!<\/P><br \/>\n<img decoding=\"async\" title=\"Gr\u00f6\u00dfentabelle\" src=\"\/GIF\/size_handschuh.gif\" alt=\"Gr\u00f6\u00dfentabelle\" width=\"145\" height=\"192\" border=\"0\" \/><br \/>\n<P><B>Produktsicherheit:<\/B><BR><br \/>\nAllergiehinweis: Material Rindleder, Metallteile mit Hautkontakt sind rost- und nickelfrei<BR><br \/>\nVerantwortliche Person<BR><br \/>\nHML, Inhaber Dr. Detlef Moller<BR><br \/>\nNeukirchstra\u00dfe 18<BR><br \/>\n28215 Bremen<BR><br \/>\nDeutschland<BR><br \/>\ninfo@hml-fetish.de<\/P><\/p>\n","protected":false},"excerpt":{"rendered":"<h4>Police-Handschuh PREMIUM<\/h4>\n<p>Du vermi\u00dft geile, besonders d\u00fcnne Handschuhe, wie sie Damascus<sup>\u00ae<\/sup> fr\u00fcher hergestellt hat? Wir auch, und das hat uns nicht ruhen lassen, bis wir nach Jahren endlich einen ad\u00e4quaten Ersatz f\u00fcr den legend\u00e4ren \u00bbD301\/302\u00ab gefunden haben. Unser Nachfolge-Handschuh ist aus <i>Schafsleder (\u00e4hnlich wie Glac\u00e9)<\/i> gearbeitet und nur 0,6 mm d\u00fcnn! Das gibt Dir dieses spezielle zweite-Haut-Gef\u00fchl, mit dem Du diese Handschuhe fast jeden Moment des Tages tragen kannst. Diese Ausf\u00fchrung gibt es mit einem Gummizug am Handgelenk (damit es gut sitzt) und entweder mit dezenten, formgebenden N\u00e4hten auf dem Handr\u00fccken oder in einer v\u00f6llig glatten Version.<\/p>\n","protected":false},"featured_media":20812,"comment_status":"open","ping_status":"closed","template":"","meta":[],"product_brand":[],"product_cat":[154,146,95,163],"product_tag":[4395,4398],"class_list":{"0":"post-6801","1":"product","2":"type-product","3":"status-publish","4":"has-post-thumbnail","6":"product_cat-handschuhe","7":"product_cat-accessoires","8":"product_cat-bestseller","9":"product_cat-lederfesseln","10":"product_tag-bestseller-leder","11":"product_tag-hml-fetish-original","12":"product_shipping_class-brief","14":"first","15":"instock","16":"taxable","17":"shipping-taxable","18":"purchasable","19":"product-type-variable"},"_links":{"self":[{"href":"https:\/\/www.hml-fetish.de\/shop\/wp-json\/wp\/v2\/product\/6801","targetHints":{"allow":["GET"]}}],"collection":[{"href":"https:\/\/www.hml-fetish.de\/shop\/wp-json\/wp\/v2\/product"}],"about":[{"href":"https:\/\/www.hml-fetish.de\/shop\/wp-json\/wp\/v2\/types\/product"}],"replies":[{"embeddable":true,"href":"https:\/\/www.hml-fetish.de\/shop\/wp-json\/wp\/v2\/comments?post=6801"}],"version-history":[{"count":0,"href":"https:\/\/www.hml-fetish.de\/shop\/wp-json\/wp\/v2\/product\/6801\/revisions"}],"wp:featuredmedia":[{"embeddable":true,"href":"https:\/\/www.hml-fetish.de\/shop\/wp-json\/wp\/v2\/media\/20812"}],"wp:attachment":[{"href":"https:\/\/www.hml-fetish.de\/shop\/wp-json\/wp\/v2\/media?parent=6801"}],"wp:term":[{"taxonomy":"product_brand","embeddable":true,"href":"https:\/\/www.hml-fetish.de\/shop\/wp-json\/wp\/v2\/product_brand?post=6801"},{"taxonomy":"product_cat","embeddable":true,"href":"https:\/\/www.hml-fetish.de\/shop\/wp-json\/wp\/v2\/product_cat?post=6801"},{"taxonomy":"product_tag","embeddable":true,"href":"https:\/\/www.hml-fetish.de\/shop\/wp-json\/wp\/v2\/product_tag?post=6801"}],"curies":[{"name":"wp","href":"https:\/\/api.w.org\/{rel}","templated":true}]}}