{"id":6796,"date":"2022-01-23T22:49:34","date_gmt":"2022-01-23T21:49:34","guid":{"rendered":"https:\/\/www.hml-fetish.de\/shop\/?post_type=product&#038;p=6796"},"modified":"2022-06-26T12:42:55","modified_gmt":"2022-06-26T10:42:55","slug":"leder-handschellen-holster","status":"publish","type":"product","link":"https:\/\/www.hml-fetish.de\/shop\/leder-handschellen-holster\/","title":{"rendered":"Leder-Handschellen-Holster"},"content":{"rendered":"<p><P>Ein robustes Lederholster, universal passend f\u00fcr alle unsere Handschellen. Kn\u00f6pfe es mit den starken Druckkn\u00f6pfen einfach in Deinen Hoseng\u00fcrtel ein und habe Deine Lieblinge-Handschellen so immer einsatzbereit.<\/P><\/p>\n","protected":false},"excerpt":{"rendered":"<h4>Leder-Handschellen-Holster<\/h4>\n<p><P>Ein robustes Lederholster, universal passend f\u00fcr alle unsere Handschellen. Kn\u00f6pfe es mit den starken Druckkn\u00f6pfen einfach in Deinen Hoseng\u00fcrtel ein und habe Deine Lieblinge-Handschellen so immer einsatzbereit.<\/P><\/p>\n","protected":false},"featured_media":20954,"comment_status":"open","ping_status":"closed","template":"","meta":[],"product_brand":[],"product_cat":[151,169,140],"product_tag":[4398],"class_list":{"0":"post-6796","1":"product","2":"type-product","3":"status-publish","4":"has-post-thumbnail","6":"product_cat-accessoires-2","7":"product_cat-army-accessoires","8":"product_cat-stahlfesseln","9":"product_tag-hml-fetish-original","10":"product_shipping_class-paket","12":"first","13":"instock","14":"taxable","15":"shipping-taxable","16":"purchasable","17":"product-type-simple"},"_links":{"self":[{"href":"https:\/\/www.hml-fetish.de\/shop\/wp-json\/wp\/v2\/product\/6796","targetHints":{"allow":["GET"]}}],"collection":[{"href":"https:\/\/www.hml-fetish.de\/shop\/wp-json\/wp\/v2\/product"}],"about":[{"href":"https:\/\/www.hml-fetish.de\/shop\/wp-json\/wp\/v2\/types\/product"}],"replies":[{"embeddable":true,"href":"https:\/\/www.hml-fetish.de\/shop\/wp-json\/wp\/v2\/comments?post=6796"}],"version-history":[{"count":0,"href":"https:\/\/www.hml-fetish.de\/shop\/wp-json\/wp\/v2\/product\/6796\/revisions"}],"wp:featuredmedia":[{"embeddable":true,"href":"https:\/\/www.hml-fetish.de\/shop\/wp-json\/wp\/v2\/media\/20954"}],"wp:attachment":[{"href":"https:\/\/www.hml-fetish.de\/shop\/wp-json\/wp\/v2\/media?parent=6796"}],"wp:term":[{"taxonomy":"product_brand","embeddable":true,"href":"https:\/\/www.hml-fetish.de\/shop\/wp-json\/wp\/v2\/product_brand?post=6796"},{"taxonomy":"product_cat","embeddable":true,"href":"https:\/\/www.hml-fetish.de\/shop\/wp-json\/wp\/v2\/product_cat?post=6796"},{"taxonomy":"product_tag","embeddable":true,"href":"https:\/\/www.hml-fetish.de\/shop\/wp-json\/wp\/v2\/product_tag?post=6796"}],"curies":[{"name":"wp","href":"https:\/\/api.w.org\/{rel}","templated":true}]}}