{"id":6794,"date":"2022-01-23T22:49:34","date_gmt":"2022-01-23T21:49:34","guid":{"rendered":"https:\/\/www.hml-fetish.de\/shop\/?post_type=product&#038;p=6794"},"modified":"2022-04-23T11:01:44","modified_gmt":"2022-04-23T09:01:44","slug":"handschellentasche-glatt","status":"publish","type":"product","link":"https:\/\/www.hml-fetish.de\/shop\/handschellentasche-glatt\/","title":{"rendered":"Handschellentasche glatt"},"content":{"rendered":"<p><P>Eine G\u00fcrteltasche aus geformtem dickem Blankleder. F\u00fcr alle g\u00e4ngigen Handschellentypen geeignet und innen mit Schl\u00fcsselhalter f\u00fcr Handschellenschl\u00fcssel. Dies ist die Ausf\u00fchrung f\u00fcr alle unsere glatten G\u00fcrtel, ob nun der Sam-Browne G\u00fcrtel ist, oder die G\u00fcrtel f\u00fcr unsere Lederjeans &#8211; es pa\u00dft immer und sieht sehr \u00fcberzeugend aus!<\/P><\/p>\n","protected":false},"excerpt":{"rendered":"<h4>Handschellentasche glatt<\/h4>\n<p><P>Eine G\u00fcrteltasche aus geformtem dickem Blankleder. F\u00fcr alle g\u00e4ngigen Handschellentypen geeignet und innen mit Schl\u00fcsselhalter f\u00fcr Handschellenschl\u00fcssel. Dies ist die Ausf\u00fchrung f\u00fcr alle unsere glatten G\u00fcrtel, ob nun der Sam-Browne G\u00fcrtel ist, oder die G\u00fcrtel f\u00fcr unsere Lederjeans &#8211; es pa\u00dft immer und sieht sehr \u00fcberzeugend aus!<\/P><\/p>\n","protected":false},"featured_media":20977,"comment_status":"open","ping_status":"closed","template":"","meta":[],"product_brand":[],"product_cat":[151,146,169,140],"product_tag":[],"class_list":{"0":"post-6794","1":"product","2":"type-product","3":"status-publish","4":"has-post-thumbnail","6":"product_cat-accessoires-2","7":"product_cat-accessoires","8":"product_cat-army-accessoires","9":"product_cat-stahlfesseln","10":"product_shipping_class-brief","12":"first","13":"instock","14":"taxable","15":"shipping-taxable","16":"purchasable","17":"product-type-simple"},"_links":{"self":[{"href":"https:\/\/www.hml-fetish.de\/shop\/wp-json\/wp\/v2\/product\/6794","targetHints":{"allow":["GET"]}}],"collection":[{"href":"https:\/\/www.hml-fetish.de\/shop\/wp-json\/wp\/v2\/product"}],"about":[{"href":"https:\/\/www.hml-fetish.de\/shop\/wp-json\/wp\/v2\/types\/product"}],"replies":[{"embeddable":true,"href":"https:\/\/www.hml-fetish.de\/shop\/wp-json\/wp\/v2\/comments?post=6794"}],"version-history":[{"count":0,"href":"https:\/\/www.hml-fetish.de\/shop\/wp-json\/wp\/v2\/product\/6794\/revisions"}],"wp:featuredmedia":[{"embeddable":true,"href":"https:\/\/www.hml-fetish.de\/shop\/wp-json\/wp\/v2\/media\/20977"}],"wp:attachment":[{"href":"https:\/\/www.hml-fetish.de\/shop\/wp-json\/wp\/v2\/media?parent=6794"}],"wp:term":[{"taxonomy":"product_brand","embeddable":true,"href":"https:\/\/www.hml-fetish.de\/shop\/wp-json\/wp\/v2\/product_brand?post=6794"},{"taxonomy":"product_cat","embeddable":true,"href":"https:\/\/www.hml-fetish.de\/shop\/wp-json\/wp\/v2\/product_cat?post=6794"},{"taxonomy":"product_tag","embeddable":true,"href":"https:\/\/www.hml-fetish.de\/shop\/wp-json\/wp\/v2\/product_tag?post=6794"}],"curies":[{"name":"wp","href":"https:\/\/api.w.org\/{rel}","templated":true}]}}