{"id":6789,"date":"2022-01-23T22:49:32","date_gmt":"2022-01-23T21:49:32","guid":{"rendered":"https:\/\/www.hml-fetish.de\/shop\/?post_type=product&#038;p=6789"},"modified":"2022-04-23T12:00:43","modified_gmt":"2022-04-23T10:00:43","slug":"handschellen-zur-deko","status":"publish","type":"product","link":"https:\/\/www.hml-fetish.de\/shop\/handschellen-zur-deko\/","title":{"rendered":"Handschellen zur Deko"},"content":{"rendered":"<p><P>Das sind die g\u00fcnstigsten Handschellen, die es gibt. Hier allerdings in einer anst\u00e4ndig verzinkten Version, der man den niedrigen Preis nicht gleich ansieht. Lieferung erfolgt mit zwei Schl\u00fcsseln. Wir empfehlen dennoch, sie nur als Dekoration zu verwenden, denn f\u00fcr den wirklichen Einsatz sind sie nur bedingt zu empfehlen!<\/P><\/p>\n","protected":false},"excerpt":{"rendered":"<h4>Handschellen zur Deko<\/h4>\n<p><P>Das sind die g\u00fcnstigsten Handschellen, die es gibt. Hier allerdings in einer anst\u00e4ndig verzinkten Version, der man den niedrigen Preis nicht gleich ansieht. Lieferung erfolgt mit zwei Schl\u00fcsseln. Wir empfehlen dennoch, sie nur als Dekoration zu verwenden, denn f\u00fcr den wirklichen Einsatz sind sie nur bedingt zu empfehlen!<\/P><\/p>\n","protected":false},"featured_media":21067,"comment_status":"open","ping_status":"closed","template":"","meta":[],"product_brand":[],"product_cat":[140,169,105],"product_tag":[],"class_list":{"0":"post-6789","1":"product","2":"type-product","3":"status-publish","4":"has-post-thumbnail","6":"product_cat-stahlfesseln","7":"product_cat-army-accessoires","8":"product_cat-sonderangebote","9":"product_shipping_class-brief","11":"first","12":"instock","13":"taxable","14":"shipping-taxable","15":"purchasable","16":"product-type-simple"},"_links":{"self":[{"href":"https:\/\/www.hml-fetish.de\/shop\/wp-json\/wp\/v2\/product\/6789","targetHints":{"allow":["GET"]}}],"collection":[{"href":"https:\/\/www.hml-fetish.de\/shop\/wp-json\/wp\/v2\/product"}],"about":[{"href":"https:\/\/www.hml-fetish.de\/shop\/wp-json\/wp\/v2\/types\/product"}],"replies":[{"embeddable":true,"href":"https:\/\/www.hml-fetish.de\/shop\/wp-json\/wp\/v2\/comments?post=6789"}],"version-history":[{"count":0,"href":"https:\/\/www.hml-fetish.de\/shop\/wp-json\/wp\/v2\/product\/6789\/revisions"}],"wp:featuredmedia":[{"embeddable":true,"href":"https:\/\/www.hml-fetish.de\/shop\/wp-json\/wp\/v2\/media\/21067"}],"wp:attachment":[{"href":"https:\/\/www.hml-fetish.de\/shop\/wp-json\/wp\/v2\/media?parent=6789"}],"wp:term":[{"taxonomy":"product_brand","embeddable":true,"href":"https:\/\/www.hml-fetish.de\/shop\/wp-json\/wp\/v2\/product_brand?post=6789"},{"taxonomy":"product_cat","embeddable":true,"href":"https:\/\/www.hml-fetish.de\/shop\/wp-json\/wp\/v2\/product_cat?post=6789"},{"taxonomy":"product_tag","embeddable":true,"href":"https:\/\/www.hml-fetish.de\/shop\/wp-json\/wp\/v2\/product_tag?post=6789"}],"curies":[{"name":"wp","href":"https:\/\/api.w.org\/{rel}","templated":true}]}}