{"id":6787,"date":"2022-01-23T22:49:32","date_gmt":"2022-01-23T21:49:32","guid":{"rendered":"https:\/\/www.hml-fetish.de\/shop\/?post_type=product&#038;p=6787"},"modified":"2022-04-26T17:54:11","modified_gmt":"2022-04-26T15:54:11","slug":"lederjeans-weisse-doppelstreifen-groesse-98","status":"publish","type":"product","link":"https:\/\/www.hml-fetish.de\/shop\/lederjeans-weisse-doppelstreifen-groesse-98\/","title":{"rendered":"Lederjeans wei\u00dfe Doppelstreifen Gr\u00f6\u00dfe 98"},"content":{"rendered":"<p><P>Eine knackig enge Leder-Jeans mit wei\u00dfen Seitenstreifen aus weichem und griffigem, leicht gl\u00e4nzendem 1,1 mm dicken Rindnappa gefertigt und vorne mit einer Knopfleiste. Fivepocket.<br \/>\n<BR>in der Gr\u00f6sse DE 98 = 34 inch<br \/>\n<BR>Beininnenl\u00e4nge 78 cm = 31 inch,<br \/>\n<BR>Bundumfang 86 cm<br \/>\n<BR>Oberschenkelumfang ca. 61 cm<br \/>\n<BR><img decoding=\"async\" src=\"\/GIF\/size_unisex_down.gif\" alt=\"Gr\u00f6\u00dfentabelle\" title=\"Gr\u00f6\u00dfentabelle\" border=\"0\" height=\"194\" width=\"114\">&nbsp;<img decoding=\"async\" src=\"\/GIF\/size_bund.gif\" alt=\"Gr\u00f6\u00dfentabelle\" title=\"Gr\u00f6\u00dfentabelle\" border=\"0\" height=\"194\" width=\"134\"><\/P><\/p>\n","protected":false},"excerpt":{"rendered":"<h4>Lederjeans wei\u00dfe Doppelstreifen Gr\u00f6\u00dfe 98<\/h4>\n<p><P>Eine knackig enge Leder-Jeans mit wei\u00dfen Seitenstreifen aus weichem und griffigem, leicht gl\u00e4nzendem 1,1 mm Rindnappa gefertigt und vorne mit einer Knopfleiste. Fivepocket.<\/P><\/p>\n","protected":false},"featured_media":21103,"comment_status":"open","ping_status":"closed","template":"","meta":[],"product_brand":[],"product_cat":[157,103,108],"product_tag":[],"class_list":{"0":"post-6787","1":"product","2":"type-product","3":"status-publish","4":"has-post-thumbnail","6":"product_cat-hosen-chaps","7":"product_cat-online-flohmarkt","8":"product_cat-restposten-einzelstuecke","9":"product_shipping_class-paket","11":"first","12":"instock","13":"sale","14":"taxable","15":"shipping-taxable","16":"purchasable","17":"product-type-simple"},"_links":{"self":[{"href":"https:\/\/www.hml-fetish.de\/shop\/wp-json\/wp\/v2\/product\/6787","targetHints":{"allow":["GET"]}}],"collection":[{"href":"https:\/\/www.hml-fetish.de\/shop\/wp-json\/wp\/v2\/product"}],"about":[{"href":"https:\/\/www.hml-fetish.de\/shop\/wp-json\/wp\/v2\/types\/product"}],"replies":[{"embeddable":true,"href":"https:\/\/www.hml-fetish.de\/shop\/wp-json\/wp\/v2\/comments?post=6787"}],"version-history":[{"count":0,"href":"https:\/\/www.hml-fetish.de\/shop\/wp-json\/wp\/v2\/product\/6787\/revisions"}],"wp:featuredmedia":[{"embeddable":true,"href":"https:\/\/www.hml-fetish.de\/shop\/wp-json\/wp\/v2\/media\/21103"}],"wp:attachment":[{"href":"https:\/\/www.hml-fetish.de\/shop\/wp-json\/wp\/v2\/media?parent=6787"}],"wp:term":[{"taxonomy":"product_brand","embeddable":true,"href":"https:\/\/www.hml-fetish.de\/shop\/wp-json\/wp\/v2\/product_brand?post=6787"},{"taxonomy":"product_cat","embeddable":true,"href":"https:\/\/www.hml-fetish.de\/shop\/wp-json\/wp\/v2\/product_cat?post=6787"},{"taxonomy":"product_tag","embeddable":true,"href":"https:\/\/www.hml-fetish.de\/shop\/wp-json\/wp\/v2\/product_tag?post=6787"}],"curies":[{"name":"wp","href":"https:\/\/api.w.org\/{rel}","templated":true}]}}