{"id":6785,"date":"2022-01-23T22:49:31","date_gmt":"2022-01-23T21:49:31","guid":{"rendered":"https:\/\/www.hml-fetish.de\/shop\/?post_type=product&#038;p=6785"},"modified":"2022-04-26T19:20:33","modified_gmt":"2022-04-26T17:20:33","slug":"lederjeans-rote-streifen-groesse-86","status":"publish","type":"product","link":"https:\/\/www.hml-fetish.de\/shop\/lederjeans-rote-streifen-groesse-86\/","title":{"rendered":"Lederjeans rote Streifen Gr\u00f6\u00dfe 86"},"content":{"rendered":"<p><P>Eine knackig enge Leder-Jeans mit <font color=\"red\"><B>roten<\/B><\/font> Seitenstreifen aus weichem und griffigem, leicht gl\u00e4nzendem 1,1 mm dicken Rindnappa gefertigt und vorne mit einer Knopfleiste. Fivepocket. In der Gr\u00f6\u00dfe DE 43\/86 = 28 inch<br \/>\n<BR>Beininnenl\u00e4nge 90 cm = 36 inch,<br \/>\n<BR>Bundumfang 70 cm<br \/>\n<BR><img decoding=\"async\" src=\"\/GIF\/size_unisex_down.gif\" alt=\"Gr\u00f6\u00dfentabelle\" title=\"Gr\u00f6\u00dfentabelle\" border=\"0\" height=\"194\" width=\"114\">&nbsp;<img decoding=\"async\" src=\"\/GIF\/size_bund.gif\" alt=\"Gr\u00f6\u00dfentabelle\" title=\"Gr\u00f6\u00dfentabelle\" border=\"0\" height=\"194\" width=\"134\"><\/P><\/p>\n","protected":false},"excerpt":{"rendered":"<h4>Lederjeans rote Streifen Gr\u00f6\u00dfe 86<\/h4>\n<p><P>Eine knackig enge Leder-Jeans mit <font color=\"red\"><B>roten<\/B><\/font> Seitenstreifen aus weichem und griffigem, leicht gl\u00e4nzendem 1,1 mm dicken Rindnappa gefertigt und vorne mit einer Knopfleiste. Fivepocket.<\/P><\/p>\n","protected":false},"featured_media":21134,"comment_status":"open","ping_status":"closed","template":"","meta":[],"product_brand":[],"product_cat":[157,103,108],"product_tag":[],"class_list":{"0":"post-6785","1":"product","2":"type-product","3":"status-publish","4":"has-post-thumbnail","6":"product_cat-hosen-chaps","7":"product_cat-online-flohmarkt","8":"product_cat-restposten-einzelstuecke","9":"product_shipping_class-paket","11":"first","12":"instock","13":"sale","14":"taxable","15":"shipping-taxable","16":"purchasable","17":"product-type-simple"},"_links":{"self":[{"href":"https:\/\/www.hml-fetish.de\/shop\/wp-json\/wp\/v2\/product\/6785","targetHints":{"allow":["GET"]}}],"collection":[{"href":"https:\/\/www.hml-fetish.de\/shop\/wp-json\/wp\/v2\/product"}],"about":[{"href":"https:\/\/www.hml-fetish.de\/shop\/wp-json\/wp\/v2\/types\/product"}],"replies":[{"embeddable":true,"href":"https:\/\/www.hml-fetish.de\/shop\/wp-json\/wp\/v2\/comments?post=6785"}],"version-history":[{"count":0,"href":"https:\/\/www.hml-fetish.de\/shop\/wp-json\/wp\/v2\/product\/6785\/revisions"}],"wp:featuredmedia":[{"embeddable":true,"href":"https:\/\/www.hml-fetish.de\/shop\/wp-json\/wp\/v2\/media\/21134"}],"wp:attachment":[{"href":"https:\/\/www.hml-fetish.de\/shop\/wp-json\/wp\/v2\/media?parent=6785"}],"wp:term":[{"taxonomy":"product_brand","embeddable":true,"href":"https:\/\/www.hml-fetish.de\/shop\/wp-json\/wp\/v2\/product_brand?post=6785"},{"taxonomy":"product_cat","embeddable":true,"href":"https:\/\/www.hml-fetish.de\/shop\/wp-json\/wp\/v2\/product_cat?post=6785"},{"taxonomy":"product_tag","embeddable":true,"href":"https:\/\/www.hml-fetish.de\/shop\/wp-json\/wp\/v2\/product_tag?post=6785"}],"curies":[{"name":"wp","href":"https:\/\/api.w.org\/{rel}","templated":true}]}}