{"id":6783,"date":"2022-01-23T22:49:31","date_gmt":"2022-01-23T21:49:31","guid":{"rendered":"https:\/\/www.hml-fetish.de\/shop\/?post_type=product&#038;p=6783"},"modified":"2026-01-02T16:44:34","modified_gmt":"2026-01-02T15:44:34","slug":"lederjeans-mit-durchgehendem-reissverschluss","status":"publish","type":"product","link":"https:\/\/www.hml-fetish.de\/shop\/lederjeans-mit-durchgehendem-reissverschluss\/","title":{"rendered":"Lederjeans mit durchgehendem Rei\u00dfverschlu\u00df Gr\u00f6\u00dfe 46"},"content":{"rendered":"<p><P>Ein Einzelst\u00fcck in schwarzem, 1,1 mm dickem Rindnappa: Eine lange Hose im klassischen fivepocket Jeansschnitt mit durchgehendem Rei\u00dfverschlu\u00df (schwarzer Kunststoff) und knackig eng geschnitten. Mit Rei\u00dfverschlu\u00df von Bund zu Bund. Zwei Zipper!<br \/>\n<BR><img decoding=\"async\" src=\"\/GIF\/size_unisex_down.gif\" alt=\"Gr\u00f6\u00dfentabelle\" title=\"Gr\u00f6\u00dfentabelle\" border=\"0\" height=\"194\" width=\"114\">&nbsp;<img decoding=\"async\" src=\"\/GIF\/size_bund.gif\" alt=\"Gr\u00f6\u00dfentabelle\" title=\"Gr\u00f6\u00dfentabelle\" border=\"0\" height=\"194\" width=\"134\"><\/P><\/p>\n","protected":false},"excerpt":{"rendered":"<h4>Lederjeans mit durchgehendem Rei\u00dfverschlu\u00df Gr\u00f6\u00dfe 46<\/h4>\n<p><P>Ein Einzelst\u00fcck in schwarzem, 1,1 mm dickem Rindnappa: Eine lange Hose im klassischen fivepocket Jeansschnitt mit durchgehendem Rei\u00dfverschlu\u00df (schwarzer Kunststoff) und knackig eng geschnitten. Mit Rei\u00dfverschlu\u00df von Bund zu Bund. Zwei Zipper!<\/P><\/p>\n","protected":false},"featured_media":21204,"comment_status":"open","ping_status":"closed","template":"","meta":[],"product_brand":[],"product_cat":[157,103,108],"product_tag":[],"class_list":{"0":"post-6783","1":"product","2":"type-product","3":"status-publish","4":"has-post-thumbnail","6":"product_cat-hosen-chaps","7":"product_cat-online-flohmarkt","8":"product_cat-restposten-einzelstuecke","9":"product_shipping_class-paket","11":"first","12":"outofstock","13":"sale","14":"taxable","15":"shipping-taxable","16":"purchasable","17":"product-type-simple"},"_links":{"self":[{"href":"https:\/\/www.hml-fetish.de\/shop\/wp-json\/wp\/v2\/product\/6783","targetHints":{"allow":["GET"]}}],"collection":[{"href":"https:\/\/www.hml-fetish.de\/shop\/wp-json\/wp\/v2\/product"}],"about":[{"href":"https:\/\/www.hml-fetish.de\/shop\/wp-json\/wp\/v2\/types\/product"}],"replies":[{"embeddable":true,"href":"https:\/\/www.hml-fetish.de\/shop\/wp-json\/wp\/v2\/comments?post=6783"}],"version-history":[{"count":0,"href":"https:\/\/www.hml-fetish.de\/shop\/wp-json\/wp\/v2\/product\/6783\/revisions"}],"wp:featuredmedia":[{"embeddable":true,"href":"https:\/\/www.hml-fetish.de\/shop\/wp-json\/wp\/v2\/media\/21204"}],"wp:attachment":[{"href":"https:\/\/www.hml-fetish.de\/shop\/wp-json\/wp\/v2\/media?parent=6783"}],"wp:term":[{"taxonomy":"product_brand","embeddable":true,"href":"https:\/\/www.hml-fetish.de\/shop\/wp-json\/wp\/v2\/product_brand?post=6783"},{"taxonomy":"product_cat","embeddable":true,"href":"https:\/\/www.hml-fetish.de\/shop\/wp-json\/wp\/v2\/product_cat?post=6783"},{"taxonomy":"product_tag","embeddable":true,"href":"https:\/\/www.hml-fetish.de\/shop\/wp-json\/wp\/v2\/product_tag?post=6783"}],"curies":[{"name":"wp","href":"https:\/\/api.w.org\/{rel}","templated":true}]}}