{"id":6781,"date":"2022-01-23T22:49:30","date_gmt":"2022-01-23T21:49:30","guid":{"rendered":"https:\/\/www.hml-fetish.de\/shop\/?post_type=product&#038;p=6781"},"modified":"2026-02-16T17:38:08","modified_gmt":"2026-02-16T16:38:08","slug":"codpiece-leder-jeans","status":"publish","type":"product","link":"https:\/\/www.hml-fetish.de\/shop\/codpiece-leder-jeans\/","title":{"rendered":"Codpiece Leder-Jeans"},"content":{"rendered":"<p><P>Im Grundschnitt unsere enganliegende Lederjeans aus einem hochwertigen Rindnappa Bekleidungsleder und etwa 1,1 mm stark. Five-Pocket Style, nur da\u00df wir vorne die Taschen weglassen. Daf\u00fcr hat sie eine h\u00f6chst praktische \u00d6ffnung, die sich eng um Dein Arbeitsger\u00e4t legt. Ziemlich eng. Das Gef\u00fchl ist fast wie in einem Cockring. Dar\u00fcber das Codpiece, der lose Beutel, zun\u00e4chst mit Druckkn\u00f6pfen stabil gehalten \u2013 aber ebenso schnell zu l\u00f6sen.<\/P><br \/>\n<P>Du bekommst diese Sexarbeiterhose nat\u00fcrlich ungef\u00fcttert und mit den Beinen in einem St\u00fcck. So lange der Vorrat reicht!<\/P><br \/>\n<P><B>Wichtiger Hinweis:<\/B> Du erh\u00e4ltst genau die Bundweite, die angegeben ist! Bei Jeansherstellern weicht die tats\u00e4chliche Gr\u00f6\u00dfe (erheblich) von den angegebenen Ma\u00dfen ab. 32&#8243; bei Levi&#8217;s kommen mit je nach Schnitt mit 33&#8243; bis 35&#8243; Weite. Vertrau&#8217; daher nicht auf die Angaben, sondern mi\u00df bitte immer eine gut passende Jeans mit einem Ma\u00dfband innen am Bund entlang nach. Dieses Ma\u00df in Zoll oder CM ist Deine Gr\u00f6\u00dfe bei uns. Wenn Du Dir nicht sicher bist, erg\u00e4nze Deinen Me\u00dfwert im Kommentarfeld beim Bestellen!<br \/>\n<BR><img decoding=\"async\" src=\"\/GIF\/size_unisex_down.gif\" alt=\"Gr\u00f6\u00dfentabelle\" title=\"Gr\u00f6\u00dfentabelle\" border=\"0\" height=\"194\" width=\"114\">&nbsp;<img decoding=\"async\" src=\"\/GIF\/size_bund.gif\" alt=\"Gr\u00f6\u00dfentabelle\" title=\"Gr\u00f6\u00dfentabelle\" border=\"0\" height=\"194\" width=\"134\"><\/P><\/p>\n","protected":false},"excerpt":{"rendered":"<h4>Codpiece Leder-Jeans<\/h4>\n<p><P>Im Grundschnitt unsere enganliegende Lederjeans aus einem hochwertigen Rindnappa Bekleidungsleder und etwa 1,1 mm stark. Five-Pocket-Style, nur da\u00df wir vorne die Taschen weglassen. Daf\u00fcr hat sie eine h\u00f6chst praktische \u00d6ffnung, die sich eng um Dein Arbeitsger\u00e4t legt. Ziemlich eng. Das Gef\u00fchl ist fast wie in einem Cockring. Dar\u00fcber das Codpiece, der lose Beutel, zun\u00e4chst mit Druckkn\u00f6pfen stabil gehalten \u2013 aber ebenso schnell zu l\u00f6sen.<\/P><\/p>\n","protected":false},"featured_media":21265,"comment_status":"open","ping_status":"closed","template":"","meta":[],"product_brand":[],"product_cat":[157,105],"product_tag":[],"class_list":{"0":"post-6781","1":"product","2":"type-product","3":"status-publish","4":"has-post-thumbnail","6":"product_cat-hosen-chaps","7":"product_cat-sonderangebote","8":"product_shipping_class-paket","10":"first","11":"instock","12":"sale","13":"taxable","14":"shipping-taxable","15":"purchasable","16":"product-type-variable"},"_links":{"self":[{"href":"https:\/\/www.hml-fetish.de\/shop\/wp-json\/wp\/v2\/product\/6781","targetHints":{"allow":["GET"]}}],"collection":[{"href":"https:\/\/www.hml-fetish.de\/shop\/wp-json\/wp\/v2\/product"}],"about":[{"href":"https:\/\/www.hml-fetish.de\/shop\/wp-json\/wp\/v2\/types\/product"}],"replies":[{"embeddable":true,"href":"https:\/\/www.hml-fetish.de\/shop\/wp-json\/wp\/v2\/comments?post=6781"}],"version-history":[{"count":0,"href":"https:\/\/www.hml-fetish.de\/shop\/wp-json\/wp\/v2\/product\/6781\/revisions"}],"wp:featuredmedia":[{"embeddable":true,"href":"https:\/\/www.hml-fetish.de\/shop\/wp-json\/wp\/v2\/media\/21265"}],"wp:attachment":[{"href":"https:\/\/www.hml-fetish.de\/shop\/wp-json\/wp\/v2\/media?parent=6781"}],"wp:term":[{"taxonomy":"product_brand","embeddable":true,"href":"https:\/\/www.hml-fetish.de\/shop\/wp-json\/wp\/v2\/product_brand?post=6781"},{"taxonomy":"product_cat","embeddable":true,"href":"https:\/\/www.hml-fetish.de\/shop\/wp-json\/wp\/v2\/product_cat?post=6781"},{"taxonomy":"product_tag","embeddable":true,"href":"https:\/\/www.hml-fetish.de\/shop\/wp-json\/wp\/v2\/product_tag?post=6781"}],"curies":[{"name":"wp","href":"https:\/\/api.w.org\/{rel}","templated":true}]}}