{"id":6780,"date":"2022-01-23T22:49:30","date_gmt":"2022-01-23T21:49:30","guid":{"rendered":"https:\/\/www.hml-fetish.de\/shop\/?post_type=product&#038;p=6780"},"modified":"2024-11-25T08:33:06","modified_gmt":"2024-11-25T07:33:06","slug":"bdu-lederhose","status":"publish","type":"product","link":"https:\/\/www.hml-fetish.de\/shop\/bdu-lederhose\/","title":{"rendered":"BDU-Lederhose"},"content":{"rendered":"<p>Nach dem Schnitt der US-Army BDU-Hosen wird diese ganz besondere Lederhose ausschlie\u00dflich f\u00fcr HML Fetish gefertigt. Das Material: hochwertiges, etwa 1,2 mm dickes Rindnappaleder in Motorradleder-Qualit\u00e4t. Die Verarbeitung: made in Germany. Und wie es sich f\u00fcr eine BDU-Hose geh\u00f6rt, sowohl bequem als auch extra knackig am Arsch, genau so, wie die US Army es mit dem Schnittmuster ihrer BDU-Hosen vormacht.<\/p>\n<p>Die BDU-Lederhose hat die typische Taschenausstattung aller Cargohosen, wobei auch alle Innentaschen aus Leder sind, mit den gro\u00dfen Beintaschen. Diese und die Ges\u00e4\u00dftaschen sind mit Klettverschl\u00fcssen versehen. Der Hosenstall hat eine Knopfleiste. Die G\u00fcrtelschlaufen sind extra gro\u00df, so da\u00df auch ein fetter 5 cm breiter G\u00fcrtel durchpa\u00dft. Die Hose hat nat\u00fcrlich auch die die Arschpatte und den abgesetzten Kniebereich. Eben alles, was eine BDU-Hose ausmacht, und das in glattem schweren Leder. So lange der Vorrat reicht!<\/p>\n<p><b>Wichtiger Hinweis:<\/b> Du erh\u00e4ltst genau die Bundweite, die angegeben ist! Bei Jeansherstellern weicht die tats\u00e4chliche Gr\u00f6\u00dfe (erheblich) von den angegebenen Ma\u00dfen ab. 32&#8243; bei Levi&#8217;s kommen mit je nach Schnitt mit 33&#8243; bis 35&#8243; Weite. Vertrau&#8217; daher nicht auf die Angaben, sondern mi\u00df bitte immer eine gut passende Jeans mit einem Ma\u00dfband innen am Bund entlang nach. Dieses Ma\u00df in Zoll oder CM ist Deine Gr\u00f6\u00dfe bei uns. Wenn Du Dir nicht sicher bist, erg\u00e4nze Deinen Me\u00dfwert im Kommentarfeld beim Bestellen!<br \/>\n<img decoding=\"async\" title=\"Gr\u00f6\u00dfentabelle\" src=\"\/GIF\/size_unisex_down.gif\" alt=\"Gr\u00f6\u00dfentabelle\" width=\"114\" height=\"194\" border=\"0\" \/>\u00a0<img decoding=\"async\" title=\"Gr\u00f6\u00dfentabelle\" src=\"\/GIF\/size_bund.gif\" alt=\"Gr\u00f6\u00dfentabelle\" width=\"134\" height=\"194\" border=\"0\" \/><\/p>\n","protected":false},"excerpt":{"rendered":"<h4>BDU-Lederhose<\/h4>\n<p>Nach dem Schnitt der US-Army BDU-Hosen wird diese ganz besondere Lederhose ausschlie\u00dflich f\u00fcr HML Fetish gefertigt. Das Material: hochwertiges, etwa 1,2 mm dickes Rindnappaleder in Motorradleder-Qualit\u00e4t. Die Verarbeitung: made in Germany. Und wie es sich f\u00fcr eine BDU-Hose geh\u00f6rt, sowohl bequem als auch extra knackig am Arsch, genau so, wie die US Army es mit dem Schnittmuster ihrer BDU-Hosen vormacht. Restposten in Gr\u00f6\u00dfe 48.<\/p>\n","protected":false},"featured_media":21300,"comment_status":"open","ping_status":"closed","template":"","meta":[],"product_brand":[],"product_cat":[157,170,105],"product_tag":[],"class_list":{"0":"post-6780","1":"product","2":"type-product","3":"status-publish","4":"has-post-thumbnail","6":"product_cat-hosen-chaps","7":"product_cat-army-kleidung","8":"product_cat-sonderangebote","9":"product_shipping_class-paket","11":"first","12":"instock","13":"sale","14":"taxable","15":"shipping-taxable","16":"purchasable","17":"product-type-variable"},"_links":{"self":[{"href":"https:\/\/www.hml-fetish.de\/shop\/wp-json\/wp\/v2\/product\/6780","targetHints":{"allow":["GET"]}}],"collection":[{"href":"https:\/\/www.hml-fetish.de\/shop\/wp-json\/wp\/v2\/product"}],"about":[{"href":"https:\/\/www.hml-fetish.de\/shop\/wp-json\/wp\/v2\/types\/product"}],"replies":[{"embeddable":true,"href":"https:\/\/www.hml-fetish.de\/shop\/wp-json\/wp\/v2\/comments?post=6780"}],"version-history":[{"count":0,"href":"https:\/\/www.hml-fetish.de\/shop\/wp-json\/wp\/v2\/product\/6780\/revisions"}],"wp:featuredmedia":[{"embeddable":true,"href":"https:\/\/www.hml-fetish.de\/shop\/wp-json\/wp\/v2\/media\/21300"}],"wp:attachment":[{"href":"https:\/\/www.hml-fetish.de\/shop\/wp-json\/wp\/v2\/media?parent=6780"}],"wp:term":[{"taxonomy":"product_brand","embeddable":true,"href":"https:\/\/www.hml-fetish.de\/shop\/wp-json\/wp\/v2\/product_brand?post=6780"},{"taxonomy":"product_cat","embeddable":true,"href":"https:\/\/www.hml-fetish.de\/shop\/wp-json\/wp\/v2\/product_cat?post=6780"},{"taxonomy":"product_tag","embeddable":true,"href":"https:\/\/www.hml-fetish.de\/shop\/wp-json\/wp\/v2\/product_tag?post=6780"}],"curies":[{"name":"wp","href":"https:\/\/api.w.org\/{rel}","templated":true}]}}