{"id":6778,"date":"2022-01-23T22:49:29","date_gmt":"2022-01-23T21:49:29","guid":{"rendered":"https:\/\/www.hml-fetish.de\/shop\/?post_type=product&#038;p=6778"},"modified":"2022-04-27T17:21:36","modified_gmt":"2022-04-27T15:21:36","slug":"all-thru-short","status":"publish","type":"product","link":"https:\/\/www.hml-fetish.de\/shop\/all-thru-short\/","title":{"rendered":"All-thru-short Gr\u00f6\u00dfe 46"},"content":{"rendered":"<p><P>Restposten in schwarzem, 1,1 mm dickem Rindnappa: Eine Short im klassischen Jeansschnitt mit durchgehendem Rei\u00dfverschlu\u00df, G\u00fcrtelschlaufen und Fronttaschen (also keine Underchaps!), knackig eng geschnitten, ohne Ges\u00e4\u00dftaschen. Mit Metall-Rei\u00dfverschlu\u00df von Bund zu Bund. Zwei Zipper! Sitzt besonders gut am Arsch. So lange der Vorrat reicht!<br \/>\n<BR><img decoding=\"async\" src=\"\/GIF\/size_unisex_down.gif\" alt=\"Gr\u00f6\u00dfentabelle\" title=\"Gr\u00f6\u00dfentabelle\" border=\"0\" height=\"194\" width=\"114\">&nbsp;<img decoding=\"async\" src=\"\/GIF\/size_bund.gif\" alt=\"Gr\u00f6\u00dfentabelle\" title=\"Gr\u00f6\u00dfentabelle\" border=\"0\" height=\"194\" width=\"134\"><\/P><\/p>\n","protected":false},"excerpt":{"rendered":"<h4>All-thru-short Gr\u00f6\u00dfe 46<\/h4>\n<p><P>Restposten in schwarzem, 1,1 mm dickem Rindnappa: Eine Short im klassischen Jeansschnitt mit durchgehendem Rei\u00dfverschlu\u00df, G\u00fcrtelschlaufen und Fronttaschen (also keine Underchaps!), knackig eng geschnitten, ohne Ges\u00e4\u00dftaschen. Mit Metall-Rei\u00dfverschlu\u00df von Bund zu Bund. Zwei Zipper! Sitzt besonders gut am Arsch.<\/P><\/p>\n","protected":false},"featured_media":21369,"comment_status":"open","ping_status":"closed","template":"","meta":[],"product_brand":[],"product_cat":[157,103,108],"product_tag":[],"class_list":{"0":"post-6778","1":"product","2":"type-product","3":"status-publish","4":"has-post-thumbnail","6":"product_cat-hosen-chaps","7":"product_cat-online-flohmarkt","8":"product_cat-restposten-einzelstuecke","9":"product_shipping_class-paket","11":"first","12":"instock","13":"sale","14":"taxable","15":"shipping-taxable","16":"purchasable","17":"product-type-simple"},"_links":{"self":[{"href":"https:\/\/www.hml-fetish.de\/shop\/wp-json\/wp\/v2\/product\/6778","targetHints":{"allow":["GET"]}}],"collection":[{"href":"https:\/\/www.hml-fetish.de\/shop\/wp-json\/wp\/v2\/product"}],"about":[{"href":"https:\/\/www.hml-fetish.de\/shop\/wp-json\/wp\/v2\/types\/product"}],"replies":[{"embeddable":true,"href":"https:\/\/www.hml-fetish.de\/shop\/wp-json\/wp\/v2\/comments?post=6778"}],"version-history":[{"count":0,"href":"https:\/\/www.hml-fetish.de\/shop\/wp-json\/wp\/v2\/product\/6778\/revisions"}],"wp:featuredmedia":[{"embeddable":true,"href":"https:\/\/www.hml-fetish.de\/shop\/wp-json\/wp\/v2\/media\/21369"}],"wp:attachment":[{"href":"https:\/\/www.hml-fetish.de\/shop\/wp-json\/wp\/v2\/media?parent=6778"}],"wp:term":[{"taxonomy":"product_brand","embeddable":true,"href":"https:\/\/www.hml-fetish.de\/shop\/wp-json\/wp\/v2\/product_brand?post=6778"},{"taxonomy":"product_cat","embeddable":true,"href":"https:\/\/www.hml-fetish.de\/shop\/wp-json\/wp\/v2\/product_cat?post=6778"},{"taxonomy":"product_tag","embeddable":true,"href":"https:\/\/www.hml-fetish.de\/shop\/wp-json\/wp\/v2\/product_tag?post=6778"}],"curies":[{"name":"wp","href":"https:\/\/api.w.org\/{rel}","templated":true}]}}