{"id":6777,"date":"2022-01-23T22:49:29","date_gmt":"2022-01-23T21:49:29","guid":{"rendered":"https:\/\/www.hml-fetish.de\/shop\/?post_type=product&#038;p=6777"},"modified":"2023-06-12T13:15:21","modified_gmt":"2023-06-12T11:15:21","slug":"leder-trainingshose","status":"publish","type":"product","link":"https:\/\/www.hml-fetish.de\/shop\/leder-trainingshose\/","title":{"rendered":"Leder Trainingshose"},"content":{"rendered":"<p><P>Diese exklusive Trainingshose wird aus gl\u00e4nzend schwarzem speziell behandeltem Rindnappa gefertigt. Es ist sehr sch\u00f6n leicht und weich, dabei nicht minder belastbar. Diese Trainingshose ist n\u00e4her am K\u00f6rper, also etwas enger geschnitten als eine aus Stoff. Das macht einfach eine bessere Form. Du kannst Dich also frei darin bewegen und zugleich gewi\u00df sein, da\u00df sich Deine besten K\u00f6rperteile bei jeder Bewegung im Leder abzeichnen.<\/P><br \/>\n<P>Die Hosenbeine seitlich au\u00dfen ganz hoch bis zum Bund laufen dezent eingearbeitete Rei\u00dfverschl\u00fcsse. Vorne Stecktaschen mit Rei\u00dfverschl\u00fcssen. Mit Leder-Stretchbund und nat\u00fcrlich ungef\u00fcttert. Die Streifen in verschiedenen Farbei sind aus Leder. So lange der Vorrat reicht!<br \/>\n<BR><img decoding=\"async\" src=\"\/GIF\/size_unisex_down.gif\" alt=\"Gr\u00f6\u00dfentabelle\" title=\"Gr\u00f6\u00dfentabelle\" border=\"0\" height=\"194\" width=\"114\">&nbsp;<img decoding=\"async\" src=\"\/GIF\/size_bund.gif\" alt=\"Gr\u00f6\u00dfentabelle\" title=\"Gr\u00f6\u00dfentabelle\" border=\"0\" height=\"194\" width=\"134\"><\/P><\/p>\n","protected":false},"excerpt":{"rendered":"<h4>Leder Trainingshose<\/h4>\n<p><P>Diese exklusive Trainingshose wird aus gl\u00e4nzend schwarzem speziell behandeltem Rindnappa gefertigt. Es ist sehr sch\u00f6n leicht und weich, dabei nicht minder belastbar. Diese Leder-Jogginghose ist n\u00e4her am K\u00f6rper, also etwas enger geschnitten als eine aus Stoff. Das macht einfach eine bessere Form. Du kannst Dich also frei darin bewegen und zugleich gewi\u00df sein, da\u00df sich Deine besten K\u00f6rperteile bei jeder Bewegung im Leder abzeichnen.<\/P><\/p>\n","protected":false},"featured_media":21379,"comment_status":"open","ping_status":"closed","template":"","meta":[],"product_brand":[],"product_cat":[157,105,118],"product_tag":[],"class_list":{"0":"post-6777","1":"product","2":"type-product","3":"status-publish","4":"has-post-thumbnail","6":"product_cat-hosen-chaps","7":"product_cat-sonderangebote","8":"product_cat-sportswear","9":"product_shipping_class-paket","11":"first","12":"instock","13":"sale","14":"taxable","15":"shipping-taxable","16":"purchasable","17":"product-type-variable"},"_links":{"self":[{"href":"https:\/\/www.hml-fetish.de\/shop\/wp-json\/wp\/v2\/product\/6777","targetHints":{"allow":["GET"]}}],"collection":[{"href":"https:\/\/www.hml-fetish.de\/shop\/wp-json\/wp\/v2\/product"}],"about":[{"href":"https:\/\/www.hml-fetish.de\/shop\/wp-json\/wp\/v2\/types\/product"}],"replies":[{"embeddable":true,"href":"https:\/\/www.hml-fetish.de\/shop\/wp-json\/wp\/v2\/comments?post=6777"}],"version-history":[{"count":0,"href":"https:\/\/www.hml-fetish.de\/shop\/wp-json\/wp\/v2\/product\/6777\/revisions"}],"wp:featuredmedia":[{"embeddable":true,"href":"https:\/\/www.hml-fetish.de\/shop\/wp-json\/wp\/v2\/media\/21379"}],"wp:attachment":[{"href":"https:\/\/www.hml-fetish.de\/shop\/wp-json\/wp\/v2\/media?parent=6777"}],"wp:term":[{"taxonomy":"product_brand","embeddable":true,"href":"https:\/\/www.hml-fetish.de\/shop\/wp-json\/wp\/v2\/product_brand?post=6777"},{"taxonomy":"product_cat","embeddable":true,"href":"https:\/\/www.hml-fetish.de\/shop\/wp-json\/wp\/v2\/product_cat?post=6777"},{"taxonomy":"product_tag","embeddable":true,"href":"https:\/\/www.hml-fetish.de\/shop\/wp-json\/wp\/v2\/product_tag?post=6777"}],"curies":[{"name":"wp","href":"https:\/\/api.w.org\/{rel}","templated":true}]}}