{"id":6775,"date":"2022-01-23T22:49:28","date_gmt":"2022-01-23T21:49:28","guid":{"rendered":"https:\/\/www.hml-fetish.de\/shop\/?post_type=product&#038;p=6775"},"modified":"2025-12-30T12:58:16","modified_gmt":"2025-12-30T11:58:16","slug":"leder-seppl-hose","status":"publish","type":"product","link":"https:\/\/www.hml-fetish.de\/shop\/leder-seppl-hose\/","title":{"rendered":"Leder Seppl-Hose"},"content":{"rendered":"<p>F\u00fcr alle Buam auf der Alm: Schwarzes Rindnappa, f\u00fcr uns in Bayern handwerklich verarbeitet, genau wie eine Krachlederne. Mit allen Details. Mit dem Hosent\u00fcrl zum Herunterklappen, hinten im Bund und seitlich an den Beinen dem Zwickel. \u00dcbrigens, wir haben uns das erkl\u00e4ren lassen: Dies ist zun\u00e4chst eine kurze Krachlederne; zu einer Leder Seppl-Hose wird sie erst, wenn du die Hosenbeine umschl\u00e4gst. So lange der Vorrat reicht!<\/p>\n<p><img decoding=\"async\" title=\"Gr\u00f6\u00dfentabelle\" src=\"\/GIF\/size_unisex_down.gif\" alt=\"Gr\u00f6\u00dfentabelle\" width=\"114\" height=\"194\" border=\"0\" \/><\/p>\n","protected":false},"excerpt":{"rendered":"<h4>Leder Seppl-Hose<\/h4>\n<p>F\u00fcr alle Buam auf der Alm: Schwarzes Rindnappa, f\u00fcr uns in Bayern handwerklich verarbeitet, genau wie eine Krachlederne. Mit allen Details. Mit dem Hosent\u00fcrl zum Herunterklappen, hinten im Bund und seitlich an den Beinen dem Zwickel. \u00dcbrigens, wir haben uns das erkl\u00e4ren lassen: Dies ist zun\u00e4chst eine kurze Krachlederne; zu einer Seppl-Hose wird sie erst, wenn du die Hosenbeine umschl\u00e4gst.<\/p>\n","protected":false},"featured_media":21455,"comment_status":"open","ping_status":"closed","template":"","meta":[],"product_brand":[],"product_cat":[157,105],"product_tag":[],"class_list":{"0":"post-6775","1":"product","2":"type-product","3":"status-publish","4":"has-post-thumbnail","6":"product_cat-hosen-chaps","7":"product_cat-sonderangebote","8":"product_shipping_class-paket","10":"first","11":"instock","12":"sale","13":"taxable","14":"shipping-taxable","15":"purchasable","16":"product-type-variable"},"_links":{"self":[{"href":"https:\/\/www.hml-fetish.de\/shop\/wp-json\/wp\/v2\/product\/6775","targetHints":{"allow":["GET"]}}],"collection":[{"href":"https:\/\/www.hml-fetish.de\/shop\/wp-json\/wp\/v2\/product"}],"about":[{"href":"https:\/\/www.hml-fetish.de\/shop\/wp-json\/wp\/v2\/types\/product"}],"replies":[{"embeddable":true,"href":"https:\/\/www.hml-fetish.de\/shop\/wp-json\/wp\/v2\/comments?post=6775"}],"version-history":[{"count":0,"href":"https:\/\/www.hml-fetish.de\/shop\/wp-json\/wp\/v2\/product\/6775\/revisions"}],"wp:featuredmedia":[{"embeddable":true,"href":"https:\/\/www.hml-fetish.de\/shop\/wp-json\/wp\/v2\/media\/21455"}],"wp:attachment":[{"href":"https:\/\/www.hml-fetish.de\/shop\/wp-json\/wp\/v2\/media?parent=6775"}],"wp:term":[{"taxonomy":"product_brand","embeddable":true,"href":"https:\/\/www.hml-fetish.de\/shop\/wp-json\/wp\/v2\/product_brand?post=6775"},{"taxonomy":"product_cat","embeddable":true,"href":"https:\/\/www.hml-fetish.de\/shop\/wp-json\/wp\/v2\/product_cat?post=6775"},{"taxonomy":"product_tag","embeddable":true,"href":"https:\/\/www.hml-fetish.de\/shop\/wp-json\/wp\/v2\/product_tag?post=6775"}],"curies":[{"name":"wp","href":"https:\/\/api.w.org\/{rel}","templated":true}]}}