{"id":6772,"date":"2022-01-23T22:49:28","date_gmt":"2022-01-23T21:49:28","guid":{"rendered":"https:\/\/www.hml-fetish.de\/shop\/?post_type=product&#038;p=6772"},"modified":"2023-01-22T13:26:19","modified_gmt":"2023-01-22T12:26:19","slug":"hml-leder-chaps","status":"publish","type":"product","link":"https:\/\/www.hml-fetish.de\/shop\/hml-leder-chaps\/","title":{"rendered":"HML Leder-Chaps"},"content":{"rendered":"<p><P>Die HML Leder-Chaps ist einer unserer Best-Seller. Der Schnitt ist klassisch und an den Beinen sch\u00f6n eng. Die Chaps sind aus etwa 1,2 mm starkem Rindnappaleder gefertigt, haben Metall-Rei\u00dfverschl\u00fcsse an den Bein-Innenseiten und sind im Bund \u00fcber den Arsch mit einem Lederband geschn\u00fcrt. Vorne werden sie mit sechs schweren Druckkn\u00f6pfen geschlossen. Geschneidert werden diese edlen Teile in Deutschland aus hiesigem Leder.<\/P><br \/>\n<P>In den Gr\u00f6\u00dfen 43 bis 56 (entsprechend 28\/34 Zoll bis 40\/34 Zoll)und 84 bis 106 (entsprechend 27\/36 Zoll bis 38\/36 Zoll Bundumfang\/Bein-Innenl\u00e4nge). Bei nicht vorr\u00e4tigen Gr\u00f6\u00dfen betr\u00e4gt die Lieferzeit 3-4 Wochen.<\/P><br \/>\n<P><B>Wichtiger Hinweis:<\/B> Du erh\u00e4ltst genau die Bundweite, die angegeben ist! Bei Jeansherstellern weicht die tats\u00e4chliche Gr\u00f6\u00dfe (erheblich) von den angegebenen Ma\u00dfen ab. 32&#8243; bei Levi&#8217;s kommen mit je nach Schnitt mit 33&#8243; bis 35&#8243; Weite. Vertrau&#8217; daher nicht auf die Angaben, sondern mi\u00df bitte immer eine gut passende Jeans mit einem Ma\u00dfband innen am Bund entlang nach. Dieses Ma\u00df in Zoll oder CM ist Deine Gr\u00f6\u00dfe bei uns. Wenn Du Dir nicht sicher bist, erg\u00e4nze Deinen Me\u00dfwert im Kommentarfeld beim Bestellen!<br \/>\n<BR><img decoding=\"async\" src=\"\/GIF\/size_unisex_down.gif\" alt=\"Gr\u00f6\u00dfentabelle\" title=\"Gr\u00f6\u00dfentabelle\" border=\"0\" height=\"194\" width=\"114\">&nbsp;<img decoding=\"async\" src=\"\/GIF\/size_bund.gif\" alt=\"Gr\u00f6\u00dfentabelle\" title=\"Gr\u00f6\u00dfentabelle\" border=\"0\" height=\"194\" width=\"134\"><\/P><\/p>\n","protected":false},"excerpt":{"rendered":"<h4>HML Leder-Chaps<\/h4>\n<p><P>Die HML Leder-Chaps ist einer unserer Best-Seller. Der Schnitt ist klassisch und an den Beinen sch\u00f6n eng. Die Chaps sind aus etwa 1,2 mm starkem Rindnappaleder gefertigt, haben Metall-Rei\u00dfverschl\u00fcsse an den Bein-Innenseiten und sind im Bund \u00fcber den Arsch mit einem Lederband geschn\u00fcrt. Vorne werden sie mit sechs schweren Druckkn\u00f6pfen geschlossen. Geschneidert werden diese edlen Teile in Deutschland aus hiesigem Leder.<\/P><\/p>\n","protected":false},"featured_media":21567,"comment_status":"open","ping_status":"closed","template":"","meta":[],"product_brand":[],"product_cat":[157,95,132],"product_tag":[4395,4398],"class_list":{"0":"post-6772","1":"product","2":"type-product","3":"status-publish","4":"has-post-thumbnail","6":"product_cat-hosen-chaps","7":"product_cat-bestseller","8":"product_cat-dungeon","9":"product_tag-bestseller-leder","10":"product_tag-hml-fetish-original","11":"product_shipping_class-paket","13":"first","14":"instock","15":"taxable","16":"shipping-taxable","17":"purchasable","18":"product-type-variable"},"_links":{"self":[{"href":"https:\/\/www.hml-fetish.de\/shop\/wp-json\/wp\/v2\/product\/6772","targetHints":{"allow":["GET"]}}],"collection":[{"href":"https:\/\/www.hml-fetish.de\/shop\/wp-json\/wp\/v2\/product"}],"about":[{"href":"https:\/\/www.hml-fetish.de\/shop\/wp-json\/wp\/v2\/types\/product"}],"replies":[{"embeddable":true,"href":"https:\/\/www.hml-fetish.de\/shop\/wp-json\/wp\/v2\/comments?post=6772"}],"version-history":[{"count":0,"href":"https:\/\/www.hml-fetish.de\/shop\/wp-json\/wp\/v2\/product\/6772\/revisions"}],"wp:featuredmedia":[{"embeddable":true,"href":"https:\/\/www.hml-fetish.de\/shop\/wp-json\/wp\/v2\/media\/21567"}],"wp:attachment":[{"href":"https:\/\/www.hml-fetish.de\/shop\/wp-json\/wp\/v2\/media?parent=6772"}],"wp:term":[{"taxonomy":"product_brand","embeddable":true,"href":"https:\/\/www.hml-fetish.de\/shop\/wp-json\/wp\/v2\/product_brand?post=6772"},{"taxonomy":"product_cat","embeddable":true,"href":"https:\/\/www.hml-fetish.de\/shop\/wp-json\/wp\/v2\/product_cat?post=6772"},{"taxonomy":"product_tag","embeddable":true,"href":"https:\/\/www.hml-fetish.de\/shop\/wp-json\/wp\/v2\/product_tag?post=6772"}],"curies":[{"name":"wp","href":"https:\/\/api.w.org\/{rel}","templated":true}]}}