{"id":6771,"date":"2022-01-23T22:49:27","date_gmt":"2022-01-23T21:49:27","guid":{"rendered":"https:\/\/www.hml-fetish.de\/shop\/?post_type=product&#038;p=6771"},"modified":"2024-12-11T15:13:05","modified_gmt":"2024-12-11T14:13:05","slug":"501-style-lederjeans","status":"publish","type":"product","link":"https:\/\/www.hml-fetish.de\/shop\/501-style-lederjeans\/","title":{"rendered":"501-style Lederjeans"},"content":{"rendered":"<p><P>Unsere Leder-Adaption des bekannten 501-Schnittes. Gut geeignet f\u00fcr kr\u00e4ftige Oberschenkel. 5-Pocket-Form mit Knopfleiste, extra gro\u00dfe G\u00fcrtelschlaufen, Beine aus einem St\u00fcck, keine Knieansatzn\u00e4hte und ungef\u00fcttert. Aus einem glatten schwarzen Rindnappa von ca. 1,2 mm St\u00e4rke.<\/P><br \/>\n<P>Weil die Hose schlie\u00dflich ordentlich knackig sitzen soll, kannst du sie hier zus\u00e4tzlich zu den Konfektionsgr\u00f6\u00dfen f\u00fcr den normalen oder f\u00fcr den schlanken und hochgewachsenen K\u00f6rperbau auch in Zwischengr\u00f6\u00dfen bekommen! Auf Gr\u00f6\u00dfen, die wir nicht am Lager haben, mu\u00dft Du 3 bis 4 Wochen warten.<\/P><br \/>\n<P>Diese Hose liefern wir mit \u00fcberlangen Beinen zum individuellen K\u00fcrzen: einfach den \u00dcberstand nach innen umlegen und mit Pattex festkleben. Die angegebenen Zentimeter-Ma\u00dfe sind am K\u00f6rper gemessen. Eine Bequemlichkeitszugabe haben die Lederhosen nicht. So kann es sein, da\u00df du dich in deiner neuen Hose zuerst leicht eingeengt  f\u00fchlst. Sie wird sich schon bald an deine K\u00f6rperform anpassen und dir exzellent passen.<\/P><br \/>\n<P><B>Wichtiger Hinweis:<\/B> Du erh\u00e4ltst genau die Bundweite, die angegeben ist! Bei Jeansherstellern weicht die tats\u00e4chliche Gr\u00f6\u00dfe (erheblich) von den angegebenen Ma\u00dfen ab. 32&#8243; bei Levi&#8217;s kommen mit je nach Schnitt mit 33&#8243; bis 35&#8243; Weite. Vertrau&#8217; daher nicht auf die Angaben, sondern mi\u00df bitte immer eine gut passende Jeans mit einem Ma\u00dfband innen am Bund entlang nach. Dieses Ma\u00df in Zoll oder CM ist Deine Gr\u00f6\u00dfe bei uns. Wenn Du Dir nicht sicher bist, erg\u00e4nze Deinen Me\u00dfwert im Kommentarfeld beim Bestellen!<br \/>\n<BR><img decoding=\"async\" src=\"\/GIF\/size_unisex_down.gif\" alt=\"Gr\u00f6\u00dfentabelle\" title=\"Gr\u00f6\u00dfentabelle\" border=\"0\" height=\"194\" width=\"114\">&nbsp;<img decoding=\"async\" src=\"\/GIF\/size_bund.gif\" alt=\"Gr\u00f6\u00dfentabelle\" title=\"Gr\u00f6\u00dfentabelle\" border=\"0\" height=\"194\" width=\"134\"><\/P><\/p>\n","protected":false},"excerpt":{"rendered":"<h4>501-style Lederjeans<\/h4>\n<p><P>Unsere Leder-Adaption des 501-Schnittes. Gut geeignet f\u00fcr kr\u00e4ftige Oberschenkel. 5-Pocket-Form mit Knopfleiste, extra gro\u00dfe G\u00fcrtelschlaufen, Beine aus einem St\u00fcck, keine Knieansatzn\u00e4hte und ungef\u00fcttert. Aus einem glatten schwarzen Rindnappa von ca. 1,2 mm St\u00e4rke.<\/P><\/p>\n","protected":false},"featured_media":21643,"comment_status":"open","ping_status":"closed","template":"","meta":[],"product_brand":[],"product_cat":[157,95],"product_tag":[4398],"class_list":{"0":"post-6771","1":"product","2":"type-product","3":"status-publish","4":"has-post-thumbnail","6":"product_cat-hosen-chaps","7":"product_cat-bestseller","8":"product_tag-hml-fetish-original","9":"product_shipping_class-paket","11":"first","12":"instock","13":"taxable","14":"shipping-taxable","15":"purchasable","16":"product-type-variable"},"_links":{"self":[{"href":"https:\/\/www.hml-fetish.de\/shop\/wp-json\/wp\/v2\/product\/6771","targetHints":{"allow":["GET"]}}],"collection":[{"href":"https:\/\/www.hml-fetish.de\/shop\/wp-json\/wp\/v2\/product"}],"about":[{"href":"https:\/\/www.hml-fetish.de\/shop\/wp-json\/wp\/v2\/types\/product"}],"replies":[{"embeddable":true,"href":"https:\/\/www.hml-fetish.de\/shop\/wp-json\/wp\/v2\/comments?post=6771"}],"version-history":[{"count":0,"href":"https:\/\/www.hml-fetish.de\/shop\/wp-json\/wp\/v2\/product\/6771\/revisions"}],"wp:featuredmedia":[{"embeddable":true,"href":"https:\/\/www.hml-fetish.de\/shop\/wp-json\/wp\/v2\/media\/21643"}],"wp:attachment":[{"href":"https:\/\/www.hml-fetish.de\/shop\/wp-json\/wp\/v2\/media?parent=6771"}],"wp:term":[{"taxonomy":"product_brand","embeddable":true,"href":"https:\/\/www.hml-fetish.de\/shop\/wp-json\/wp\/v2\/product_brand?post=6771"},{"taxonomy":"product_cat","embeddable":true,"href":"https:\/\/www.hml-fetish.de\/shop\/wp-json\/wp\/v2\/product_cat?post=6771"},{"taxonomy":"product_tag","embeddable":true,"href":"https:\/\/www.hml-fetish.de\/shop\/wp-json\/wp\/v2\/product_tag?post=6771"}],"curies":[{"name":"wp","href":"https:\/\/api.w.org\/{rel}","templated":true}]}}