{"id":6770,"date":"2022-01-23T22:49:27","date_gmt":"2022-01-23T21:49:27","guid":{"rendered":"https:\/\/www.hml-fetish.de\/shop\/?post_type=product&#038;p=6770"},"modified":"2023-06-08T15:42:18","modified_gmt":"2023-06-08T13:42:18","slug":"hml-lederjeans","status":"publish","type":"product","link":"https:\/\/www.hml-fetish.de\/shop\/hml-lederjeans\/","title":{"rendered":"HML Lederjeans"},"content":{"rendered":"<p><P>Lederhosen sollen knackig sitzen. darum bekommst Du sie hier in den Konfektionsgr\u00f6\u00dfen f\u00fcr den normalen und in den Gr\u00f6\u00dfen f\u00fcr den schlanken und hochgewachsenen K\u00f6rperbau zus\u00e4tzlich auch in Zwischengr\u00f6\u00dfen! Die angegebenen Zentimeter-Ma\u00dfe sind am K\u00f6rper gemessen. Eine Bequemlichkeitszugabe haben die Lederhosen nicht. So kann es vorkommen, da\u00df du dich in deiner neuen Hose zuerst leicht eingeengt f\u00fchlst. Nach mehrmaligem Tragen hat sie sich dann jedoch etwas gedehnt und wird dir wie angegossen passen. Gr\u00f6\u00dfen, die wir nicht am Lager haben, haben eine Lieferzeit von 3 bis 4 Wochen.<\/P><br \/>\n<P>Wir lassen die Lederjeans in Five-Pocket-R\u00f6hrenform mit enganliegendem Oberschenkel fertigen, ohne Futter. Ohne Knieansatzn\u00e4hte und mit eher niedrigem Bund. Tief angesetzte Knopfleiste\/Rei\u00dfverschlu\u00df. Innentaschen aus Leder. Extragro\u00dfe G\u00fcrtelschlaufen. Schwarzes Rindnappa von ca. 1,2 mm St\u00e4rke.<\/P><br \/>\n<P>Diese Hose liefern wir unten offen, das hei\u00dft mit nicht abgel\u00e4ngten Bein-Enden. Du kannst ganz einfach den \u00dcberstand selber nach innen umlegen und mit Pattex festkleben.<\/P><br \/>\n<P><strong>Wichtiger Hinweis:<\/strong> Du erh\u00e4ltst genau die Bundweite, die angegeben ist! Bei Jeansherstellern weicht die tats\u00e4chliche Gr\u00f6\u00dfe (erheblich) von den angegebenen Ma\u00dfen ab. 32&#8243; bei Levi&#8217;s kommen mit je nach Schnitt mit 33&#8243; bis 35&#8243; Weite. Vertrau&#8217; daher nicht auf die Angaben, sondern mi\u00df bitte immer eine gut passende Jeans mit einem Ma\u00dfband innen am Bund entlang nach. Dieses Ma\u00df in Zoll oder CM ist Deine Gr\u00f6\u00dfe bei uns. Wenn Du Dir nicht sicher bist, erg\u00e4nze Deinen Me\u00dfwert im Kommentarfeld beim Bestellen!<\/P><br \/>\n<P><img decoding=\"async\" title=\"Gr\u00f6\u00dfentabelle\" src=\"\/GIF\/size_unisex_down.gif\" alt=\"Gr\u00f6\u00dfentabelle\" width=\"114\" height=\"194\" border=\"0\" \/>\u00a0<img decoding=\"async\" title=\"Gr\u00f6\u00dfentabelle\" src=\"\/GIF\/size_bund.gif\" alt=\"Gr\u00f6\u00dfentabelle\" width=\"134\" height=\"194\" border=\"0\" \/><\/P><\/p>\n","protected":false},"excerpt":{"rendered":"<h4>HML Lederjeans<\/h4>\n<p>Lederhosen sollen knackig sitzen. Darum bekommst Du die HML Lederjeans hier in deutschen Konfektionsgr\u00f6\u00dfen f\u00fcr den normalen und in den Gr\u00f6\u00dfen f\u00fcr den schlanken und hochgewachsenen K\u00f6rperbau zus\u00e4tzlich auch in Zwischengr\u00f6\u00dfen! Die angegebenen Zentimeter-Ma\u00dfe sind am K\u00f6rper gemessen. Eine Bequemlichkeitszugabe haben die Lederhosen nicht. So kann es vorkommen, da\u00df du dich in deiner neuen Hose zuerst leicht eingeengt f\u00fchlst. Nach mehrmaligem Tragen hat sie sich dann jedoch etwas gedehnt und wird dir wie angegossen passen.<\/p>\n","protected":false},"featured_media":21720,"comment_status":"open","ping_status":"closed","template":"","meta":[],"product_brand":[],"product_cat":[157,95],"product_tag":[4398],"class_list":{"0":"post-6770","1":"product","2":"type-product","3":"status-publish","4":"has-post-thumbnail","6":"product_cat-hosen-chaps","7":"product_cat-bestseller","8":"product_tag-hml-fetish-original","9":"product_shipping_class-paket","11":"first","12":"instock","13":"sale","14":"taxable","15":"shipping-taxable","16":"purchasable","17":"product-type-variable"},"_links":{"self":[{"href":"https:\/\/www.hml-fetish.de\/shop\/wp-json\/wp\/v2\/product\/6770","targetHints":{"allow":["GET"]}}],"collection":[{"href":"https:\/\/www.hml-fetish.de\/shop\/wp-json\/wp\/v2\/product"}],"about":[{"href":"https:\/\/www.hml-fetish.de\/shop\/wp-json\/wp\/v2\/types\/product"}],"replies":[{"embeddable":true,"href":"https:\/\/www.hml-fetish.de\/shop\/wp-json\/wp\/v2\/comments?post=6770"}],"version-history":[{"count":0,"href":"https:\/\/www.hml-fetish.de\/shop\/wp-json\/wp\/v2\/product\/6770\/revisions"}],"wp:featuredmedia":[{"embeddable":true,"href":"https:\/\/www.hml-fetish.de\/shop\/wp-json\/wp\/v2\/media\/21720"}],"wp:attachment":[{"href":"https:\/\/www.hml-fetish.de\/shop\/wp-json\/wp\/v2\/media?parent=6770"}],"wp:term":[{"taxonomy":"product_brand","embeddable":true,"href":"https:\/\/www.hml-fetish.de\/shop\/wp-json\/wp\/v2\/product_brand?post=6770"},{"taxonomy":"product_cat","embeddable":true,"href":"https:\/\/www.hml-fetish.de\/shop\/wp-json\/wp\/v2\/product_cat?post=6770"},{"taxonomy":"product_tag","embeddable":true,"href":"https:\/\/www.hml-fetish.de\/shop\/wp-json\/wp\/v2\/product_tag?post=6770"}],"curies":[{"name":"wp","href":"https:\/\/api.w.org\/{rel}","templated":true}]}}