{"id":6769,"date":"2022-01-23T22:49:19","date_gmt":"2022-01-23T21:49:19","guid":{"rendered":"https:\/\/www.hml-fetish.de\/shop\/?post_type=product&#038;p=6769"},"modified":"2022-04-29T13:23:30","modified_gmt":"2022-04-29T11:23:30","slug":"cya-officer-groesse-34-m","status":"publish","type":"product","link":"https:\/\/www.hml-fetish.de\/shop\/cya-officer-groesse-34-m\/","title":{"rendered":"CYA Officer Gr\u00f6\u00dfe 34-M"},"content":{"rendered":"<p><P>Die California Youth Authority geh\u00f6rt zum California Department of Corrections und ist zust\u00e4ndig f\u00fcr Jungs bis 25, die schwer straff\u00e4llig wurden. Hier die Uniform eines bewaffneten Mitarbeiters der CYA, der speziell f\u00fcr Gerichtsvorf\u00fchrungen trainiert ist. Die olivgr\u00fcne Sommerhose bekommst du in Gr\u00f6\u00dfe 34\/29 (mit etwa 87cm Bundumfang und 74cm Schrittl\u00e4nge), das beige Polohemd in Gr\u00f6\u00dfe M (medium). Das Polo kommt mit den aufgen\u00e4hten Abzeichen.<\/P><br \/>\n<P>Die fette G\u00fcrtelausr\u00fcstung bekommst du ebenso. Mit Nylon-Koppel, gro\u00dfe Handschellen-Tasche, Mini-MagLite-Holster, Schl\u00fcsselhalter, Pistolenholster inklusive (!) Walther P99 Deko-Waffe sowie einer Magazintasche. Komplett und neu! Eine mehr als seltene Uniform. Der Hingucker!<\/P><\/p>\n","protected":false},"excerpt":{"rendered":"<h4>CYA Officer Gr\u00f6\u00dfe 34-M<\/h4>\n<p><P>Die California Youth Authority geh\u00f6rt zum California Department of Corrections und ist zust\u00e4ndig f\u00fcr Jungs bis 25, die schwer straff\u00e4llig wurden. Hier die Uniform eines bewaffneten Mitarbeiters der CYA, der speziell f\u00fcr Gerichtsvorf\u00fchrungen trainiert ist. Die olivgr\u00fcne Sommerhose bekommst du in Gr\u00f6\u00dfe 34\/29 (mit etwa 87cm Bundumfang und 74cm Schrittl\u00e4nge), das beige Polohemd in Gr\u00f6\u00dfe M (medium). Das Polo kommt mit den aufgen\u00e4hten Abzeichen.<\/P><\/p>\n","protected":false},"featured_media":21848,"comment_status":"open","ping_status":"closed","template":"","meta":[],"product_brand":[],"product_cat":[150],"product_tag":[],"class_list":{"0":"post-6769","1":"product","2":"type-product","3":"status-publish","4":"has-post-thumbnail","6":"product_cat-uniformen","7":"product_shipping_class-paket","9":"first","10":"instock","11":"sale","12":"taxable","13":"shipping-taxable","14":"purchasable","15":"product-type-simple"},"_links":{"self":[{"href":"https:\/\/www.hml-fetish.de\/shop\/wp-json\/wp\/v2\/product\/6769","targetHints":{"allow":["GET"]}}],"collection":[{"href":"https:\/\/www.hml-fetish.de\/shop\/wp-json\/wp\/v2\/product"}],"about":[{"href":"https:\/\/www.hml-fetish.de\/shop\/wp-json\/wp\/v2\/types\/product"}],"replies":[{"embeddable":true,"href":"https:\/\/www.hml-fetish.de\/shop\/wp-json\/wp\/v2\/comments?post=6769"}],"version-history":[{"count":0,"href":"https:\/\/www.hml-fetish.de\/shop\/wp-json\/wp\/v2\/product\/6769\/revisions"}],"wp:featuredmedia":[{"embeddable":true,"href":"https:\/\/www.hml-fetish.de\/shop\/wp-json\/wp\/v2\/media\/21848"}],"wp:attachment":[{"href":"https:\/\/www.hml-fetish.de\/shop\/wp-json\/wp\/v2\/media?parent=6769"}],"wp:term":[{"taxonomy":"product_brand","embeddable":true,"href":"https:\/\/www.hml-fetish.de\/shop\/wp-json\/wp\/v2\/product_brand?post=6769"},{"taxonomy":"product_cat","embeddable":true,"href":"https:\/\/www.hml-fetish.de\/shop\/wp-json\/wp\/v2\/product_cat?post=6769"},{"taxonomy":"product_tag","embeddable":true,"href":"https:\/\/www.hml-fetish.de\/shop\/wp-json\/wp\/v2\/product_tag?post=6769"}],"curies":[{"name":"wp","href":"https:\/\/api.w.org\/{rel}","templated":true}]}}