{"id":6764,"date":"2022-01-23T22:49:17","date_gmt":"2022-01-23T21:49:17","guid":{"rendered":"https:\/\/www.hml-fetish.de\/shop\/?post_type=product&#038;p=6764"},"modified":"2022-11-08T17:37:16","modified_gmt":"2022-11-08T16:37:16","slug":"leder-klett-fesseln-breit","status":"publish","type":"product","link":"https:\/\/www.hml-fetish.de\/shop\/leder-klett-fesseln-breit\/","title":{"rendered":"Leder-Klett-Fesseln breit"},"content":{"rendered":"<p><P>So definieren wir Sicherheit: ein Paar Fesseln aus weichem Leder, die mit zwei Reihen superstarkem Klettband zusammengehalten werden. Die passen in jede Tasche und halten &#8211; einmal angelegt &#8211; die H\u00e4nde des Tr\u00e4gers richtig fest und sicher am Platz. Besonders geil ist, da\u00df diese Fesseln <B>komplett gen\u00e4ht<\/B> sind und bis auf die D-Ringe und den mitgelieferten Verbindungskarabiner keinerlei Metall enthalten! Die stabilen N\u00e4hte halten au\u00dferdem fester als jede Niete!<\/P><br \/>\n<P>Der untere Gurt auf der Haut ist 7,5 cm breit, der aufgen\u00e4hte Gurt fette 5 cm. <a HREF=\"http:\/\/www.toytorture.com\/hml-velcro-leather-hand-restraints\/\" TARGET=\"neu\">Wollt ihr wissen, wie sich die geilen Teile im Einsatz machen? Hier findet ihr einen lesenswerten, englischsprachigen Artikel \u00fcber unsere Klettfesseln. Dieser Review zeigt klar, welchen Mehrwert das \u00bbmade in Germany\u00ab bietet. Und nun viel Spa\u00df Jungs und M\u00e4dels!<\/A><\/P><\/p>\n","protected":false},"excerpt":{"rendered":"<h4>Leder-Klett-Fesseln breit<\/h4>\n<p><P>So definieren wir Sicherheit: ein Paar Klettfesseln aus weichem Leder, die mit zwei Reihen superstarkem Klettband zusammengehalten werden. Die passen in jede Tasche und halten &#8211; einmal angelegt &#8211; die H\u00e4nde des Tr\u00e4gers richtig fest und sicher am Platz. Besonders geil ist, da\u00df diese Fesseln <B>komplett gen\u00e4ht<\/B> sind und bis auf die D-Ringe und den mitgelieferten Verbindungskarabiner keinerlei Metall enthalten! Die stabilen N\u00e4hte halten au\u00dferdem fester als jede Niete!<\/P><\/p>\n","protected":false},"featured_media":21977,"comment_status":"open","ping_status":"closed","template":"","meta":[],"product_brand":[],"product_cat":[163,137,106],"product_tag":[4398],"class_list":{"0":"post-6764","1":"product","2":"type-product","3":"status-publish","4":"has-post-thumbnail","6":"product_cat-lederfesseln","7":"product_cat-bondage","8":"product_cat-neu-bei-hml","9":"product_tag-hml-fetish-original","10":"product_shipping_class-paket","12":"first","13":"instock","14":"sale","15":"taxable","16":"shipping-taxable","17":"purchasable","18":"product-type-variable"},"_links":{"self":[{"href":"https:\/\/www.hml-fetish.de\/shop\/wp-json\/wp\/v2\/product\/6764","targetHints":{"allow":["GET"]}}],"collection":[{"href":"https:\/\/www.hml-fetish.de\/shop\/wp-json\/wp\/v2\/product"}],"about":[{"href":"https:\/\/www.hml-fetish.de\/shop\/wp-json\/wp\/v2\/types\/product"}],"replies":[{"embeddable":true,"href":"https:\/\/www.hml-fetish.de\/shop\/wp-json\/wp\/v2\/comments?post=6764"}],"version-history":[{"count":0,"href":"https:\/\/www.hml-fetish.de\/shop\/wp-json\/wp\/v2\/product\/6764\/revisions"}],"wp:featuredmedia":[{"embeddable":true,"href":"https:\/\/www.hml-fetish.de\/shop\/wp-json\/wp\/v2\/media\/21977"}],"wp:attachment":[{"href":"https:\/\/www.hml-fetish.de\/shop\/wp-json\/wp\/v2\/media?parent=6764"}],"wp:term":[{"taxonomy":"product_brand","embeddable":true,"href":"https:\/\/www.hml-fetish.de\/shop\/wp-json\/wp\/v2\/product_brand?post=6764"},{"taxonomy":"product_cat","embeddable":true,"href":"https:\/\/www.hml-fetish.de\/shop\/wp-json\/wp\/v2\/product_cat?post=6764"},{"taxonomy":"product_tag","embeddable":true,"href":"https:\/\/www.hml-fetish.de\/shop\/wp-json\/wp\/v2\/product_tag?post=6764"}],"curies":[{"name":"wp","href":"https:\/\/api.w.org\/{rel}","templated":true}]}}