{"id":6760,"date":"2022-01-23T22:49:16","date_gmt":"2022-01-23T21:49:16","guid":{"rendered":"https:\/\/www.hml-fetish.de\/shop\/?post_type=product&#038;p=6760"},"modified":"2022-06-26T12:44:50","modified_gmt":"2022-06-26T10:44:50","slug":"lederfesseln-farbig-6-cm-breit","status":"publish","type":"product","link":"https:\/\/www.hml-fetish.de\/shop\/lederfesseln-farbig-6-cm-breit\/","title":{"rendered":"Lederfesseln farbig 6 cm breit"},"content":{"rendered":"<p><P>Die bew\u00e4hrte HML-Fetish Qualit\u00e4t in besonders stabiler Verarbeitung, jeweils aus doppelt gelegtem Rindnappa. Besonders belastbar durch zwei Reihen Vernietung. Und sie schneiden nicht ein, weil die Kanten umgelegt, daher abgerundet und weich sind. Mit einer Schnalle verschlie\u00dfbar und einstellbar. Inklusive Doppelkarabiner.<P><br \/>\n<P>Hier die personalisierbare Version: W\u00e4hle Dir einfach die Farbe f\u00fcr den oberen Gurt (mit Schnalle) aus, und Du hast ein unverwechselbares Spielzeug in Deiner Ausr\u00fcstung. Der untere Gurt in schwarz ergibt einen geilen Kontrast dazu.<br \/>\n<BR><IMG SRC=\"\/GIF\/HF13.gif\" WIDTH=\"340\" HEIGHT=\"272\" BORDER=\"1\" ALT=\"Welche Farbe?\" TITLE=\"Welche Farbe?\"><\/P><\/p>\n","protected":false},"excerpt":{"rendered":"<h4>Lederfesseln farbig 6 cm breit<\/h4>\n<p><P>Die bew\u00e4hrte HML Fetish Qualit\u00e4t in besonders stabiler Verarbeitung, jeweils aus doppelt gelegtem Rindnappa. Besonders belastbar durch zwei Reihen Vernietung. Und sie schneiden nicht ein, weil die Kanten umgelegt, daher abgerundet und weich sind. Mit einer Schnalle verschlie\u00dfbar und einstellbar. Inklusive Doppelkarabiner.<P><\/p>\n","protected":false},"featured_media":22070,"comment_status":"open","ping_status":"closed","template":"","meta":[],"product_brand":[],"product_cat":[163,137,129],"product_tag":[4398],"class_list":{"0":"post-6760","1":"product","2":"type-product","3":"status-publish","4":"has-post-thumbnail","6":"product_cat-lederfesseln","7":"product_cat-bondage","8":"product_cat-hanky-code","9":"product_tag-hml-fetish-original","10":"product_shipping_class-paket","12":"first","13":"instock","14":"taxable","15":"shipping-taxable","16":"purchasable","17":"product-type-variable"},"_links":{"self":[{"href":"https:\/\/www.hml-fetish.de\/shop\/wp-json\/wp\/v2\/product\/6760","targetHints":{"allow":["GET"]}}],"collection":[{"href":"https:\/\/www.hml-fetish.de\/shop\/wp-json\/wp\/v2\/product"}],"about":[{"href":"https:\/\/www.hml-fetish.de\/shop\/wp-json\/wp\/v2\/types\/product"}],"replies":[{"embeddable":true,"href":"https:\/\/www.hml-fetish.de\/shop\/wp-json\/wp\/v2\/comments?post=6760"}],"version-history":[{"count":0,"href":"https:\/\/www.hml-fetish.de\/shop\/wp-json\/wp\/v2\/product\/6760\/revisions"}],"wp:featuredmedia":[{"embeddable":true,"href":"https:\/\/www.hml-fetish.de\/shop\/wp-json\/wp\/v2\/media\/22070"}],"wp:attachment":[{"href":"https:\/\/www.hml-fetish.de\/shop\/wp-json\/wp\/v2\/media?parent=6760"}],"wp:term":[{"taxonomy":"product_brand","embeddable":true,"href":"https:\/\/www.hml-fetish.de\/shop\/wp-json\/wp\/v2\/product_brand?post=6760"},{"taxonomy":"product_cat","embeddable":true,"href":"https:\/\/www.hml-fetish.de\/shop\/wp-json\/wp\/v2\/product_cat?post=6760"},{"taxonomy":"product_tag","embeddable":true,"href":"https:\/\/www.hml-fetish.de\/shop\/wp-json\/wp\/v2\/product_tag?post=6760"}],"curies":[{"name":"wp","href":"https:\/\/api.w.org\/{rel}","templated":true}]}}