{"id":6758,"date":"2022-01-23T22:49:15","date_gmt":"2022-01-23T21:49:15","guid":{"rendered":"https:\/\/www.hml-fetish.de\/shop\/?post_type=product&#038;p=6758"},"modified":"2022-06-26T12:45:17","modified_gmt":"2022-06-26T10:45:17","slug":"leder-fesseln-5-cm-breit","status":"publish","type":"product","link":"https:\/\/www.hml-fetish.de\/shop\/leder-fesseln-5-cm-breit\/","title":{"rendered":"Leder-Fesseln 5 cm breit"},"content":{"rendered":"<p><P>Die bew\u00e4hrte HML Qualit\u00e4t in unserer bew\u00e4hrten Verarbeitung, jeweils aus doppelt gelegtem Rindnappa. Die umgelegten Kanten sind abgerundet und weich und schneiden nicht ein, egal, wie lange die Fesseln getragen werden. Mit einer Schnalle verschlie\u00dfbar und einstellbar. Inklusive Karabiner. Du bekommst unsere Leder-Fesseln 5 cm breit hier in drei Gr\u00f6\u00dfen als Handfesseln, als Fu\u00dffesseln und als Stiefelfesseln sowie als preiswertes Set aus Hand- und Fu\u00dffesseln.<\/P><\/p>\n","protected":false},"excerpt":{"rendered":"<h4>Leder-Fesseln 5 cm breit<\/h4>\n<p><P>Die bew\u00e4hrte HML Qualit\u00e4t in unserer bew\u00e4hrten Verarbeitung, jeweils aus doppelt gelegtem Rindnappa. Die umgelegten Kanten sind abgerundet und weich und schneiden nicht ein, egal, wie lange die Fesseln getragen werden. Mit einer Schnalle verschlie\u00dfbar und einstellbar. Inklusive Karabiner.<\/P><\/p>\n","protected":false},"featured_media":22183,"comment_status":"open","ping_status":"closed","template":"","meta":[],"product_brand":[],"product_cat":[163,95,137],"product_tag":[4398],"class_list":{"0":"post-6758","1":"product","2":"type-product","3":"status-publish","4":"has-post-thumbnail","6":"product_cat-lederfesseln","7":"product_cat-bestseller","8":"product_cat-bondage","9":"product_tag-hml-fetish-original","10":"product_shipping_class-paket","12":"first","13":"instock","14":"taxable","15":"shipping-taxable","16":"purchasable","17":"product-type-variable"},"_links":{"self":[{"href":"https:\/\/www.hml-fetish.de\/shop\/wp-json\/wp\/v2\/product\/6758","targetHints":{"allow":["GET"]}}],"collection":[{"href":"https:\/\/www.hml-fetish.de\/shop\/wp-json\/wp\/v2\/product"}],"about":[{"href":"https:\/\/www.hml-fetish.de\/shop\/wp-json\/wp\/v2\/types\/product"}],"replies":[{"embeddable":true,"href":"https:\/\/www.hml-fetish.de\/shop\/wp-json\/wp\/v2\/comments?post=6758"}],"version-history":[{"count":0,"href":"https:\/\/www.hml-fetish.de\/shop\/wp-json\/wp\/v2\/product\/6758\/revisions"}],"wp:featuredmedia":[{"embeddable":true,"href":"https:\/\/www.hml-fetish.de\/shop\/wp-json\/wp\/v2\/media\/22183"}],"wp:attachment":[{"href":"https:\/\/www.hml-fetish.de\/shop\/wp-json\/wp\/v2\/media?parent=6758"}],"wp:term":[{"taxonomy":"product_brand","embeddable":true,"href":"https:\/\/www.hml-fetish.de\/shop\/wp-json\/wp\/v2\/product_brand?post=6758"},{"taxonomy":"product_cat","embeddable":true,"href":"https:\/\/www.hml-fetish.de\/shop\/wp-json\/wp\/v2\/product_cat?post=6758"},{"taxonomy":"product_tag","embeddable":true,"href":"https:\/\/www.hml-fetish.de\/shop\/wp-json\/wp\/v2\/product_tag?post=6758"}],"curies":[{"name":"wp","href":"https:\/\/api.w.org\/{rel}","templated":true}]}}