{"id":6755,"date":"2022-01-23T22:49:15","date_gmt":"2022-01-23T21:49:15","guid":{"rendered":"https:\/\/www.hml-fetish.de\/shop\/?post_type=product&#038;p=6755"},"modified":"2025-03-21T17:30:01","modified_gmt":"2025-03-21T16:30:01","slug":"leder-policehemd","status":"publish","type":"product","link":"https:\/\/www.hml-fetish.de\/shop\/leder-policehemd\/","title":{"rendered":"Leder Policehemd"},"content":{"rendered":"<p><P>Ein Leder Uniformhemd exakt im Schnitt der Uniformhemden wie sie f\u00fcr die US Police Departments typisch sind. In einem schwarzen feinen Rindnappa mit weichem Griff. Mit allen Details wie z.B. abgesteppten \u00bbB\u00fcgelfalten\u00ab und Schulterklappen mit X-Naht. Manschetten und Knopfleiste mit schwarzen oder silbernen Druckkn\u00f6pfen. Geschwungene Taschenklappen mit Druckkn\u00f6pfen und Klettverschl\u00fcssen. Dieses exklusive Uniform Shirt gibt es mit kurzen \u00c4rmeln. In den Unisex-Gr\u00f6\u00dfen von XS bis XXL.<\/P><br \/>\n<P>Dieses Hemd aus schwarzem \u00bblambtouch\u00ab-Leder wird oft mit individuellen Abwandlungen bestellt. In einer anderen Lederfarbe, aus st\u00e4rkerem Leder, mit Kragen, Schulterklappen und Taschenklappen in einer anderen Farbe eingefa\u00dft, mit silberfarbenen Druckkn\u00f6pfen, vieles ist m\u00f6glich. Gr\u00f6\u00dfen und\/oder Ausf\u00fchrungen, die nicht am Lager sind, haben eine Lieferzeit von etwa vier Wochen.<br \/>\n<BR><img decoding=\"async\" src=\"\/GIF\/size_unisex_up.gif\" alt=\"Gr\u00f6\u00dfentabelle\" title=\"Gr\u00f6\u00dfentabelle\" border=\"0\" height=\"194\" width=\"114\"><\/P><br \/>\n<P><B>Produktsicherheit:<\/B><BR><br \/>\nAllergiehinweis: Material Rindleder, Metallteile mit Hautkontakt sind rost- und nickelfrei<BR><br \/>\nVerantwortliche Person<BR><br \/>\nHML, Inhaber Dr. Detlef Moller<BR><br \/>\nNeukirchstra\u00dfe 18<BR><br \/>\n28215 Bremen<BR><br \/>\nDeutschland<BR><br \/>\ninfo@hml-fetish.de<\/P><\/p>\n","protected":false},"excerpt":{"rendered":"<h4>Leder Policehemd<\/h4>\n<p><P>Ein Leder Uniformhemd exakt im Schnitt der Uniformhemden wie sie f\u00fcr die US Police Department Shirts typisch sind. In einem schwarzen feinen Rindnappa mit weichem Griff. Mit allen Details wie z.B. abgesteppten \u00bbB\u00fcgelfalten\u00ab und Schulterklappen mit X-Naht. Manschetten und Knopfleiste mit schwarzen Druckkn\u00f6pfen. Geschwungene Taschenklappen mit Druckkn\u00f6pfen und Klettverschl\u00fcssen. Dieses exklusive Uniform Shirt gibt es mit kurzen \u00c4rmeln. In den Unisex-Gr\u00f6\u00dfen von XS bis XXL.<\/P><\/p>\n","protected":false},"featured_media":22372,"comment_status":"open","ping_status":"closed","template":"","meta":[],"product_brand":[],"product_cat":[161,150],"product_tag":[4398],"class_list":{"0":"post-6755","1":"product","2":"type-product","3":"status-publish","4":"has-post-thumbnail","6":"product_cat-hemden-westen","7":"product_cat-uniformen","8":"product_tag-hml-fetish-original","9":"product_shipping_class-paket","11":"first","12":"instock","13":"sale","14":"taxable","15":"shipping-taxable","16":"purchasable","17":"product-type-variable"},"_links":{"self":[{"href":"https:\/\/www.hml-fetish.de\/shop\/wp-json\/wp\/v2\/product\/6755","targetHints":{"allow":["GET"]}}],"collection":[{"href":"https:\/\/www.hml-fetish.de\/shop\/wp-json\/wp\/v2\/product"}],"about":[{"href":"https:\/\/www.hml-fetish.de\/shop\/wp-json\/wp\/v2\/types\/product"}],"replies":[{"embeddable":true,"href":"https:\/\/www.hml-fetish.de\/shop\/wp-json\/wp\/v2\/comments?post=6755"}],"version-history":[{"count":0,"href":"https:\/\/www.hml-fetish.de\/shop\/wp-json\/wp\/v2\/product\/6755\/revisions"}],"wp:featuredmedia":[{"embeddable":true,"href":"https:\/\/www.hml-fetish.de\/shop\/wp-json\/wp\/v2\/media\/22372"}],"wp:attachment":[{"href":"https:\/\/www.hml-fetish.de\/shop\/wp-json\/wp\/v2\/media?parent=6755"}],"wp:term":[{"taxonomy":"product_brand","embeddable":true,"href":"https:\/\/www.hml-fetish.de\/shop\/wp-json\/wp\/v2\/product_brand?post=6755"},{"taxonomy":"product_cat","embeddable":true,"href":"https:\/\/www.hml-fetish.de\/shop\/wp-json\/wp\/v2\/product_cat?post=6755"},{"taxonomy":"product_tag","embeddable":true,"href":"https:\/\/www.hml-fetish.de\/shop\/wp-json\/wp\/v2\/product_tag?post=6755"}],"curies":[{"name":"wp","href":"https:\/\/api.w.org\/{rel}","templated":true}]}}