{"id":6753,"date":"2022-01-23T22:49:14","date_gmt":"2022-01-23T21:49:14","guid":{"rendered":"https:\/\/www.hml-fetish.de\/shop\/?post_type=product&#038;p=6753"},"modified":"2023-06-12T13:07:27","modified_gmt":"2023-06-12T11:07:27","slug":"leder-oberhemd","status":"publish","type":"product","link":"https:\/\/www.hml-fetish.de\/shop\/leder-oberhemd\/","title":{"rendered":"Leder Oberhemd"},"content":{"rendered":"<p>Das Lederhemd im Schnitt eines Jeanshemds: weich gegerbtes schwarzes Rindnappa mit vernickelten Druckkn\u00f6pfen, leger fallend und schwerer als Du es von einem Oberhemd m\u00f6glicherweise erwartest. Hier als Kurzarm- oder Langarm-Hemd erh\u00e4ltlich. In verschiedenen Konfektionsgr\u00f6\u00dfen so lange der Vorrat reicht.<\/p>\n<p><img decoding=\"async\" title=\"Gr\u00f6\u00dfentabelle\" src=\"\/GIF\/size_unisex_up.gif\" alt=\"Gr\u00f6\u00dfentabelle\" width=\"114\" height=\"194\" border=\"0\" \/><\/p>\n","protected":false},"excerpt":{"rendered":"<h4>Leder Oberhemd<\/h4>\n<p>Das Lederhemd im Schnitt eines Jeanshemds: weich gegerbtes schwarzes Rindnappa mit vernickelten Druckkn\u00f6pfen, leger fallend und schwerer als Du es von einem Oberhemd m\u00f6glicherweise erwartest. Hier als Kurzarm- oder Langarm-Hemd erh\u00e4ltlich. In verschiedenen Konfektionsgr\u00f6\u00dfen so lange der Vorrat reicht.<\/p>\n","protected":false},"featured_media":22442,"comment_status":"open","ping_status":"closed","template":"","meta":[],"product_brand":[],"product_cat":[161,108],"product_tag":[],"class_list":{"0":"post-6753","1":"product","2":"type-product","3":"status-publish","4":"has-post-thumbnail","6":"product_cat-hemden-westen","7":"product_cat-restposten-einzelstuecke","8":"product_shipping_class-paket","10":"first","11":"instock","12":"sale","13":"taxable","14":"shipping-taxable","15":"purchasable","16":"product-type-variable"},"_links":{"self":[{"href":"https:\/\/www.hml-fetish.de\/shop\/wp-json\/wp\/v2\/product\/6753","targetHints":{"allow":["GET"]}}],"collection":[{"href":"https:\/\/www.hml-fetish.de\/shop\/wp-json\/wp\/v2\/product"}],"about":[{"href":"https:\/\/www.hml-fetish.de\/shop\/wp-json\/wp\/v2\/types\/product"}],"replies":[{"embeddable":true,"href":"https:\/\/www.hml-fetish.de\/shop\/wp-json\/wp\/v2\/comments?post=6753"}],"version-history":[{"count":0,"href":"https:\/\/www.hml-fetish.de\/shop\/wp-json\/wp\/v2\/product\/6753\/revisions"}],"wp:featuredmedia":[{"embeddable":true,"href":"https:\/\/www.hml-fetish.de\/shop\/wp-json\/wp\/v2\/media\/22442"}],"wp:attachment":[{"href":"https:\/\/www.hml-fetish.de\/shop\/wp-json\/wp\/v2\/media?parent=6753"}],"wp:term":[{"taxonomy":"product_brand","embeddable":true,"href":"https:\/\/www.hml-fetish.de\/shop\/wp-json\/wp\/v2\/product_brand?post=6753"},{"taxonomy":"product_cat","embeddable":true,"href":"https:\/\/www.hml-fetish.de\/shop\/wp-json\/wp\/v2\/product_cat?post=6753"},{"taxonomy":"product_tag","embeddable":true,"href":"https:\/\/www.hml-fetish.de\/shop\/wp-json\/wp\/v2\/product_tag?post=6753"}],"curies":[{"name":"wp","href":"https:\/\/api.w.org\/{rel}","templated":true}]}}