{"id":6750,"date":"2022-01-23T22:49:13","date_gmt":"2022-01-23T21:49:13","guid":{"rendered":"https:\/\/www.hml-fetish.de\/shop\/?post_type=product&#038;p=6750"},"modified":"2022-10-27T18:11:24","modified_gmt":"2022-10-27T16:11:24","slug":"hundeleine-mak","status":"publish","type":"product","link":"https:\/\/www.hml-fetish.de\/shop\/hundeleine-mak\/","title":{"rendered":"Hundeleine MAK"},"content":{"rendered":"<p><P>Die passende Hundeleine zum Halsband MAK. Wird einfach mit einem Karabiner in den D-Ring des Halsbandes geklickt und Dein Partner wei\u00df, wo er hingeh\u00f6rt! Feines, umgebugtes und sauber vern\u00e4htes Rindleder. Diese exklusive Leine ist 2 cm breit und etwa 1 Meter lang.<\/P><\/p>\n","protected":false},"excerpt":{"rendered":"<h4>Hundeleine MAK<\/h4>\n<p><P>Die passende Hundeleine zum Halsband MAK. Wird einfach mit einem Karabiner in den D-Ring des Halsbandes geklickt und Dein Partner wei\u00df, wo er hingeh\u00f6rt! Feines, umgebugtes und sauber vern\u00e4htes Rindleder. 2 cm breit und etwa 1 Meter lang.<\/P><\/p>\n","protected":false},"featured_media":22525,"comment_status":"open","ping_status":"closed","template":"","meta":[],"product_brand":[],"product_cat":[151,145,143],"product_tag":[4398],"class_list":{"0":"post-6750","1":"product","2":"type-product","3":"status-publish","4":"has-post-thumbnail","6":"product_cat-accessoires-2","7":"product_cat-halsbaender","8":"product_cat-petplay","9":"product_tag-hml-fetish-original","10":"product_shipping_class-brief","12":"first","13":"instock","14":"taxable","15":"shipping-taxable","16":"purchasable","17":"product-type-simple"},"_links":{"self":[{"href":"https:\/\/www.hml-fetish.de\/shop\/wp-json\/wp\/v2\/product\/6750","targetHints":{"allow":["GET"]}}],"collection":[{"href":"https:\/\/www.hml-fetish.de\/shop\/wp-json\/wp\/v2\/product"}],"about":[{"href":"https:\/\/www.hml-fetish.de\/shop\/wp-json\/wp\/v2\/types\/product"}],"replies":[{"embeddable":true,"href":"https:\/\/www.hml-fetish.de\/shop\/wp-json\/wp\/v2\/comments?post=6750"}],"version-history":[{"count":0,"href":"https:\/\/www.hml-fetish.de\/shop\/wp-json\/wp\/v2\/product\/6750\/revisions"}],"wp:featuredmedia":[{"embeddable":true,"href":"https:\/\/www.hml-fetish.de\/shop\/wp-json\/wp\/v2\/media\/22525"}],"wp:attachment":[{"href":"https:\/\/www.hml-fetish.de\/shop\/wp-json\/wp\/v2\/media?parent=6750"}],"wp:term":[{"taxonomy":"product_brand","embeddable":true,"href":"https:\/\/www.hml-fetish.de\/shop\/wp-json\/wp\/v2\/product_brand?post=6750"},{"taxonomy":"product_cat","embeddable":true,"href":"https:\/\/www.hml-fetish.de\/shop\/wp-json\/wp\/v2\/product_cat?post=6750"},{"taxonomy":"product_tag","embeddable":true,"href":"https:\/\/www.hml-fetish.de\/shop\/wp-json\/wp\/v2\/product_tag?post=6750"}],"curies":[{"name":"wp","href":"https:\/\/api.w.org\/{rel}","templated":true}]}}