{"id":6748,"date":"2022-01-23T22:49:13","date_gmt":"2022-01-23T21:49:13","guid":{"rendered":"https:\/\/www.hml-fetish.de\/shop\/?post_type=product&#038;p=6748"},"modified":"2022-06-26T12:45:29","modified_gmt":"2022-06-26T10:45:29","slug":"bondage-kragen","status":"publish","type":"product","link":"https:\/\/www.hml-fetish.de\/shop\/bondage-kragen\/","title":{"rendered":"Bondage-Kragen"},"content":{"rendered":"<p><P>75 mm breit, mit einem aufgesetzten Gurt und drei darin eingearbeiteten fetten Stahlschlaufen. Mit der aufgesetzten Schnalle kann es sehr eng angelegt werden. In den Gr\u00f6\u00dfen S bis 3XL. Dieses extra breite Bondage Halsband ist durch seine Breite nur f\u00fcr wirklich devote Personen geeignet. Es umschlie\u00dft den Hals wie ein Korsett und fixiert ihn gleichzeitig. Damit ist es unm\u00f6glich, seine Rolle auch nur f\u00fcr einen Moment zu vergessen. Ein wirklich enger Kragen, deshalb im Zweifel lieber eine Nummer gr\u00f6\u00dfer bestellen!<br \/>\n<BR><img decoding=\"async\" src=\"\/GIF\/size_HB.gif\" alt=\"Gr\u00f6\u00dfentabelle\" title=\"Gr\u00f6\u00dfentabelle\" border=\"0\" height=\"177\" width=\"119\"><\/P><\/p>\n","protected":false},"excerpt":{"rendered":"<h4>Bondage-Kragen<\/h4>\n<p><P>75 mm breit, mit einem aufgesetzten Gurt und drei darin eingearbeiteten fetten Stahlschlaufen. Mit der aufgesetzten Schnalle kann es sehr eng angelegt werden. In den Gr\u00f6\u00dfen S bis 3XL. Dieses extra breite Halsband ist durch seine Breite nur f\u00fcr wirklich devote Personen geeignet. Es umschlie\u00dft den Hals wie ein Korsett und fixiert ihn gleichzeitig.<\/P><\/p>\n","protected":false},"featured_media":22563,"comment_status":"open","ping_status":"closed","template":"","meta":[],"product_brand":[],"product_cat":[163,137,132,145],"product_tag":[4398],"class_list":{"0":"post-6748","1":"product","2":"type-product","3":"status-publish","4":"has-post-thumbnail","6":"product_cat-lederfesseln","7":"product_cat-bondage","8":"product_cat-dungeon","9":"product_cat-halsbaender","10":"product_tag-hml-fetish-original","11":"product_shipping_class-paket","13":"first","14":"instock","15":"taxable","16":"shipping-taxable","17":"purchasable","18":"product-type-variable"},"_links":{"self":[{"href":"https:\/\/www.hml-fetish.de\/shop\/wp-json\/wp\/v2\/product\/6748","targetHints":{"allow":["GET"]}}],"collection":[{"href":"https:\/\/www.hml-fetish.de\/shop\/wp-json\/wp\/v2\/product"}],"about":[{"href":"https:\/\/www.hml-fetish.de\/shop\/wp-json\/wp\/v2\/types\/product"}],"replies":[{"embeddable":true,"href":"https:\/\/www.hml-fetish.de\/shop\/wp-json\/wp\/v2\/comments?post=6748"}],"version-history":[{"count":0,"href":"https:\/\/www.hml-fetish.de\/shop\/wp-json\/wp\/v2\/product\/6748\/revisions"}],"wp:featuredmedia":[{"embeddable":true,"href":"https:\/\/www.hml-fetish.de\/shop\/wp-json\/wp\/v2\/media\/22563"}],"wp:attachment":[{"href":"https:\/\/www.hml-fetish.de\/shop\/wp-json\/wp\/v2\/media?parent=6748"}],"wp:term":[{"taxonomy":"product_brand","embeddable":true,"href":"https:\/\/www.hml-fetish.de\/shop\/wp-json\/wp\/v2\/product_brand?post=6748"},{"taxonomy":"product_cat","embeddable":true,"href":"https:\/\/www.hml-fetish.de\/shop\/wp-json\/wp\/v2\/product_cat?post=6748"},{"taxonomy":"product_tag","embeddable":true,"href":"https:\/\/www.hml-fetish.de\/shop\/wp-json\/wp\/v2\/product_tag?post=6748"}],"curies":[{"name":"wp","href":"https:\/\/api.w.org\/{rel}","templated":true}]}}