{"id":6745,"date":"2022-01-23T22:49:12","date_gmt":"2022-01-23T21:49:12","guid":{"rendered":"https:\/\/www.hml-fetish.de\/shop\/?post_type=product&#038;p=6745"},"modified":"2022-12-06T13:39:26","modified_gmt":"2022-12-06T12:39:26","slug":"leder-kletthalsband","status":"publish","type":"product","link":"https:\/\/www.hml-fetish.de\/shop\/leder-kletthalsband\/","title":{"rendered":"Leder-Kletthalsband"},"content":{"rendered":"<p><P>So definieren wir Sicherheit: ein 4 cm breites Halsband aus weichem Leder, das mit superstarkem Klettband geschlossen wird. Besonders geil ist, da\u00df es <B>komplett gen\u00e4ht<\/B> ist und bis auf den D-Ring keinerlei Metall enth\u00e4lt! Die stabilen N\u00e4hte halten au\u00dferdem fester als jede Niete! Dies ist die etwas l\u00e4ngere und breitere Version (Gesamtl\u00e4nge 55 cm). Dieses Halsband aus Leder ist \u00fcber etwa 15 cm verstellbar.<\/P><\/p>\n","protected":false},"excerpt":{"rendered":"<h4>Leder-Kletthalsband<\/h4>\n<p><P>So definieren wir Sicherheit: ein 4 cm breites Halsband aus weichem Leder, das mit superstarkem Klettband geschlossen wird. Besonders geil ist, da\u00df es <B>komplett gen\u00e4ht<\/B> ist und bis auf den D-Ring keinerlei Metall enth\u00e4lt! Die stabilen N\u00e4hte halten au\u00dferdem fester als jede Niete!<\/P><\/p>\n","protected":false},"featured_media":22692,"comment_status":"open","ping_status":"closed","template":"","meta":[],"product_brand":[],"product_cat":[155,95,145,163],"product_tag":[4398],"class_list":{"0":"post-6745","1":"product","2":"type-product","3":"status-publish","4":"has-post-thumbnail","6":"product_cat-guertel-gurte-2","7":"product_cat-bestseller","8":"product_cat-halsbaender","9":"product_cat-lederfesseln","10":"product_tag-hml-fetish-original","11":"product_shipping_class-brief","13":"first","14":"instock","15":"taxable","16":"shipping-taxable","17":"purchasable","18":"product-type-simple"},"_links":{"self":[{"href":"https:\/\/www.hml-fetish.de\/shop\/wp-json\/wp\/v2\/product\/6745","targetHints":{"allow":["GET"]}}],"collection":[{"href":"https:\/\/www.hml-fetish.de\/shop\/wp-json\/wp\/v2\/product"}],"about":[{"href":"https:\/\/www.hml-fetish.de\/shop\/wp-json\/wp\/v2\/types\/product"}],"replies":[{"embeddable":true,"href":"https:\/\/www.hml-fetish.de\/shop\/wp-json\/wp\/v2\/comments?post=6745"}],"version-history":[{"count":0,"href":"https:\/\/www.hml-fetish.de\/shop\/wp-json\/wp\/v2\/product\/6745\/revisions"}],"wp:featuredmedia":[{"embeddable":true,"href":"https:\/\/www.hml-fetish.de\/shop\/wp-json\/wp\/v2\/media\/22692"}],"wp:attachment":[{"href":"https:\/\/www.hml-fetish.de\/shop\/wp-json\/wp\/v2\/media?parent=6745"}],"wp:term":[{"taxonomy":"product_brand","embeddable":true,"href":"https:\/\/www.hml-fetish.de\/shop\/wp-json\/wp\/v2\/product_brand?post=6745"},{"taxonomy":"product_cat","embeddable":true,"href":"https:\/\/www.hml-fetish.de\/shop\/wp-json\/wp\/v2\/product_cat?post=6745"},{"taxonomy":"product_tag","embeddable":true,"href":"https:\/\/www.hml-fetish.de\/shop\/wp-json\/wp\/v2\/product_tag?post=6745"}],"curies":[{"name":"wp","href":"https:\/\/api.w.org\/{rel}","templated":true}]}}