{"id":6744,"date":"2022-01-23T22:49:11","date_gmt":"2022-01-23T21:49:11","guid":{"rendered":"https:\/\/www.hml-fetish.de\/shop\/?post_type=product&#038;p=6744"},"modified":"2022-12-06T13:41:07","modified_gmt":"2022-12-06T12:41:07","slug":"leder-halsband-mit-schnalle","status":"publish","type":"product","link":"https:\/\/www.hml-fetish.de\/shop\/leder-halsband-mit-schnalle\/","title":{"rendered":"Leder-Halsband mit Schnalle"},"content":{"rendered":"<p><P>Glattes schwarzes Rindnappaleder, rundum abgesteppt, macht unsere Halsb\u00e4nder zugleich sehr stabil und geschmeidig. Mit einer aufgesetzten Stahlschlaufe als F\u00fchrungsring. In den Gr\u00f6\u00dfen S bis 3XL sowie in den Breiten 40 mm und 50 mm ( 50 mm f\u00fcr 10 &euro; Aufpreis). Das preiswerte Einsteigermodell ins Sklavendasein.<br \/>\n<BR><img decoding=\"async\" src=\"\/GIF\/size_HB.gif\" alt=\"Gr\u00f6\u00dfentabelle\" title=\"Gr\u00f6\u00dfentabelle\" border=\"0\" height=\"177\" width=\"119\"><\/P><\/p>\n","protected":false},"excerpt":{"rendered":"<h4>Leder-Halsband mit Schnalle<\/h4>\n<p><P>Glattes schwarzes Rindnappaleder, rundum abgesteppt, macht unsere Halsb\u00e4nder zugleich sehr stabil und geschmeidig. Mit einer aufgesetzten Stahlschlaufe als F\u00fchrungsring. In den Gr\u00f6\u00dfen S bis 3XL sowie in den Breiten 40 mm und 50 mm ( 50 mm f\u00fcr 10 &euro; Aufpreis).<\/P><\/p>\n","protected":false},"featured_media":22758,"comment_status":"open","ping_status":"closed","template":"","meta":[],"product_brand":[],"product_cat":[156,95,145,163],"product_tag":[4398],"class_list":{"0":"post-6744","1":"product","2":"type-product","3":"status-publish","4":"has-post-thumbnail","6":"product_cat-harnesse","7":"product_cat-bestseller","8":"product_cat-halsbaender","9":"product_cat-lederfesseln","10":"product_tag-hml-fetish-original","11":"product_shipping_class-brief","13":"first","14":"instock","15":"taxable","16":"shipping-taxable","17":"purchasable","18":"product-type-variable"},"_links":{"self":[{"href":"https:\/\/www.hml-fetish.de\/shop\/wp-json\/wp\/v2\/product\/6744","targetHints":{"allow":["GET"]}}],"collection":[{"href":"https:\/\/www.hml-fetish.de\/shop\/wp-json\/wp\/v2\/product"}],"about":[{"href":"https:\/\/www.hml-fetish.de\/shop\/wp-json\/wp\/v2\/types\/product"}],"replies":[{"embeddable":true,"href":"https:\/\/www.hml-fetish.de\/shop\/wp-json\/wp\/v2\/comments?post=6744"}],"version-history":[{"count":0,"href":"https:\/\/www.hml-fetish.de\/shop\/wp-json\/wp\/v2\/product\/6744\/revisions"}],"wp:featuredmedia":[{"embeddable":true,"href":"https:\/\/www.hml-fetish.de\/shop\/wp-json\/wp\/v2\/media\/22758"}],"wp:attachment":[{"href":"https:\/\/www.hml-fetish.de\/shop\/wp-json\/wp\/v2\/media?parent=6744"}],"wp:term":[{"taxonomy":"product_brand","embeddable":true,"href":"https:\/\/www.hml-fetish.de\/shop\/wp-json\/wp\/v2\/product_brand?post=6744"},{"taxonomy":"product_cat","embeddable":true,"href":"https:\/\/www.hml-fetish.de\/shop\/wp-json\/wp\/v2\/product_cat?post=6744"},{"taxonomy":"product_tag","embeddable":true,"href":"https:\/\/www.hml-fetish.de\/shop\/wp-json\/wp\/v2\/product_tag?post=6744"}],"curies":[{"name":"wp","href":"https:\/\/api.w.org\/{rel}","templated":true}]}}