{"id":6734,"date":"2022-01-23T22:48:50","date_gmt":"2022-01-23T21:48:50","guid":{"rendered":"https:\/\/www.hml-fetish.de\/shop\/?post_type=product&#038;p=6734"},"modified":"2025-01-15T15:14:37","modified_gmt":"2025-01-15T14:14:37","slug":"leder-fessel-harness","status":"publish","type":"product","link":"https:\/\/www.hml-fetish.de\/shop\/leder-fessel-harness\/","title":{"rendered":"Leder Fessel-Harness"},"content":{"rendered":"<p><P>Nur ein echter bottom tr\u00e4gt diesen Spezial Bondage Harness. Eine Session in diesem Harness, und Du wei\u00dft was Qualit\u00e4tsarbeit ist. Da gibt&#8217;s nur solide Vernietung. Du hast Handfesseln dabei? Noch besser! Daf\u00fcr gibt&#8217;s 4,0 cm breite Gurte, ein fettes Halsband und starke, verschwei\u00dfte D-Ringe an den richtigen Stellen. Die Handfesseln sind schon eingeh\u00e4ngt? Dann hast Du keine Chance gegen Deinen Kerl. Gib lieber gleich auf! Wahlweise zwei oder drei Schrittb\u00e4nder zum Tragen (inklusive).<br \/>\n<BR><img decoding=\"async\" src=\"\/GIF\/size_unisex_up.gif\" alt=\"Gr\u00f6\u00dfentabelle\" title=\"Gr\u00f6\u00dfentabelle\" border=\"0\" height=\"194\" width=\"114\"><\/P><br \/>\n<P><B>Produktsicherheit:<\/B><BR><br \/>\nAllergiehinweis: Material Rindleder, Metallteile mit Hautkontakt sind rost- und nickelfrei<BR><br \/>\nVerantwortliche Person<BR><br \/>\nHML, Inhaber Dr. Detlef Moller<BR><br \/>\nNeukirchstra\u00dfe 18<BR><br \/>\n28215 Bremen<BR><br \/>\nDeutschland<BR><br \/>\ninfo@hml-fetish.de<\/P><\/p>\n","protected":false},"excerpt":{"rendered":"<h4>Leder Fessel-Harness<\/h4>\n<p><P>Nur ein echter bottom tr\u00e4gt diesen Spezial Bondage-Harness. Eine Session in diesem Harness, und Du wei\u00dft was Qualit\u00e4tsarbeit ist. Da gibt&#8217;s nur solide Vernietung. Du hast Handfesseln dabei? Noch besser! Daf\u00fcr gibt&#8217;s 4,0 cm breite Gurte, ein fettes Halsband und starke, verschwei\u00dfte D-Ringe an den richtigen Stellen.<\/P><\/p>\n","protected":false},"featured_media":23142,"comment_status":"open","ping_status":"closed","template":"","meta":[],"product_brand":[],"product_cat":[156,137,132],"product_tag":[4398],"class_list":{"0":"post-6734","1":"product","2":"type-product","3":"status-publish","4":"has-post-thumbnail","6":"product_cat-harnesse","7":"product_cat-bondage","8":"product_cat-dungeon","9":"product_tag-hml-fetish-original","10":"product_shipping_class-paket","12":"first","13":"instock","14":"taxable","15":"shipping-taxable","16":"purchasable","17":"product-type-variable"},"_links":{"self":[{"href":"https:\/\/www.hml-fetish.de\/shop\/wp-json\/wp\/v2\/product\/6734","targetHints":{"allow":["GET"]}}],"collection":[{"href":"https:\/\/www.hml-fetish.de\/shop\/wp-json\/wp\/v2\/product"}],"about":[{"href":"https:\/\/www.hml-fetish.de\/shop\/wp-json\/wp\/v2\/types\/product"}],"replies":[{"embeddable":true,"href":"https:\/\/www.hml-fetish.de\/shop\/wp-json\/wp\/v2\/comments?post=6734"}],"version-history":[{"count":0,"href":"https:\/\/www.hml-fetish.de\/shop\/wp-json\/wp\/v2\/product\/6734\/revisions"}],"wp:featuredmedia":[{"embeddable":true,"href":"https:\/\/www.hml-fetish.de\/shop\/wp-json\/wp\/v2\/media\/23142"}],"wp:attachment":[{"href":"https:\/\/www.hml-fetish.de\/shop\/wp-json\/wp\/v2\/media?parent=6734"}],"wp:term":[{"taxonomy":"product_brand","embeddable":true,"href":"https:\/\/www.hml-fetish.de\/shop\/wp-json\/wp\/v2\/product_brand?post=6734"},{"taxonomy":"product_cat","embeddable":true,"href":"https:\/\/www.hml-fetish.de\/shop\/wp-json\/wp\/v2\/product_cat?post=6734"},{"taxonomy":"product_tag","embeddable":true,"href":"https:\/\/www.hml-fetish.de\/shop\/wp-json\/wp\/v2\/product_tag?post=6734"}],"curies":[{"name":"wp","href":"https:\/\/api.w.org\/{rel}","templated":true}]}}