{"id":6732,"date":"2022-01-23T22:48:49","date_gmt":"2022-01-23T21:48:49","guid":{"rendered":"https:\/\/www.hml-fetish.de\/shop\/?post_type=product&#038;p=6732"},"modified":"2025-01-23T14:07:26","modified_gmt":"2025-01-23T13:07:26","slug":"leder-schulter-harness","status":"publish","type":"product","link":"https:\/\/www.hml-fetish.de\/shop\/leder-schulter-harness\/","title":{"rendered":"Leder Schulter-Harness"},"content":{"rendered":"<p><P>An diesen Gurten tragen Cops ihre Waffen. Der Vorteil f\u00fcr sie ist, da\u00df man sie unter einem Jackett nicht sehen kann. Der Vorteil f\u00fcr Dich ist: Tr\u00e4gst Du sie \u00fcber Deinem Shirt oder auf nacktem Oberk\u00f6rper, machen sie breite Schultern und Du siehst besonders kerlig aus. Geh doch mal als Bad Boy mit unserem Schulter-Harness!<\/P><br \/>\n<P>Die Gurte sind 4 cm breit und mehrfach mit (rost- und nickelfreien) Druckkn\u00f6pfen verstellbar.<br \/>\n<BR><img decoding=\"async\" src=\"\/GIF\/size_unisex_up.gif\" alt=\"Gr\u00f6\u00dfentabelle\" title=\"Gr\u00f6\u00dfentabelle\" border=\"0\" height=\"194\" width=\"114\"><\/P><br \/>\n<P><B>Produktsicherheit:<\/B><BR><br \/>\nAllergiehinweis: Material Rindleder, Metallteile mit Hautkontakt sind rost- und nickelfrei<BR><br \/>\nVerantwortliche Person<BR><br \/>\nHML, Inhaber Dr. Detlef Moller<BR><br \/>\nNeukirchstra\u00dfe 18<BR><br \/>\n28215 Bremen<BR><br \/>\nDeutschland<BR><br \/>\ninfo@hml-fetish.de<\/P><\/p>\n","protected":false},"excerpt":{"rendered":"<h4>Leder Schulter-Harness<\/h4>\n<p><P>An diesen Gurten tragen Cops ihre Waffen. Der Vorteil f\u00fcr sie ist, da\u00df man sie unter einem Jackett nicht sehen kann. Der Vorteil f\u00fcr Dich ist: Tr\u00e4gst Du sie \u00fcber Deinem Shirt oder auf nacktem Oberk\u00f6rper, machen sie breite Schultern und Du siehst besonders kerlig aus. Geh doch mal als Bad Boy mit unserem Leder Schulter-Harness!<\/P><\/p>\n","protected":false},"featured_media":23218,"comment_status":"open","ping_status":"closed","template":"","meta":[],"product_brand":[],"product_cat":[155,95,148],"product_tag":[4398],"class_list":{"0":"post-6732","1":"product","2":"type-product","3":"status-publish","4":"has-post-thumbnail","6":"product_cat-guertel-gurte-2","7":"product_cat-bestseller","8":"product_cat-guertel-gurte","9":"product_tag-hml-fetish-original","10":"product_shipping_class-paket","12":"first","13":"instock","14":"taxable","15":"shipping-taxable","16":"purchasable","17":"product-type-variable"},"_links":{"self":[{"href":"https:\/\/www.hml-fetish.de\/shop\/wp-json\/wp\/v2\/product\/6732","targetHints":{"allow":["GET"]}}],"collection":[{"href":"https:\/\/www.hml-fetish.de\/shop\/wp-json\/wp\/v2\/product"}],"about":[{"href":"https:\/\/www.hml-fetish.de\/shop\/wp-json\/wp\/v2\/types\/product"}],"replies":[{"embeddable":true,"href":"https:\/\/www.hml-fetish.de\/shop\/wp-json\/wp\/v2\/comments?post=6732"}],"version-history":[{"count":0,"href":"https:\/\/www.hml-fetish.de\/shop\/wp-json\/wp\/v2\/product\/6732\/revisions"}],"wp:featuredmedia":[{"embeddable":true,"href":"https:\/\/www.hml-fetish.de\/shop\/wp-json\/wp\/v2\/media\/23218"}],"wp:attachment":[{"href":"https:\/\/www.hml-fetish.de\/shop\/wp-json\/wp\/v2\/media?parent=6732"}],"wp:term":[{"taxonomy":"product_brand","embeddable":true,"href":"https:\/\/www.hml-fetish.de\/shop\/wp-json\/wp\/v2\/product_brand?post=6732"},{"taxonomy":"product_cat","embeddable":true,"href":"https:\/\/www.hml-fetish.de\/shop\/wp-json\/wp\/v2\/product_cat?post=6732"},{"taxonomy":"product_tag","embeddable":true,"href":"https:\/\/www.hml-fetish.de\/shop\/wp-json\/wp\/v2\/product_tag?post=6732"}],"curies":[{"name":"wp","href":"https:\/\/api.w.org\/{rel}","templated":true}]}}