{"id":6731,"date":"2022-01-23T22:48:49","date_gmt":"2022-01-23T21:48:49","guid":{"rendered":"https:\/\/www.hml-fetish.de\/shop\/?post_type=product&#038;p=6731"},"modified":"2025-03-21T18:12:15","modified_gmt":"2025-03-21T17:12:15","slug":"leder-schultergurt","status":"publish","type":"product","link":"https:\/\/www.hml-fetish.de\/shop\/leder-schultergurt\/","title":{"rendered":"Leder Schultergurt"},"content":{"rendered":"<p><P>Diesen Bestseller f\u00fchren wir bereits so lange im Programm, da\u00df bei der Photosession der Farbfilm noch nicht erfunden war! Ein Leder- Schultergurt in der Standard Breite 30 mm oder 40 mm und anpa\u00dfbar f\u00fcr 40-50 mm breite G\u00fcrtel. Aus schwarzem Rindnappaleder handgefertigt, zweilagig und rundum abgesteppt. Nat\u00fcrlich inklusive zwei der patenten G\u00fcrtelschlaufen, die mit Druckkn\u00f6pfen direkt in den G\u00fcrtel eingekn\u00f6pft werden k\u00f6nnen, ohne den G\u00fcrtel vorher aus der Hose ziehen zu m\u00fcssen.<\/P><br \/>\n<P>Dieser Uniform Schulterg\u00fcrtel ist in den Gr\u00f6\u00dfen S bis XL erh\u00e4ltlich, die f\u00fcr eine K\u00f6rperh\u00f6he von ca. 170 cm bis 185 cm mit nicht zuviel Bauch gedacht sind, oder entsprechend kleinere K\u00f6rpergr\u00f6\u00dfe mit Bauch. Der Schultergurt ist in den Gr\u00f6\u00dfen S, M, L und XL erh\u00e4ltlich. Wobei Gr\u00f6\u00dfe S gemessen ab G\u00fcrtel-Unterkante etwa 102 cm bis 114 cm lang ist, M einstellbar von 108 cm bis 120 cm, L von etwa 114 cm bis 126 cm und XL von ca. 120 cm bis 132 cm.<\/P><br \/>\n<P><B>Produktsicherheit:<\/B><BR><br \/>\nAllergiehinweis: Material Rindleder, Metallteile mit Hautkontakt sind rost- und nickelfrei<BR><br \/>\nVerantwortliche Person<BR><br \/>\nHML, Inhaber Dr. Detlef Moller<BR><br \/>\nNeukirchstra\u00dfe 18<BR><br \/>\n28215 Bremen<BR><br \/>\nDeutschland<BR><br \/>\ninfo@hml-fetish.de<\/P><\/p>\n","protected":false},"excerpt":{"rendered":"<h4>Leder Schultergurt<\/h4>\n<p><P>Ein Leder Schultergurt in der Standard Breite 30 mm oder 40 mm und anpa\u00dfbar f\u00fcr 40-50 mm breite G\u00fcrtel. Aus schwarzem Rindnappaleder handgefertigt, zweilagig und rundum abgesteppt. Nat\u00fcrlich inklusive zwei der patenten G\u00fcrtelschlaufen, die mit Druckkn\u00f6pfen direkt in den G\u00fcrtel eingekn\u00f6pft werden k\u00f6nnen, ohne den G\u00fcrtel vorher aus der Hose ziehen zu m\u00fcssen.<\/P><\/p>\n","protected":false},"featured_media":37120,"comment_status":"open","ping_status":"closed","template":"","meta":[],"product_brand":[],"product_cat":[155,95,148],"product_tag":[3290,4398],"class_list":{"0":"post-6731","1":"product","2":"type-product","3":"status-publish","4":"has-post-thumbnail","6":"product_cat-guertel-gurte-2","7":"product_cat-bestseller","8":"product_cat-guertel-gurte","9":"product_tag-bluf-fetisch","10":"product_tag-hml-fetish-original","11":"product_shipping_class-paket","13":"first","14":"instock","15":"taxable","16":"shipping-taxable","17":"purchasable","18":"product-type-variable"},"_links":{"self":[{"href":"https:\/\/www.hml-fetish.de\/shop\/wp-json\/wp\/v2\/product\/6731","targetHints":{"allow":["GET"]}}],"collection":[{"href":"https:\/\/www.hml-fetish.de\/shop\/wp-json\/wp\/v2\/product"}],"about":[{"href":"https:\/\/www.hml-fetish.de\/shop\/wp-json\/wp\/v2\/types\/product"}],"replies":[{"embeddable":true,"href":"https:\/\/www.hml-fetish.de\/shop\/wp-json\/wp\/v2\/comments?post=6731"}],"version-history":[{"count":0,"href":"https:\/\/www.hml-fetish.de\/shop\/wp-json\/wp\/v2\/product\/6731\/revisions"}],"wp:featuredmedia":[{"embeddable":true,"href":"https:\/\/www.hml-fetish.de\/shop\/wp-json\/wp\/v2\/media\/37120"}],"wp:attachment":[{"href":"https:\/\/www.hml-fetish.de\/shop\/wp-json\/wp\/v2\/media?parent=6731"}],"wp:term":[{"taxonomy":"product_brand","embeddable":true,"href":"https:\/\/www.hml-fetish.de\/shop\/wp-json\/wp\/v2\/product_brand?post=6731"},{"taxonomy":"product_cat","embeddable":true,"href":"https:\/\/www.hml-fetish.de\/shop\/wp-json\/wp\/v2\/product_cat?post=6731"},{"taxonomy":"product_tag","embeddable":true,"href":"https:\/\/www.hml-fetish.de\/shop\/wp-json\/wp\/v2\/product_tag?post=6731"}],"curies":[{"name":"wp","href":"https:\/\/api.w.org\/{rel}","templated":true}]}}