{"id":6729,"date":"2022-01-23T22:48:49","date_gmt":"2022-01-23T21:48:49","guid":{"rendered":"https:\/\/www.hml-fetish.de\/shop\/?post_type=product&#038;p=6729"},"modified":"2025-01-15T13:48:36","modified_gmt":"2025-01-15T12:48:36","slug":"top-harness-mit-druckknoepfen","status":"publish","type":"product","link":"https:\/\/www.hml-fetish.de\/shop\/top-harness-mit-druckknoepfen\/","title":{"rendered":"Top-Harness mit Druckkn\u00f6pfen"},"content":{"rendered":"<p><P>Ein Oberk\u00f6rper Harness mit 3 cm oder 4 cm breiten Ledergurten aus Rind-Nappa. Die Gurte sind etwa 2,6 mm dick und durch das gew\u00e4hlte Material und unsere Verarbeitungstechnik besonders langlebig. Auf der Brust und im R\u00fccken sind sie mit schweren Nirosta Stahlringen verbunden.<\/P><br \/>\n<P>Die Druckkn\u00f6pfe sind hochgl\u00e4nzend und nickelfrei. Die Gr\u00f6\u00dfen sind \u00fcber einen weiten Bereich einstellbar. Durch seine Schlichtheit wirkt dieser exklusive Harness sehr dezent.<br \/>\n<BR><img decoding=\"async\" src=\"\/GIF\/size_unisex_up.gif\" alt=\"Gr\u00f6\u00dfentabelle\" title=\"Gr\u00f6\u00dfentabelle\" border=\"0\" height=\"194\" width=\"114\"><\/P><br \/>\n<P><B>Produktsicherheit:<\/B><BR><br \/>\nAllergiehinweis: Material Rindleder, Metallteile mit Hautkontakt sind rost- und nickelfrei<BR><br \/>\nVerantwortliche Person<BR><br \/>\nHML, Inhaber Dr. Detlef Moller<BR><br \/>\nNeukirchstra\u00dfe 18<BR><br \/>\n28215 Bremen<BR><br \/>\nDeutschland<BR><br \/>\ninfo@hml-fetish.de<\/P><\/p>\n","protected":false},"excerpt":{"rendered":"<h4>Top-Harness mit Druckkn\u00f6pfen<\/h4>\n<p><P>Ein Oberk\u00f6rper-Harness mit 3 cm oder 4 cm breiten Ledergurten aus Rind-Nappa. Die Gurte sind etwa 2,6 mm dick und durch das gew\u00e4hlte Material und unsere Verarbeitungstechnik besonders langlebig. Auf der Brust und im R\u00fccken sind sie mit Stahlringen verbunden. Alle Metallteile sind hochgl\u00e4nzend vernickelt.<\/P><\/p>\n","protected":false},"featured_media":23339,"comment_status":"open","ping_status":"closed","template":"","meta":[],"product_brand":[],"product_cat":[156,116],"product_tag":[4398],"class_list":{"0":"post-6729","1":"product","2":"type-product","3":"status-publish","4":"has-post-thumbnail","6":"product_cat-harnesse","7":"product_cat-shirts-tops","8":"product_tag-hml-fetish-original","9":"product_shipping_class-paket","11":"first","12":"instock","13":"taxable","14":"shipping-taxable","15":"purchasable","16":"product-type-variable"},"_links":{"self":[{"href":"https:\/\/www.hml-fetish.de\/shop\/wp-json\/wp\/v2\/product\/6729","targetHints":{"allow":["GET"]}}],"collection":[{"href":"https:\/\/www.hml-fetish.de\/shop\/wp-json\/wp\/v2\/product"}],"about":[{"href":"https:\/\/www.hml-fetish.de\/shop\/wp-json\/wp\/v2\/types\/product"}],"replies":[{"embeddable":true,"href":"https:\/\/www.hml-fetish.de\/shop\/wp-json\/wp\/v2\/comments?post=6729"}],"version-history":[{"count":0,"href":"https:\/\/www.hml-fetish.de\/shop\/wp-json\/wp\/v2\/product\/6729\/revisions"}],"wp:featuredmedia":[{"embeddable":true,"href":"https:\/\/www.hml-fetish.de\/shop\/wp-json\/wp\/v2\/media\/23339"}],"wp:attachment":[{"href":"https:\/\/www.hml-fetish.de\/shop\/wp-json\/wp\/v2\/media?parent=6729"}],"wp:term":[{"taxonomy":"product_brand","embeddable":true,"href":"https:\/\/www.hml-fetish.de\/shop\/wp-json\/wp\/v2\/product_brand?post=6729"},{"taxonomy":"product_cat","embeddable":true,"href":"https:\/\/www.hml-fetish.de\/shop\/wp-json\/wp\/v2\/product_cat?post=6729"},{"taxonomy":"product_tag","embeddable":true,"href":"https:\/\/www.hml-fetish.de\/shop\/wp-json\/wp\/v2\/product_tag?post=6729"}],"curies":[{"name":"wp","href":"https:\/\/api.w.org\/{rel}","templated":true}]}}